{"id":7518,"date":"2024-02-08T18:45:21","date_gmt":"2024-02-08T17:45:21","guid":{"rendered":"https:\/\/www.bynaldis-shop.com\/?post_type=product&#038;p=7518"},"modified":"2025-10-28T11:31:16","modified_gmt":"2025-10-28T10:31:16","slug":"weisser-salbei-derzeit-nicht-auf-lager","status":"publish","type":"product","link":"https:\/\/www.bynaldis-shop.com\/?product=weisser-salbei-derzeit-nicht-auf-lager","title":{"rendered":"R\u00e4ucherst\u00e4bchen Wei\u00dfer Salbei \u2013 Reinigung, Schutz &#038; neue Klarheit"},"content":{"rendered":"<p data-start=\"178\" data-end=\"247\"><strong data-start=\"178\" data-end=\"247\">R\u00e4ucherst\u00e4bchen Wei\u00dfer Salbei \u2013 Reinigung, Schutz &amp; neue Klarheit<\/strong><\/p>\n<p data-start=\"249\" data-end=\"468\"><strong data-start=\"249\" data-end=\"266\">Wei\u00dfer Salbei<\/strong> gilt bei den indigenen V\u00f6lkern Nordamerikas seit jeher als eine der kraftvollsten und heiligsten Pflanzen. Sein Rauch reinigt, kl\u00e4rt und sch\u00fctzt \u2013 auf k\u00f6rperlicher, emotionaler und energetischer Ebene.<\/p>\n<p data-start=\"470\" data-end=\"783\">Beim Verr\u00e4uchern entfaltet er eine <strong data-start=\"505\" data-end=\"540\">lichte, fast sakrale Atmosph\u00e4re<\/strong>, die uns hilft, Altes loszulassen, Fremdenergien zu verabschieden und ganz zu uns selbst zur\u00fcckzufinden. Ein wertvoller Begleiter bei <strong data-start=\"675\" data-end=\"735\">Meditationen, Ritualen oder nach belastenden Situationen<\/strong> wie Streit, Stress, Krankheit oder einem Umzug.<\/p>\n<p data-start=\"785\" data-end=\"997\">Unsere <strong data-start=\"792\" data-end=\"847\">R\u00e4ucherst\u00e4bchen aus 100\u202f% naturreinem wei\u00dfen Salbei<\/strong> wurden mit gr\u00f6\u00dfter Sorgfalt und hohem Salbeianteil entwickelt \u2013 f\u00fcr eine kraftvolle, klare Wirkung, die auch Einsteiger*innen leicht anwenden k\u00f6nnen.<\/p>\n<p data-start=\"999\" data-end=\"1193\">\ud83c\udf3f 100\u202f% naturrein \u2013 mit hohem Anteil an wei\u00dfem Salbei<br data-start=\"1053\" data-end=\"1056\" \/>\u2728 Energetische Reinigung &amp; Schutz<br data-start=\"1089\" data-end=\"1092\" \/>\ud83d\ude4f Ideal f\u00fcr Rituale, Meditationen und Raumkl\u00e4rung<br data-start=\"1142\" data-end=\"1145\" \/>\ud83d\udc9b Kl\u00e4rt das Bewusstsein &amp; \u00f6ffnet Herz und Geist<\/p>\n<p data-start=\"1195\" data-end=\"1291\"><strong data-start=\"1195\" data-end=\"1291\">Ein Licht in Rauchform \u2013 f\u00fcr R\u00e4ume voller Klarheit und f\u00fcr Seelen, die sich erinnern wollen.<\/strong><\/p>\n<p data-start=\"1195\" data-end=\"1291\">Neben diesen R\u00e4ucherst\u00e4bchen gibt es bei uns noch viele weitere wundersch\u00f6ne D\u00fcfte. Einzeln oder in praktischen Packungen, die darauf warten, von dir entdeckt zu werden. Von sanft blumig bis warm und erdig ist f\u00fcr jeden Moment das Passende dabei. Und damit dein R\u00e4uchererlebnis vollkommen wird, findest du bei uns auch liebevoll gestaltete R\u00e4ucherst\u00e4bchenhalter. Ob f\u00fcr dich selbst oder als besonderes Geschenk f\u00fcr einen lieben Menschen. Unsere R\u00e4ucherst\u00e4bchen bringen Freude und Wohlgef\u00fchl in jeden Raum.<\/p>\n","protected":false},"excerpt":{"rendered":"<p>R\u00e4ucherst\u00e4bchen Wei\u00dfer Salbei \u2013 Reinigung, Schutz &amp; neue Klarheit Wei\u00dfer Salbei gilt bei den indigenen V\u00f6lkern Nordamerikas seit jeher als eine der kraftvollsten und heiligsten Pflanzen. Sein Rauch reinigt, kl\u00e4rt und sch\u00fctzt \u2013 auf k\u00f6rperlicher, emotionaler und energetischer Ebene. Beim Verr\u00e4uchern entfaltet er eine lichte, fast sakrale Atmosph\u00e4re, die uns hilft, Altes loszulassen, Fremdenergien zu [&hellip;]<\/p>\n<p><a class=\"read-more\" href=\"https:\/\/www.bynaldis-shop.com\/?product=weisser-salbei-derzeit-nicht-auf-lager\">Mehr lesen<span class=\"meta-nav\">&rarr;<\/span><\/a><\/p>\n","protected":false},"featured_media":7519,"template":"","meta":[],"product_brand":[],"product_cat":[248,250],"product_tag":[],"class_list":{"0":"post-7518","1":"product","2":"type-product","3":"status-publish","4":"has-post-thumbnail","6":"product_cat-salbei-zubehoer","7":"product_cat-packung","9":"first","10":"instock","11":"taxable","12":"shipping-taxable","13":"purchasable","14":"product-type-simple"},"_links":{"self":[{"href":"https:\/\/www.bynaldis-shop.com\/index.php?rest_route=\/wp\/v2\/product\/7518","targetHints":{"allow":["GET"]}}],"collection":[{"href":"https:\/\/www.bynaldis-shop.com\/index.php?rest_route=\/wp\/v2\/product"}],"about":[{"href":"https:\/\/www.bynaldis-shop.com\/index.php?rest_route=\/wp\/v2\/types\/product"}],"wp:featuredmedia":[{"embeddable":true,"href":"https:\/\/www.bynaldis-shop.com\/index.php?rest_route=\/wp\/v2\/media\/7519"}],"wp:attachment":[{"href":"https:\/\/www.bynaldis-shop.com\/index.php?rest_route=%2Fwp%2Fv2%2Fmedia&parent=7518"}],"wp:term":[{"taxonomy":"product_brand","embeddable":true,"href":"https:\/\/www.bynaldis-shop.com\/index.php?rest_route=%2Fwp%2Fv2%2Fproduct_brand&post=7518"},{"taxonomy":"product_cat","embeddable":true,"href":"https:\/\/www.bynaldis-shop.com\/index.php?rest_route=%2Fwp%2Fv2%2Fproduct_cat&post=7518"},{"taxonomy":"product_tag","embeddable":true,"href":"https:\/\/www.bynaldis-shop.com\/index.php?rest_route=%2Fwp%2Fv2%2Fproduct_tag&post=7518"}],"curies":[{"name":"wp","href":"https:\/\/api.w.org\/{rel}","templated":true}]}}