{"id":7516,"date":"2024-02-08T18:43:26","date_gmt":"2024-02-08T17:43:26","guid":{"rendered":"https:\/\/www.bynaldis-shop.com\/?post_type=product&#038;p=7516"},"modified":"2025-10-21T16:19:14","modified_gmt":"2025-10-21T14:19:14","slug":"zirbenholz","status":"publish","type":"product","link":"https:\/\/www.bynaldis-shop.com\/?product=zirbenholz","title":{"rendered":"R\u00e4ucherst\u00e4bchen Zirbenholz \u2013 Die Kraft der Alpen f\u00fcr dein Zuhause"},"content":{"rendered":"<p data-start=\"169\" data-end=\"238\"><strong data-start=\"169\" data-end=\"238\">R\u00e4ucherst\u00e4bchen Zirbenholz \u2013 Die Kraft der Alpen f\u00fcr dein Zuhause<\/strong><\/p>\n<p data-start=\"240\" data-end=\"472\">Die <strong data-start=\"244\" data-end=\"253\">Zirbe<\/strong>, auch ehrf\u00fcrchtig \u201eK\u00f6nigin der Alpen\u201c genannt, geh\u00f6rt zu den \u00e4ltesten und kraftvollsten Baumarten unserer Erde. Hoch oben in den Gebirgen trotzt sie Wind und Wetter \u2013 und schenkt uns ihre heilsame, beruhigende Energie.<\/p>\n<p data-start=\"474\" data-end=\"748\">Unsere <strong data-start=\"481\" data-end=\"522\">R\u00e4ucherst\u00e4bchen mit echtem Zirbenholz<\/strong> tragen diese Kraft in sich: Sie verstr\u00f6men einen warm-holzigen Duft, der K\u00f6rper, Geist und Seele gleicherma\u00dfen anspricht. <strong data-start=\"645\" data-end=\"695\">Reich an \u00e4therischen \u00d6len und nat\u00fcrlichem Harz<\/strong>, wirkt die Zirbe kl\u00e4rend, ausgleichend und st\u00e4rkend.<\/p>\n<p data-start=\"750\" data-end=\"981\">\u2728 Unterst\u00fctzt innere Klarheit &amp; geistige Frische<br data-start=\"798\" data-end=\"801\" \/>\ud83d\ude0c F\u00f6rdert Entspannung und tiefen, erholsamen Schlaf<br data-start=\"853\" data-end=\"856\" \/>\ud83c\udf3f Reinigt R\u00e4ume energetisch &amp; neutralisiert Ger\u00fcche<br data-start=\"908\" data-end=\"911\" \/>\ud83d\udc1e Nat\u00fcrlich gegen Insekten &amp; Motten \u2013 auch im Kleiderschrank n\u00fctzlich<\/p>\n<p data-start=\"983\" data-end=\"1145\">Ob zur Abendentspannung, in Ritualen oder einfach f\u00fcr eine klare, wohltuende Atmosph\u00e4re zu Hause \u2013 die Zirbe ist ein Geschenk der Natur, das uns erdet und st\u00e4rkt.<\/p>\n<p data-start=\"1147\" data-end=\"1215\"><strong data-start=\"1147\" data-end=\"1215\">Ein Hauch alpiner Weisheit \u2013 f\u00fcr R\u00e4ume voller Ruhe und Klarheit.<\/strong><\/p>\n<p data-start=\"1147\" data-end=\"1215\">Neben diesen R\u00e4ucherst\u00e4bchen gibt es bei uns noch viele weitere wundersch\u00f6ne D\u00fcfte. Einzeln oder in praktischen Packungen, die darauf warten, von dir entdeckt zu werden. Von sanft blumig bis warm und erdig ist f\u00fcr jeden Moment das Passende dabei. Und damit dein R\u00e4uchererlebnis vollkommen wird, findest du bei uns auch liebevoll gestaltete R\u00e4ucherst\u00e4bchenhalter. Ob f\u00fcr dich selbst oder als besonderes Geschenk f\u00fcr einen lieben Menschen. Unsere R\u00e4ucherst\u00e4bchen bringen Freude und Wohlgef\u00fchl in jeden Raum.<\/p>\n","protected":false},"excerpt":{"rendered":"<p>R\u00e4ucherst\u00e4bchen Zirbenholz \u2013 Die Kraft der Alpen f\u00fcr dein Zuhause Die Zirbe, auch ehrf\u00fcrchtig \u201eK\u00f6nigin der Alpen\u201c genannt, geh\u00f6rt zu den \u00e4ltesten und kraftvollsten Baumarten unserer Erde. Hoch oben in den Gebirgen trotzt sie Wind und Wetter \u2013 und schenkt uns ihre heilsame, beruhigende Energie. Unsere R\u00e4ucherst\u00e4bchen mit echtem Zirbenholz tragen diese Kraft in sich: [&hellip;]<\/p>\n<p><a class=\"read-more\" href=\"https:\/\/www.bynaldis-shop.com\/?product=zirbenholz\">Mehr lesen<span class=\"meta-nav\">&rarr;<\/span><\/a><\/p>\n","protected":false},"featured_media":7517,"template":"","meta":[],"product_brand":[],"product_cat":[250],"product_tag":[],"class_list":{"0":"post-7516","1":"product","2":"type-product","3":"status-publish","4":"has-post-thumbnail","6":"product_cat-packung","8":"first","9":"instock","10":"taxable","11":"shipping-taxable","12":"purchasable","13":"product-type-simple"},"_links":{"self":[{"href":"https:\/\/www.bynaldis-shop.com\/index.php?rest_route=\/wp\/v2\/product\/7516","targetHints":{"allow":["GET"]}}],"collection":[{"href":"https:\/\/www.bynaldis-shop.com\/index.php?rest_route=\/wp\/v2\/product"}],"about":[{"href":"https:\/\/www.bynaldis-shop.com\/index.php?rest_route=\/wp\/v2\/types\/product"}],"wp:featuredmedia":[{"embeddable":true,"href":"https:\/\/www.bynaldis-shop.com\/index.php?rest_route=\/wp\/v2\/media\/7517"}],"wp:attachment":[{"href":"https:\/\/www.bynaldis-shop.com\/index.php?rest_route=%2Fwp%2Fv2%2Fmedia&parent=7516"}],"wp:term":[{"taxonomy":"product_brand","embeddable":true,"href":"https:\/\/www.bynaldis-shop.com\/index.php?rest_route=%2Fwp%2Fv2%2Fproduct_brand&post=7516"},{"taxonomy":"product_cat","embeddable":true,"href":"https:\/\/www.bynaldis-shop.com\/index.php?rest_route=%2Fwp%2Fv2%2Fproduct_cat&post=7516"},{"taxonomy":"product_tag","embeddable":true,"href":"https:\/\/www.bynaldis-shop.com\/index.php?rest_route=%2Fwp%2Fv2%2Fproduct_tag&post=7516"}],"curies":[{"name":"wp","href":"https:\/\/api.w.org\/{rel}","templated":true}]}}