{"id":7514,"date":"2024-02-08T18:37:36","date_gmt":"2024-02-08T17:37:36","guid":{"rendered":"https:\/\/www.bynaldis-shop.com\/?post_type=product&#038;p=7514"},"modified":"2025-10-28T11:30:53","modified_gmt":"2025-10-28T10:30:53","slug":"guter-schlaf","status":"publish","type":"product","link":"https:\/\/www.bynaldis-shop.com\/?product=guter-schlaf","title":{"rendered":"R\u00e4ucherst\u00e4bchen \u201eGuter Schlaf\u201c \u2013 Sanft gebettet in duftender Ruhe"},"content":{"rendered":"<p data-start=\"189\" data-end=\"258\"><strong data-start=\"189\" data-end=\"258\">R\u00e4ucherst\u00e4bchen \u201eGuter Schlaf\u201c \u2013 Sanft gebettet in duftender Ruhe<\/strong><\/p>\n<p data-start=\"260\" data-end=\"503\">In Zeiten innerer Unruhe und \u00fcbervoller Gedanken wird erholsamer Schlaf immer kostbarer. Unsere <strong data-start=\"356\" data-end=\"390\">R\u00e4ucherst\u00e4bchen \u201eGuter Schlaf\u201c<\/strong> sind eine liebevolle Einladung, am Abend loszulassen, zur Ruhe zu kommen und entspannt ins Traumland zu gleiten.<\/p>\n<p data-start=\"505\" data-end=\"698\">Nach der gro\u00dfen Nachfrage zu unserer R\u00e4uchermischung \u201eDurchschlafen\u201c haben wir diesen beruhigenden Duft als St\u00e4bchenform entwickelt \u2013 praktisch in der Anwendung, tief wirksam in der Atmosph\u00e4re.<\/p>\n<p data-start=\"700\" data-end=\"1011\">Die <strong data-start=\"704\" data-end=\"718\">Maidalnuss<\/strong> \u2013 auch bekannt als <strong data-start=\"738\" data-end=\"752\">Schlafnuss<\/strong> aus dem Himalaya \u2013 bildet die wohltuende Basis. In fein gemahlener Form eingebettet in die R\u00e4uchermasse entfaltet sie in Verbindung mit <strong data-start=\"889\" data-end=\"901\">Lavendel<\/strong> und <strong data-start=\"906\" data-end=\"929\">balsamischer Myrrhe<\/strong> eine sanfte, \u00e4therische Wolke, die K\u00f6rper und Geist liebevoll zur Ruhe begleitet.<\/p>\n<p data-start=\"1013\" data-end=\"1197\">\ud83d\udca4 Ideal zur Abendentspannung &amp; vor dem Zubettgehen<br data-start=\"1064\" data-end=\"1067\" \/>\ud83c\udf3f Mit Maidalnuss, Lavendel &amp; Myrrhe \u2013 100\u202f% nat\u00fcrlich<br data-start=\"1121\" data-end=\"1124\" \/>\ud83d\ude4f F\u00fcr Rituale, Ausklang &amp; guten Schlaf<br data-start=\"1163\" data-end=\"1166\" \/>\ud83c\udf19 Beruhigend. Sanft. Tr\u00f6stend.<\/p>\n<p data-start=\"1199\" data-end=\"1283\"><strong data-start=\"1199\" data-end=\"1283\">Ein Duft, der dich sanft umh\u00fcllt \u2013 und dich daran erinnert: Du darfst loslassen.<\/strong><\/p>\n<p data-start=\"1199\" data-end=\"1283\">Neben diesen R\u00e4ucherst\u00e4bchen gibt es bei uns noch viele weitere wundersch\u00f6ne D\u00fcfte. Einzeln oder in praktischen Packungen, die darauf warten, von dir entdeckt zu werden. Von sanft blumig bis warm und erdig ist f\u00fcr jeden Moment das Passende dabei. Und damit dein R\u00e4uchererlebnis vollkommen wird, findest du bei uns auch liebevoll gestaltete R\u00e4ucherst\u00e4bchenhalter. Ob f\u00fcr dich selbst oder als besonderes Geschenk f\u00fcr einen lieben Menschen. Unsere R\u00e4ucherst\u00e4bchen bringen Freude und Wohlgef\u00fchl in jeden Raum.<\/p>\n<p data-start=\"1199\" data-end=\"1283\">\n","protected":false},"excerpt":{"rendered":"<p>R\u00e4ucherst\u00e4bchen \u201eGuter Schlaf\u201c \u2013 Sanft gebettet in duftender Ruhe In Zeiten innerer Unruhe und \u00fcbervoller Gedanken wird erholsamer Schlaf immer kostbarer. Unsere R\u00e4ucherst\u00e4bchen \u201eGuter Schlaf\u201c sind eine liebevolle Einladung, am Abend loszulassen, zur Ruhe zu kommen und entspannt ins Traumland zu gleiten. Nach der gro\u00dfen Nachfrage zu unserer R\u00e4uchermischung \u201eDurchschlafen\u201c haben wir diesen beruhigenden Duft [&hellip;]<\/p>\n<p><a class=\"read-more\" href=\"https:\/\/www.bynaldis-shop.com\/?product=guter-schlaf\">Mehr lesen<span class=\"meta-nav\">&rarr;<\/span><\/a><\/p>\n","protected":false},"featured_media":7515,"template":"","meta":[],"product_brand":[],"product_cat":[250],"product_tag":[],"class_list":{"0":"post-7514","1":"product","2":"type-product","3":"status-publish","4":"has-post-thumbnail","6":"product_cat-packung","8":"first","9":"instock","10":"taxable","11":"shipping-taxable","12":"purchasable","13":"product-type-simple"},"_links":{"self":[{"href":"https:\/\/www.bynaldis-shop.com\/index.php?rest_route=\/wp\/v2\/product\/7514","targetHints":{"allow":["GET"]}}],"collection":[{"href":"https:\/\/www.bynaldis-shop.com\/index.php?rest_route=\/wp\/v2\/product"}],"about":[{"href":"https:\/\/www.bynaldis-shop.com\/index.php?rest_route=\/wp\/v2\/types\/product"}],"wp:featuredmedia":[{"embeddable":true,"href":"https:\/\/www.bynaldis-shop.com\/index.php?rest_route=\/wp\/v2\/media\/7515"}],"wp:attachment":[{"href":"https:\/\/www.bynaldis-shop.com\/index.php?rest_route=%2Fwp%2Fv2%2Fmedia&parent=7514"}],"wp:term":[{"taxonomy":"product_brand","embeddable":true,"href":"https:\/\/www.bynaldis-shop.com\/index.php?rest_route=%2Fwp%2Fv2%2Fproduct_brand&post=7514"},{"taxonomy":"product_cat","embeddable":true,"href":"https:\/\/www.bynaldis-shop.com\/index.php?rest_route=%2Fwp%2Fv2%2Fproduct_cat&post=7514"},{"taxonomy":"product_tag","embeddable":true,"href":"https:\/\/www.bynaldis-shop.com\/index.php?rest_route=%2Fwp%2Fv2%2Fproduct_tag&post=7514"}],"curies":[{"name":"wp","href":"https:\/\/api.w.org\/{rel}","templated":true}]}}