{"id":7402,"date":"2024-01-20T15:29:01","date_gmt":"2024-01-20T14:29:01","guid":{"rendered":"https:\/\/www.bynaldis-shop.com\/?post_type=product&#038;p=7402"},"modified":"2026-04-26T20:44:52","modified_gmt":"2026-04-26T18:44:52","slug":"bester-opa","status":"publish","type":"product","link":"https:\/\/www.bynaldis-shop.com\/?product=bester-opa","title":{"rendered":"Keramiktasse \u201eBester Opa\u201c \u2013 Ein gro\u00dfes Dankesch\u00f6n in Tassenform"},"content":{"rendered":"<p data-start=\"163\" data-end=\"230\"><strong data-start=\"163\" data-end=\"230\">Keramiktasse \u201eBester Opa\u201c \u2013 Ein gro\u00dfes Dankesch\u00f6n in Tassenform<\/strong><\/p>\n<p data-start=\"232\" data-end=\"441\">Er erz\u00e4hlt die besten Geschichten, hilft mit Rat und Herz \u2013 und hat einfach einen festen Platz im Leben:<br data-start=\"336\" data-end=\"339\" \/>Diese Tasse sagt ganz einfach und auf den Punkt:<br data-start=\"387\" data-end=\"390\" \/><strong data-start=\"390\" data-end=\"406\">\u201eBester Opa\u201c<\/strong> \u2013 ehrlich, liebevoll und verdient.<\/p>\n<p data-start=\"443\" data-end=\"657\">Die edle <strong data-start=\"452\" data-end=\"499\">wei\u00dfe Keramiktasse mit schwarzer Aufschrift<\/strong> ist ein wunderbares Geschenk f\u00fcr Geburtstage, Weihnachten oder einfach, um zwischendurch Danke zu sagen. Sie erinnert jeden Tag daran, wie besonders Opa ist.<\/p>\n<p data-start=\"826\" data-end=\"952\">\ud83d\udccf <strong data-start=\"829\" data-end=\"838\">Ma\u00dfe:<\/strong> 8 \u00d7 12 \u00d7 10,5\u202fcm<br data-start=\"855\" data-end=\"858\" \/>\u2615 <strong data-start=\"860\" data-end=\"885\">Sp\u00fclmaschinengeeignet<\/strong> &amp; <strong data-start=\"888\" data-end=\"911\">mikrowellengeeignet<\/strong><\/p>\n<p data-start=\"826\" data-end=\"952\"><br data-start=\"911\" data-end=\"914\" \/><strong data-start=\"954\" data-end=\"1029\">F\u00fcr den besten Opa der Welt \u2013 ein Lieblingsst\u00fcck f\u00fcr Lieblingsmenschen.<\/strong><\/p>\n","protected":false},"excerpt":{"rendered":"<p>Keramiktasse \u201eBester Opa\u201c \u2013 Ein gro\u00dfes Dankesch\u00f6n in Tassenform Er erz\u00e4hlt die besten Geschichten, hilft mit Rat und Herz \u2013 und hat einfach einen festen Platz im Leben:Diese Tasse sagt ganz einfach und auf den Punkt:\u201eBester Opa\u201c \u2013 ehrlich, liebevoll und verdient. Die edle wei\u00dfe Keramiktasse mit schwarzer Aufschrift ist ein wunderbares Geschenk f\u00fcr Geburtstage, [&hellip;]<\/p>\n<p><a class=\"read-more\" href=\"https:\/\/www.bynaldis-shop.com\/?product=bester-opa\">Mehr lesen<span class=\"meta-nav\">&rarr;<\/span><\/a><\/p>\n","protected":false},"featured_media":10302,"template":"","meta":[],"product_brand":[],"product_cat":[358,271],"product_tag":[],"class_list":{"0":"post-7402","1":"product","2":"type-product","3":"status-publish","4":"has-post-thumbnail","6":"product_cat-wohl-fuehl-geschirr","7":"product_cat-zubehoer-tee-und-zubehoer","9":"first","10":"instock","11":"taxable","12":"shipping-taxable","13":"purchasable","14":"product-type-simple"},"_links":{"self":[{"href":"https:\/\/www.bynaldis-shop.com\/index.php?rest_route=\/wp\/v2\/product\/7402","targetHints":{"allow":["GET"]}}],"collection":[{"href":"https:\/\/www.bynaldis-shop.com\/index.php?rest_route=\/wp\/v2\/product"}],"about":[{"href":"https:\/\/www.bynaldis-shop.com\/index.php?rest_route=\/wp\/v2\/types\/product"}],"wp:featuredmedia":[{"embeddable":true,"href":"https:\/\/www.bynaldis-shop.com\/index.php?rest_route=\/wp\/v2\/media\/10302"}],"wp:attachment":[{"href":"https:\/\/www.bynaldis-shop.com\/index.php?rest_route=%2Fwp%2Fv2%2Fmedia&parent=7402"}],"wp:term":[{"taxonomy":"product_brand","embeddable":true,"href":"https:\/\/www.bynaldis-shop.com\/index.php?rest_route=%2Fwp%2Fv2%2Fproduct_brand&post=7402"},{"taxonomy":"product_cat","embeddable":true,"href":"https:\/\/www.bynaldis-shop.com\/index.php?rest_route=%2Fwp%2Fv2%2Fproduct_cat&post=7402"},{"taxonomy":"product_tag","embeddable":true,"href":"https:\/\/www.bynaldis-shop.com\/index.php?rest_route=%2Fwp%2Fv2%2Fproduct_tag&post=7402"}],"curies":[{"name":"wp","href":"https:\/\/api.w.org\/{rel}","templated":true}]}}