{"id":7393,"date":"2024-01-20T15:16:35","date_gmt":"2024-01-20T14:16:35","guid":{"rendered":"https:\/\/www.bynaldis-shop.com\/?post_type=product&#038;p=7393"},"modified":"2026-04-26T20:45:22","modified_gmt":"2026-04-26T18:45:22","slug":"tasse-tollster-papa","status":"publish","type":"product","link":"https:\/\/www.bynaldis-shop.com\/?product=tasse-tollster-papa","title":{"rendered":"Keramiktasse \u201eTollster Papa\u201c \u2013 Eine Tasse voller Wertsch\u00e4tzung"},"content":{"rendered":"<p data-start=\"188\" data-end=\"254\"><strong data-start=\"188\" data-end=\"254\">Keramiktasse \u201eTollster Papa\u201c \u2013 Eine Tasse voller Wertsch\u00e4tzung<\/strong><\/p>\n<p data-start=\"256\" data-end=\"475\">Manchmal fehlen die Worte \u2013 aber diese Tasse spricht f\u00fcr sich:<br data-start=\"318\" data-end=\"321\" \/><strong data-start=\"321\" data-end=\"340\">\u201eTollster Papa\u201c<\/strong> steht in klarer, schwarzer Schrift auf hochwertiger, wei\u00dfer Keramik und bringt auf den Punkt, was wir oft f\u00fchlen, aber selten sagen.<\/p>\n<p data-start=\"477\" data-end=\"690\">Eine besondere Tasse f\u00fcr einen besonderen Menschen \u2013 als liebevolles Geschenk f\u00fcr Geburtstage, Vatertag oder einfach mal zwischendurch. Gerade f\u00fcr die Papas, bei denen es sonst schwerf\u00e4llt, das Richtige zu finden.<\/p>\n<p data-start=\"859\" data-end=\"1014\">\ud83d\udccf <strong data-start=\"862\" data-end=\"871\">Ma\u00dfe:<\/strong> 8 \u00d7 12 \u00d7 10,5\u202fcm<br data-start=\"888\" data-end=\"891\" \/>\u2615 <strong data-start=\"893\" data-end=\"918\">Sp\u00fclmaschinengeeignet<\/strong> &amp; <strong data-start=\"921\" data-end=\"944\">mikrowellengeeignet<\/strong><\/p>\n<p data-start=\"859\" data-end=\"1014\"><br data-start=\"944\" data-end=\"947\" \/><strong data-start=\"1016\" data-end=\"1095\">Eine einfache Geste \u2013 mit gro\u00dfer Bedeutung. F\u00fcr den tollsten Papa der Welt.<\/strong><\/p>\n","protected":false},"excerpt":{"rendered":"<p>Keramiktasse \u201eTollster Papa\u201c \u2013 Eine Tasse voller Wertsch\u00e4tzung Manchmal fehlen die Worte \u2013 aber diese Tasse spricht f\u00fcr sich:\u201eTollster Papa\u201c steht in klarer, schwarzer Schrift auf hochwertiger, wei\u00dfer Keramik und bringt auf den Punkt, was wir oft f\u00fchlen, aber selten sagen. Eine besondere Tasse f\u00fcr einen besonderen Menschen \u2013 als liebevolles Geschenk f\u00fcr Geburtstage, Vatertag [&hellip;]<\/p>\n<p><a class=\"read-more\" href=\"https:\/\/www.bynaldis-shop.com\/?product=tasse-tollster-papa\">Mehr lesen<span class=\"meta-nav\">&rarr;<\/span><\/a><\/p>\n","protected":false},"featured_media":7394,"template":"","meta":[],"product_brand":[],"product_cat":[358,271],"product_tag":[],"class_list":{"0":"post-7393","1":"product","2":"type-product","3":"status-publish","4":"has-post-thumbnail","6":"product_cat-wohl-fuehl-geschirr","7":"product_cat-zubehoer-tee-und-zubehoer","9":"first","10":"instock","11":"taxable","12":"shipping-taxable","13":"purchasable","14":"product-type-simple"},"_links":{"self":[{"href":"https:\/\/www.bynaldis-shop.com\/index.php?rest_route=\/wp\/v2\/product\/7393","targetHints":{"allow":["GET"]}}],"collection":[{"href":"https:\/\/www.bynaldis-shop.com\/index.php?rest_route=\/wp\/v2\/product"}],"about":[{"href":"https:\/\/www.bynaldis-shop.com\/index.php?rest_route=\/wp\/v2\/types\/product"}],"wp:featuredmedia":[{"embeddable":true,"href":"https:\/\/www.bynaldis-shop.com\/index.php?rest_route=\/wp\/v2\/media\/7394"}],"wp:attachment":[{"href":"https:\/\/www.bynaldis-shop.com\/index.php?rest_route=%2Fwp%2Fv2%2Fmedia&parent=7393"}],"wp:term":[{"taxonomy":"product_brand","embeddable":true,"href":"https:\/\/www.bynaldis-shop.com\/index.php?rest_route=%2Fwp%2Fv2%2Fproduct_brand&post=7393"},{"taxonomy":"product_cat","embeddable":true,"href":"https:\/\/www.bynaldis-shop.com\/index.php?rest_route=%2Fwp%2Fv2%2Fproduct_cat&post=7393"},{"taxonomy":"product_tag","embeddable":true,"href":"https:\/\/www.bynaldis-shop.com\/index.php?rest_route=%2Fwp%2Fv2%2Fproduct_tag&post=7393"}],"curies":[{"name":"wp","href":"https:\/\/api.w.org\/{rel}","templated":true}]}}