{"id":7385,"date":"2024-01-09T19:56:23","date_gmt":"2024-01-09T18:56:23","guid":{"rendered":"https:\/\/www.bynaldis-shop.com\/?post_type=product&#038;p=7385"},"modified":"2026-04-26T20:45:40","modified_gmt":"2026-04-26T18:45:40","slug":"tasse-schoen-dass-du-da-bist","status":"publish","type":"product","link":"https:\/\/www.bynaldis-shop.com\/?product=tasse-schoen-dass-du-da-bist","title":{"rendered":"Keramiktasse \u201eSch\u00f6n, dass du da bist\u201c \u2013 Ein warmer Gru\u00df zum Ankommen"},"content":{"rendered":"<p data-start=\"198\" data-end=\"270\"><strong data-start=\"198\" data-end=\"270\">Keramiktasse \u201eSch\u00f6n, dass du da bist\u201c \u2013 Ein warmer Gru\u00df zum Ankommen<\/strong><\/p>\n<p data-start=\"272\" data-end=\"505\">Manchmal reichen ein paar Worte, um jemandem den Tag zu versch\u00f6nern.<br data-start=\"340\" data-end=\"343\" \/><strong data-start=\"343\" data-end=\"371\">\u201eSch\u00f6n, dass du da bist\u201c<\/strong> \u2013 diese liebevolle Botschaft ziert die edle <strong data-start=\"416\" data-end=\"449\">Keramiktasse in Gold und Wei\u00df<\/strong> mit matter Oberfl\u00e4che und sagt mehr als tausend Gesten.<\/p>\n<p data-start=\"507\" data-end=\"681\">Ob f\u00fcr G\u00e4ste, Kolleg<em data-start=\"527\" data-end=\"542\">innen, Freund<\/em>innen oder dich selbst: Diese Tasse ist eine Einladung zum Wohlf\u00fchlen, Ankommen und Genie\u00dfen. Ein kleines Alltagsritual mit gro\u00dfer Wirkung.<\/p>\n<p data-start=\"683\" data-end=\"927\">\u2615 <strong data-start=\"685\" data-end=\"699\">F\u00fcllmenge:<\/strong> 300\u202fml \u2013 ideal f\u00fcr Kaffee, Tee oder Kakao<br data-start=\"741\" data-end=\"744\" \/>\ud83c\udf1f <strong data-start=\"747\" data-end=\"758\">Design:<\/strong> Goldene Schrift auf matter, wei\u00dfer Keramik \u2013 schlicht &amp; edel<br data-start=\"819\" data-end=\"822\" \/>\ud83d\udc9b <strong data-start=\"825\" data-end=\"842\">Besonderheit:<\/strong> Nicht sp\u00fclmaschinengeeignet \u2013 bitte von Hand sp\u00fclen<br data-start=\"894\" data-end=\"897\" \/>\ud83d\udd25 <strong data-start=\"900\" data-end=\"924\" data-is-only-node=\"\">Mikrowellengeeignet:<\/strong> Ja<\/p>\n<p data-start=\"929\" data-end=\"1006\"><strong data-start=\"929\" data-end=\"1006\">Ein stilles Willkommen in Tassenform \u2013 ehrlich, herzlich und wundersch\u00f6n.<\/strong><\/p>\n","protected":false},"excerpt":{"rendered":"<p>Keramiktasse \u201eSch\u00f6n, dass du da bist\u201c \u2013 Ein warmer Gru\u00df zum Ankommen Manchmal reichen ein paar Worte, um jemandem den Tag zu versch\u00f6nern.\u201eSch\u00f6n, dass du da bist\u201c \u2013 diese liebevolle Botschaft ziert die edle Keramiktasse in Gold und Wei\u00df mit matter Oberfl\u00e4che und sagt mehr als tausend Gesten. Ob f\u00fcr G\u00e4ste, Kolleginnen, Freundinnen oder dich [&hellip;]<\/p>\n<p><a class=\"read-more\" href=\"https:\/\/www.bynaldis-shop.com\/?product=tasse-schoen-dass-du-da-bist\">Mehr lesen<span class=\"meta-nav\">&rarr;<\/span><\/a><\/p>\n","protected":false},"featured_media":7386,"template":"","meta":[],"product_brand":[],"product_cat":[358,271],"product_tag":[],"class_list":{"0":"post-7385","1":"product","2":"type-product","3":"status-publish","4":"has-post-thumbnail","6":"product_cat-wohl-fuehl-geschirr","7":"product_cat-zubehoer-tee-und-zubehoer","9":"first","10":"instock","11":"taxable","12":"shipping-taxable","13":"purchasable","14":"product-type-simple"},"_links":{"self":[{"href":"https:\/\/www.bynaldis-shop.com\/index.php?rest_route=\/wp\/v2\/product\/7385","targetHints":{"allow":["GET"]}}],"collection":[{"href":"https:\/\/www.bynaldis-shop.com\/index.php?rest_route=\/wp\/v2\/product"}],"about":[{"href":"https:\/\/www.bynaldis-shop.com\/index.php?rest_route=\/wp\/v2\/types\/product"}],"wp:featuredmedia":[{"embeddable":true,"href":"https:\/\/www.bynaldis-shop.com\/index.php?rest_route=\/wp\/v2\/media\/7386"}],"wp:attachment":[{"href":"https:\/\/www.bynaldis-shop.com\/index.php?rest_route=%2Fwp%2Fv2%2Fmedia&parent=7385"}],"wp:term":[{"taxonomy":"product_brand","embeddable":true,"href":"https:\/\/www.bynaldis-shop.com\/index.php?rest_route=%2Fwp%2Fv2%2Fproduct_brand&post=7385"},{"taxonomy":"product_cat","embeddable":true,"href":"https:\/\/www.bynaldis-shop.com\/index.php?rest_route=%2Fwp%2Fv2%2Fproduct_cat&post=7385"},{"taxonomy":"product_tag","embeddable":true,"href":"https:\/\/www.bynaldis-shop.com\/index.php?rest_route=%2Fwp%2Fv2%2Fproduct_tag&post=7385"}],"curies":[{"name":"wp","href":"https:\/\/api.w.org\/{rel}","templated":true}]}}