{"id":7342,"date":"2024-01-09T18:32:23","date_gmt":"2024-01-09T17:32:23","guid":{"rendered":"https:\/\/www.bynaldis-shop.com\/?post_type=product&#038;p=7342"},"modified":"2025-10-14T12:16:22","modified_gmt":"2025-10-14T10:16:22","slug":"storch","status":"publish","type":"product","link":"https:\/\/www.bynaldis-shop.com\/?product=storch","title":{"rendered":"Holzkuli-Storch \u2013 Ein gefiederter Bote f\u00fcr neue Anf\u00e4nge"},"content":{"rendered":"<p data-start=\"238\" data-end=\"297\"><strong data-start=\"238\" data-end=\"297\">Holzkuli-Storch \u2013 Ein gefiederter Bote f\u00fcr neue Anf\u00e4nge<\/strong><\/p>\n<p data-start=\"299\" data-end=\"558\">Der Storch gilt seit Jahrhunderten als Symbol f\u00fcr Neubeginn, Gl\u00fcck und das Wunder des Lebens. Mit viel Liebe aus Holz geschnitzt und von Hand bemalt, wird jeder <strong data-start=\"460\" data-end=\"479\">Holzkuli-Storch<\/strong> zu einem kleinen Kunstwerk \u2013 einzigartig, ausdrucksstark und voller Bedeutung.<\/p>\n<p data-start=\"560\" data-end=\"767\">Ob als Geschenk zur Geburt, als stilvoller Begleiter auf neuen Wegen oder als charmantes Schreibaccessoire mit Symbolkraft \u2013 dieser Kuli bringt Leichtigkeit, Hoffnung und ein kleines L\u00e4cheln in jeden Alltag.<\/p>\n<p data-start=\"769\" data-end=\"943\">\ud83d\udd4a\ufe0f Handgefertigt &amp; detailverliebt bemalt \u2013 jedes St\u00fcck ein Unikat<br data-start=\"835\" data-end=\"838\" \/>\ud83d\udd8a\ufe0f Angenehmes Schreibgef\u00fchl trifft auf besondere Botschaft<br data-start=\"897\" data-end=\"900\" \/>\ud83c\udf0d Fairtrade \u2013 mit Herz und Hand produziert<\/p>\n<p data-start=\"945\" data-end=\"1041\"><strong data-start=\"945\" data-end=\"1041\">Ein liebevoller Bote f\u00fcr kleine und gro\u00dfe Neuanf\u00e4nge \u2013 zart, bedeutungsvoll und wundersch\u00f6n.<\/strong><\/p>\n","protected":false},"excerpt":{"rendered":"<p>Holzkuli-Storch \u2013 Ein gefiederter Bote f\u00fcr neue Anf\u00e4nge Der Storch gilt seit Jahrhunderten als Symbol f\u00fcr Neubeginn, Gl\u00fcck und das Wunder des Lebens. Mit viel Liebe aus Holz geschnitzt und von Hand bemalt, wird jeder Holzkuli-Storch zu einem kleinen Kunstwerk \u2013 einzigartig, ausdrucksstark und voller Bedeutung. Ob als Geschenk zur Geburt, als stilvoller Begleiter auf [&hellip;]<\/p>\n<p><a class=\"read-more\" href=\"https:\/\/www.bynaldis-shop.com\/?product=storch\">Mehr lesen<span class=\"meta-nav\">&rarr;<\/span><\/a><\/p>\n","protected":false},"featured_media":7549,"template":"","meta":[],"product_brand":[],"product_cat":[288,245],"product_tag":[],"class_list":{"0":"post-7342","1":"product","2":"type-product","3":"status-publish","4":"has-post-thumbnail","6":"product_cat-alles-fuer-das-kinderherz","7":"product_cat-dies-und-das","9":"first","10":"instock","11":"taxable","12":"shipping-taxable","13":"purchasable","14":"product-type-simple"},"_links":{"self":[{"href":"https:\/\/www.bynaldis-shop.com\/index.php?rest_route=\/wp\/v2\/product\/7342","targetHints":{"allow":["GET"]}}],"collection":[{"href":"https:\/\/www.bynaldis-shop.com\/index.php?rest_route=\/wp\/v2\/product"}],"about":[{"href":"https:\/\/www.bynaldis-shop.com\/index.php?rest_route=\/wp\/v2\/types\/product"}],"wp:featuredmedia":[{"embeddable":true,"href":"https:\/\/www.bynaldis-shop.com\/index.php?rest_route=\/wp\/v2\/media\/7549"}],"wp:attachment":[{"href":"https:\/\/www.bynaldis-shop.com\/index.php?rest_route=%2Fwp%2Fv2%2Fmedia&parent=7342"}],"wp:term":[{"taxonomy":"product_brand","embeddable":true,"href":"https:\/\/www.bynaldis-shop.com\/index.php?rest_route=%2Fwp%2Fv2%2Fproduct_brand&post=7342"},{"taxonomy":"product_cat","embeddable":true,"href":"https:\/\/www.bynaldis-shop.com\/index.php?rest_route=%2Fwp%2Fv2%2Fproduct_cat&post=7342"},{"taxonomy":"product_tag","embeddable":true,"href":"https:\/\/www.bynaldis-shop.com\/index.php?rest_route=%2Fwp%2Fv2%2Fproduct_tag&post=7342"}],"curies":[{"name":"wp","href":"https:\/\/api.w.org\/{rel}","templated":true}]}}