{"id":7339,"date":"2024-01-09T18:31:34","date_gmt":"2024-01-09T17:31:34","guid":{"rendered":"https:\/\/www.bynaldis-shop.com\/?post_type=product&#038;p=7339"},"modified":"2026-05-06T11:28:26","modified_gmt":"2026-05-06T09:28:26","slug":"schildkroete","status":"publish","type":"product","link":"https:\/\/www.bynaldis-shop.com\/?product=schildkroete","title":{"rendered":"Entdecke die Ruhe und Weisheit des Holzkuli-Schildkr\u00f6te \u2013 handgemachte Schreibkunst mit Seele"},"content":{"rendered":"<p data-start=\"245\" data-end=\"343\"><strong data-start=\"245\" data-end=\"343\">Entdecke die Ruhe und Weisheit des Holzkuli-Schildkr\u00f6te \u2013 handgemachte Schreibkunst mit Seele.<\/strong><\/p>\n<p data-start=\"345\" data-end=\"642\">Mit viel Liebe zum Detail aus Holz geschnitzt und von Hand bemalt, wird jede <strong data-start=\"422\" data-end=\"444\">Schildkr\u00f6ten-Kugel<\/strong>schreiber zu einem kleinen Unikat. Die Schildkr\u00f6te steht seit jeher f\u00fcr Geduld, Best\u00e4ndigkeit und innere St\u00e4rke \u2013 Werte, die diesen besonderen Schreibbegleiter zu mehr machen als nur einem Werkzeug.<\/p>\n<p data-start=\"644\" data-end=\"873\">Ob als treuer Alltagsbegleiter, achtsames Geschenk oder symbolisches Mitbringsel \u2013 der <strong data-start=\"731\" data-end=\"755\">Holzkuli-Schildkr\u00f6te<\/strong> erinnert daran, dass es nicht auf Schnelligkeit ankommt, sondern auf den Weg, den wir mit Bewusstsein und Herz gehen.<\/p>\n<p data-start=\"875\" data-end=\"1056\">\ud83d\udc22 Handgefertigt \u2013 jedes St\u00fcck ein liebevolles Unikat<br data-start=\"928\" data-end=\"931\" \/>\u270d\ufe0f Sanfte Schreibqualit\u00e4t trifft auf symbolstarke Gestaltung<br data-start=\"991\" data-end=\"994\" \/>\ud83c\udf0d Fairtrade produziert \u2013 mit Wertsch\u00e4tzung f\u00fcr Mensch &amp; Natur<\/p>\n<p data-start=\"1058\" data-end=\"1140\"><strong data-start=\"1058\" data-end=\"1140\">Ein stiller Begleiter mit gro\u00dfer Bedeutung \u2013 langsam, weise und ganz bei sich.<\/strong><\/p>\n","protected":false},"excerpt":{"rendered":"<p>Entdecke die Ruhe und Weisheit des Holzkuli-Schildkr\u00f6te \u2013 handgemachte Schreibkunst mit Seele. Mit viel Liebe zum Detail aus Holz geschnitzt und von Hand bemalt, wird jede Schildkr\u00f6ten-Kugelschreiber zu einem kleinen Unikat. Die Schildkr\u00f6te steht seit jeher f\u00fcr Geduld, Best\u00e4ndigkeit und innere St\u00e4rke \u2013 Werte, die diesen besonderen Schreibbegleiter zu mehr machen als nur einem Werkzeug. [&hellip;]<\/p>\n<p><a class=\"read-more\" href=\"https:\/\/www.bynaldis-shop.com\/?product=schildkroete\">Mehr lesen<span class=\"meta-nav\">&rarr;<\/span><\/a><\/p>\n","protected":false},"featured_media":7552,"template":"","meta":[],"product_brand":[],"product_cat":[288,245],"product_tag":[],"class_list":{"0":"post-7339","1":"product","2":"type-product","3":"status-publish","4":"has-post-thumbnail","6":"product_cat-alles-fuer-das-kinderherz","7":"product_cat-dies-und-das","9":"first","10":"instock","11":"taxable","12":"shipping-taxable","13":"purchasable","14":"product-type-simple"},"_links":{"self":[{"href":"https:\/\/www.bynaldis-shop.com\/index.php?rest_route=\/wp\/v2\/product\/7339","targetHints":{"allow":["GET"]}}],"collection":[{"href":"https:\/\/www.bynaldis-shop.com\/index.php?rest_route=\/wp\/v2\/product"}],"about":[{"href":"https:\/\/www.bynaldis-shop.com\/index.php?rest_route=\/wp\/v2\/types\/product"}],"wp:featuredmedia":[{"embeddable":true,"href":"https:\/\/www.bynaldis-shop.com\/index.php?rest_route=\/wp\/v2\/media\/7552"}],"wp:attachment":[{"href":"https:\/\/www.bynaldis-shop.com\/index.php?rest_route=%2Fwp%2Fv2%2Fmedia&parent=7339"}],"wp:term":[{"taxonomy":"product_brand","embeddable":true,"href":"https:\/\/www.bynaldis-shop.com\/index.php?rest_route=%2Fwp%2Fv2%2Fproduct_brand&post=7339"},{"taxonomy":"product_cat","embeddable":true,"href":"https:\/\/www.bynaldis-shop.com\/index.php?rest_route=%2Fwp%2Fv2%2Fproduct_cat&post=7339"},{"taxonomy":"product_tag","embeddable":true,"href":"https:\/\/www.bynaldis-shop.com\/index.php?rest_route=%2Fwp%2Fv2%2Fproduct_tag&post=7339"}],"curies":[{"name":"wp","href":"https:\/\/api.w.org\/{rel}","templated":true}]}}