{"id":7297,"date":"2024-01-09T16:08:30","date_gmt":"2024-01-09T15:08:30","guid":{"rendered":"https:\/\/www.bynaldis-shop.com\/?post_type=product&#038;p=7297"},"modified":"2026-01-26T15:09:54","modified_gmt":"2026-01-26T14:09:54","slug":"seelenbaumelgluexort","status":"publish","type":"product","link":"https:\/\/www.bynaldis-shop.com\/?product=seelenbaumelgluexort","title":{"rendered":"Postkarte \u201eSeelenbaumelgl\u00fcxort\u201c \u2013 Ein Ort nur f\u00fcr dich"},"content":{"rendered":"<p data-start=\"226\" data-end=\"284\"><strong data-start=\"226\" data-end=\"284\">Postkarte \u201eSeelenbaumelgl\u00fcxort\u201c \u2013 Ein Ort nur f\u00fcr dich<\/strong><\/p>\n<p data-start=\"286\" data-end=\"599\">Zwischen Alltag, Gedanken und Terminen braucht es manchmal einen Moment, der einfach <em data-start=\"371\" data-end=\"380\">nur ist<\/em> \u2013 ruhig, warm, leicht.<br data-start=\"403\" data-end=\"406\" \/>\u201eSeelenbaumelgl\u00fcxort\u201c ist eine kleine Einladung zum Durchatmen, Tr\u00e4umen, Sein. Eine Karte, die nicht laut ruft, sondern leise fl\u00fcstert:<br data-start=\"545\" data-end=\"548\" \/><em data-start=\"548\" data-end=\"599\">Hier darfst du loslassen. Hier darfst du du sein.<\/em><\/p>\n<p data-start=\"601\" data-end=\"752\">Ob zum Verschenken oder als liebevolle Erinnerung f\u00fcr dich selbst \u2013 diese Karte ist wie ein stilles Pl\u00e4tzchen im Herzen, an dem die Seele baumeln darf.<\/p>\n<ul>\n<li data-start=\"754\" data-end=\"927\">Zartes, achtsames Design voller Gef\u00fchl<\/li>\n<li data-start=\"754\" data-end=\"927\">R\u00fcckseite frei f\u00fcr pers\u00f6nliche Herzensworte<\/li>\n<li data-start=\"754\" data-end=\"927\">Ideal f\u00fcr Selfcare, kleine Pausen oder zum Verschicken von Seelensonnenschein<\/li>\n<\/ul>\n<p data-start=\"929\" data-end=\"1010\">Ein St\u00fcck Gl\u00fcck zum Festhalten \u2013 f\u00fcr deinen ganz pers\u00f6nlichen Seelenbaumelgl\u00fcxort.<\/p>\n<p data-start=\"929\" data-end=\"1010\">Passend zu unseren liebevoll gestalteten Postkarten findest du in unserem Shop auch wundersch\u00f6ne Postkartenhalter aus Holz und Gips. Sie setzen deine Karten elegant in Szene und sorgen daf\u00fcr, dass deine liebsten Botschaften immer gut sichtbar und stilvoll pr\u00e4sentiert werden. Ob auf dem Schreibtisch, im Regal oder auf dem Fensterbrett \u2013 unsere Halter sind kleine Hingucker und machen das Postkartenerlebnis noch besonderer. Entdecke die Vielfalt und gestalte deine pers\u00f6nliche Wohlf\u00fchloase mit Herz!<\/p>\n","protected":false},"excerpt":{"rendered":"<p>Postkarte \u201eSeelenbaumelgl\u00fcxort\u201c \u2013 Ein Ort nur f\u00fcr dich Zwischen Alltag, Gedanken und Terminen braucht es manchmal einen Moment, der einfach nur ist \u2013 ruhig, warm, leicht.\u201eSeelenbaumelgl\u00fcxort\u201c ist eine kleine Einladung zum Durchatmen, Tr\u00e4umen, Sein. Eine Karte, die nicht laut ruft, sondern leise fl\u00fcstert:Hier darfst du loslassen. Hier darfst du du sein. Ob zum Verschenken oder [&hellip;]<\/p>\n<p><a class=\"read-more\" href=\"https:\/\/www.bynaldis-shop.com\/?product=seelenbaumelgluexort\">Mehr lesen<span class=\"meta-nav\">&rarr;<\/span><\/a><\/p>\n","protected":false},"featured_media":7298,"template":"","meta":[],"product_brand":[],"product_cat":[215],"product_tag":[],"class_list":{"0":"post-7297","1":"product","2":"type-product","3":"status-publish","4":"has-post-thumbnail","6":"product_cat-postkarten","8":"first","9":"instock","10":"taxable","11":"shipping-taxable","12":"purchasable","13":"product-type-simple"},"_links":{"self":[{"href":"https:\/\/www.bynaldis-shop.com\/index.php?rest_route=\/wp\/v2\/product\/7297","targetHints":{"allow":["GET"]}}],"collection":[{"href":"https:\/\/www.bynaldis-shop.com\/index.php?rest_route=\/wp\/v2\/product"}],"about":[{"href":"https:\/\/www.bynaldis-shop.com\/index.php?rest_route=\/wp\/v2\/types\/product"}],"wp:featuredmedia":[{"embeddable":true,"href":"https:\/\/www.bynaldis-shop.com\/index.php?rest_route=\/wp\/v2\/media\/7298"}],"wp:attachment":[{"href":"https:\/\/www.bynaldis-shop.com\/index.php?rest_route=%2Fwp%2Fv2%2Fmedia&parent=7297"}],"wp:term":[{"taxonomy":"product_brand","embeddable":true,"href":"https:\/\/www.bynaldis-shop.com\/index.php?rest_route=%2Fwp%2Fv2%2Fproduct_brand&post=7297"},{"taxonomy":"product_cat","embeddable":true,"href":"https:\/\/www.bynaldis-shop.com\/index.php?rest_route=%2Fwp%2Fv2%2Fproduct_cat&post=7297"},{"taxonomy":"product_tag","embeddable":true,"href":"https:\/\/www.bynaldis-shop.com\/index.php?rest_route=%2Fwp%2Fv2%2Fproduct_tag&post=7297"}],"curies":[{"name":"wp","href":"https:\/\/api.w.org\/{rel}","templated":true}]}}