{"id":7192,"date":"2023-10-05T18:45:14","date_gmt":"2023-10-05T16:45:14","guid":{"rendered":"https:\/\/www.bynaldis-shop.com\/?post_type=product&#038;p=7192"},"modified":"2026-05-06T11:28:56","modified_gmt":"2026-05-06T09:28:56","slug":"ein-brief-von-deinem","status":"publish","type":"product","link":"https:\/\/www.bynaldis-shop.com\/?product=ein-brief-von-deinem","title":{"rendered":"Ein Brief von deinem &#8230;.."},"content":{"rendered":"<p>Ein Brief von deinem&#8230;.<\/p>\n<p>so hei\u00dft im Flashmob Oktober unser Package.<\/p>\n<p>Im letzten Jahr haben wir viele Briefe nicht geschafft und in diesem Jahr schreiben wir die Briefe schon im Oktober damit sie alle p\u00fcnktlich als Geschenk zu Weihnachten bei Euch sind.<\/p>\n<p>Du kannst deinen himmlischen Engel w\u00e4hlen. Egal, ob Verstorbene, Engel, Krafttier, Geistf\u00fchrer, Haustiere, Seelengeschwister &#8211; es ist alles m\u00f6glich.\u00a0Und alle die im letzten Jahr zeitlich von uns zu kurz kamen, bestellen gern neu.<\/p>\n<p>Wir freuen uns sehr und lasst Euch diesmal wieder \u00fcberraschen, welche Worte eure himmlischen Engel f\u00fcr Euch haben.\u00a0Jeder Brief ist etwas Einzigartiges, denn Du hast es schriftlich zum immer wieder lesen, was Dein Engel oder&#8230;. Dir mit auf den Weg geben m\u00f6chte.<\/p>\n<p>Bestell gern f\u00fcr dein Kind, deine Eltern, deine Freundin, Mann\/Frau, f\u00fcr dich Selbst und nutze diese M\u00f6glichkeit als absolutes himmlisches Geschenk.\u00a0Du kannst so viele Briefe bestellen wie du m\u00f6chtest.<\/p>\n<p>Und nun lassen wir uns \u00fcberraschen f\u00fcr was Du dich gern entscheidest. Alles Liebe Diana &amp; Ralph<\/p>\n<p>PS: Schreibe bitte in das Betreff-Feld f\u00fcr wen und von wem.<\/p>\n","protected":false},"excerpt":{"rendered":"<p>Ein Brief von deinem&#8230;. so hei\u00dft im Flashmob Oktober unser Package. Im letzten Jahr haben wir viele Briefe nicht geschafft und in diesem Jahr schreiben wir die Briefe schon im Oktober damit sie alle p\u00fcnktlich als Geschenk zu Weihnachten bei Euch sind. Du kannst deinen himmlischen Engel w\u00e4hlen. Egal, ob Verstorbene, Engel, Krafttier, Geistf\u00fchrer, Haustiere, [&hellip;]<\/p>\n<p><a class=\"read-more\" href=\"https:\/\/www.bynaldis-shop.com\/?product=ein-brief-von-deinem\">Mehr lesen<span class=\"meta-nav\">&rarr;<\/span><\/a><\/p>\n","protected":false},"featured_media":7193,"template":"","meta":[],"product_brand":[],"product_cat":[305,15],"product_tag":[],"class_list":{"0":"post-7192","1":"product","2":"type-product","3":"status-publish","4":"has-post-thumbnail","6":"product_cat-seminare","7":"product_cat-unkategorisiert","9":"first","10":"instock","11":"taxable","12":"shipping-taxable","13":"purchasable","14":"product-type-simple"},"_links":{"self":[{"href":"https:\/\/www.bynaldis-shop.com\/index.php?rest_route=\/wp\/v2\/product\/7192","targetHints":{"allow":["GET"]}}],"collection":[{"href":"https:\/\/www.bynaldis-shop.com\/index.php?rest_route=\/wp\/v2\/product"}],"about":[{"href":"https:\/\/www.bynaldis-shop.com\/index.php?rest_route=\/wp\/v2\/types\/product"}],"wp:featuredmedia":[{"embeddable":true,"href":"https:\/\/www.bynaldis-shop.com\/index.php?rest_route=\/wp\/v2\/media\/7193"}],"wp:attachment":[{"href":"https:\/\/www.bynaldis-shop.com\/index.php?rest_route=%2Fwp%2Fv2%2Fmedia&parent=7192"}],"wp:term":[{"taxonomy":"product_brand","embeddable":true,"href":"https:\/\/www.bynaldis-shop.com\/index.php?rest_route=%2Fwp%2Fv2%2Fproduct_brand&post=7192"},{"taxonomy":"product_cat","embeddable":true,"href":"https:\/\/www.bynaldis-shop.com\/index.php?rest_route=%2Fwp%2Fv2%2Fproduct_cat&post=7192"},{"taxonomy":"product_tag","embeddable":true,"href":"https:\/\/www.bynaldis-shop.com\/index.php?rest_route=%2Fwp%2Fv2%2Fproduct_tag&post=7192"}],"curies":[{"name":"wp","href":"https:\/\/api.w.org\/{rel}","templated":true}]}}