{"id":7153,"date":"2023-09-25T14:26:01","date_gmt":"2023-09-25T12:26:01","guid":{"rendered":"https:\/\/www.bynaldis-shop.com\/?post_type=product&#038;p=7153"},"modified":"2025-10-28T11:57:23","modified_gmt":"2025-10-28T10:57:23","slug":"raeucherstaebchenhalter-feder","status":"publish","type":"product","link":"https:\/\/www.bynaldis-shop.com\/?product=raeucherstaebchenhalter-feder","title":{"rendered":"By Naldi\u2019s R\u00e4ucherst\u00e4bchenhalter \u201eFeder\u201c \u2013 Leichtigkeit f\u00fcr deine Rituale"},"content":{"rendered":"<p data-start=\"179\" data-end=\"256\"><strong data-start=\"179\" data-end=\"256\">By Naldi\u2019s R\u00e4ucherst\u00e4bchenhalter \u201eFeder\u201c \u2013 Leichtigkeit f\u00fcr deine Rituale<\/strong><\/p>\n<p data-start=\"258\" data-end=\"582\">Dieser handgefertigte R\u00e4ucherst\u00e4bchenhalter in Form einer zarten <strong data-start=\"323\" data-end=\"332\">Feder<\/strong> bringt Harmonie, Leichtigkeit und einen Hauch von Boho-Charme in dein Zuhause. Aus feinem Gips gegossen und mit Liebe zum Detail gestaltet, ist er nicht nur ein funktionaler Begleiter f\u00fcr deine R\u00e4ucherungen, sondern auch ein stilvolles Deko-Element.<\/p>\n<p data-start=\"584\" data-end=\"730\">Die Feder steht symbolisch f\u00fcr Verbindung, Schutz und die Leichtigkeit des Seins \u2013 ideal f\u00fcr deine Momente der Stille, Achtsamkeit und Meditation.<\/p>\n<p data-start=\"732\" data-end=\"887\">\ud83d\udd4a\ufe0f Aus Gips \u2013 leicht, stabil und mit nat\u00fcrlichem Look<br data-start=\"786\" data-end=\"789\" \/>\ud83c\udf3f Perfekt f\u00fcr klassische R\u00e4ucherst\u00e4bchen<br data-start=\"830\" data-end=\"833\" \/>\u2728 Handmade by Naldi\u2019s \u2013 mit Liebe &amp; Sorgfalt gefertigt<\/p>\n<p data-start=\"889\" data-end=\"1049\">Ob auf deinem Altar, im Wohnzimmer oder als kleines Geschenk \u2013 der <strong data-start=\"956\" data-end=\"1000\">By Naldi\u2019s R\u00e4ucherst\u00e4bchenhalter \u201eFeder\u201c<\/strong> verleiht jedem Raum eine sanfte, ruhige Energie.<\/p>\n<p>ca. 15cm lang und 8 cm breit<\/p>\n<p>PS: Schau gleich im Shop nach den passenden R\u00e4ucherst\u00e4bchen<\/p>\n<p>Und weil ein sch\u00f6ner Halter noch mehr Freude macht mit dem passenden Duft, findest du in unserem Shop eine gro\u00dfe Auswahl an herrlichen R\u00e4ucherst\u00e4bchen \u2013 von sanft blumig bis w\u00fcrzig warm. St\u00f6bere gern ein bisschen, lass dich von den D\u00fcften inspirieren und finde genau die Aromen, die dein Herz ber\u00fchren.<\/p>\n","protected":false},"excerpt":{"rendered":"<p>By Naldi\u2019s R\u00e4ucherst\u00e4bchenhalter \u201eFeder\u201c \u2013 Leichtigkeit f\u00fcr deine Rituale Dieser handgefertigte R\u00e4ucherst\u00e4bchenhalter in Form einer zarten Feder bringt Harmonie, Leichtigkeit und einen Hauch von Boho-Charme in dein Zuhause. Aus feinem Gips gegossen und mit Liebe zum Detail gestaltet, ist er nicht nur ein funktionaler Begleiter f\u00fcr deine R\u00e4ucherungen, sondern auch ein stilvolles Deko-Element. Die Feder [&hellip;]<\/p>\n<p><a class=\"read-more\" href=\"https:\/\/www.bynaldis-shop.com\/?product=raeucherstaebchenhalter-feder\">Mehr lesen<span class=\"meta-nav\">&rarr;<\/span><\/a><\/p>\n","protected":false},"featured_media":7835,"template":"","meta":[],"product_brand":[],"product_cat":[252],"product_tag":[],"class_list":{"0":"post-7153","1":"product","2":"type-product","3":"status-publish","4":"has-post-thumbnail","6":"product_cat-zubehoer","8":"first","9":"instock","10":"taxable","11":"shipping-taxable","12":"purchasable","13":"product-type-simple"},"_links":{"self":[{"href":"https:\/\/www.bynaldis-shop.com\/index.php?rest_route=\/wp\/v2\/product\/7153","targetHints":{"allow":["GET"]}}],"collection":[{"href":"https:\/\/www.bynaldis-shop.com\/index.php?rest_route=\/wp\/v2\/product"}],"about":[{"href":"https:\/\/www.bynaldis-shop.com\/index.php?rest_route=\/wp\/v2\/types\/product"}],"wp:featuredmedia":[{"embeddable":true,"href":"https:\/\/www.bynaldis-shop.com\/index.php?rest_route=\/wp\/v2\/media\/7835"}],"wp:attachment":[{"href":"https:\/\/www.bynaldis-shop.com\/index.php?rest_route=%2Fwp%2Fv2%2Fmedia&parent=7153"}],"wp:term":[{"taxonomy":"product_brand","embeddable":true,"href":"https:\/\/www.bynaldis-shop.com\/index.php?rest_route=%2Fwp%2Fv2%2Fproduct_brand&post=7153"},{"taxonomy":"product_cat","embeddable":true,"href":"https:\/\/www.bynaldis-shop.com\/index.php?rest_route=%2Fwp%2Fv2%2Fproduct_cat&post=7153"},{"taxonomy":"product_tag","embeddable":true,"href":"https:\/\/www.bynaldis-shop.com\/index.php?rest_route=%2Fwp%2Fv2%2Fproduct_tag&post=7153"}],"curies":[{"name":"wp","href":"https:\/\/api.w.org\/{rel}","templated":true}]}}