{"id":7092,"date":"2023-09-25T11:05:59","date_gmt":"2023-09-25T09:05:59","guid":{"rendered":"https:\/\/www.bynaldis-shop.com\/?post_type=product&#038;p=7092"},"modified":"2026-01-01T12:52:27","modified_gmt":"2026-01-01T11:52:27","slug":"notizheft-kuestenglueck-2","status":"publish","type":"product","link":"https:\/\/www.bynaldis-shop.com\/?product=notizheft-kuestenglueck-2","title":{"rendered":"A5 Notizheft \u201eK\u00fcstengl\u00fcck\u201c \u2013 Gedanken wie eine frische Meeresbrise"},"content":{"rendered":"<p data-start=\"168\" data-end=\"238\"><strong data-start=\"168\" data-end=\"238\">A5 Notizheft \u201eK\u00fcstengl\u00fcck\u201c \u2013 Gedanken wie eine frische Meeresbrise<\/strong><\/p>\n<p data-start=\"240\" data-end=\"554\">Weite Horizonte, salzige Luft und das Rufen der M\u00f6wen \u2013 das <strong data-start=\"300\" data-end=\"327\">Notizheft \u201eK\u00fcstengl\u00fcck\u201c<\/strong> f\u00e4ngt den Zauber des Meeres in einem liebevoll gestalteten Design ein. Mit einer M\u00f6we im Flug und einem kleinen Fernglas auf dem Cover l\u00e4dt es dich ein, deinen Gedanken freien Lauf zu lassen \u2013 genau wie der Wind \u00fcber dem Meer.<\/p>\n<p data-start=\"556\" data-end=\"689\">Ob f\u00fcr Urlaubserinnerungen, t\u00e4gliche Notizen oder kreative Ideen \u2013 dieses Heft ist dein pers\u00f6nlicher Ankerplatz f\u00fcr Worte und Tr\u00e4ume.<\/p>\n<p data-start=\"691\" data-end=\"860\">\ud83c\udf0a Format A5 \u2013 perfekt f\u00fcr unterwegs oder zu Hause<br data-start=\"741\" data-end=\"744\" \/>\ud83d\udd4a\ufe0f Cover mit maritimem Motiv: M\u00f6we &amp; Fernglas<br data-start=\"790\" data-end=\"793\" \/>\ud83d\udcc4 Feines Papier \u2013 ideal zum Schreiben, Planen &amp; Festhalten<\/p>\n<p data-start=\"862\" data-end=\"984\">F\u00fcr alle, die das Meer lieben, die Sehnsucht nach Freiheit sp\u00fcren oder einfach ein St\u00fcck <strong data-start=\"951\" data-end=\"966\">K\u00fcstengl\u00fcck<\/strong> im Alltag suchen.<\/p>\n","protected":false},"excerpt":{"rendered":"<p>A5 Notizheft \u201eK\u00fcstengl\u00fcck\u201c \u2013 Gedanken wie eine frische Meeresbrise Weite Horizonte, salzige Luft und das Rufen der M\u00f6wen \u2013 das Notizheft \u201eK\u00fcstengl\u00fcck\u201c f\u00e4ngt den Zauber des Meeres in einem liebevoll gestalteten Design ein. Mit einer M\u00f6we im Flug und einem kleinen Fernglas auf dem Cover l\u00e4dt es dich ein, deinen Gedanken freien Lauf zu lassen [&hellip;]<\/p>\n<p><a class=\"read-more\" href=\"https:\/\/www.bynaldis-shop.com\/?product=notizheft-kuestenglueck-2\">Mehr lesen<span class=\"meta-nav\">&rarr;<\/span><\/a><\/p>\n","protected":false},"featured_media":8761,"template":"","meta":[],"product_brand":[],"product_cat":[190],"product_tag":[],"class_list":{"0":"post-7092","1":"product","2":"type-product","3":"status-publish","4":"has-post-thumbnail","6":"product_cat-notizhefte","8":"first","9":"instock","10":"taxable","11":"shipping-taxable","12":"purchasable","13":"product-type-simple"},"_links":{"self":[{"href":"https:\/\/www.bynaldis-shop.com\/index.php?rest_route=\/wp\/v2\/product\/7092","targetHints":{"allow":["GET"]}}],"collection":[{"href":"https:\/\/www.bynaldis-shop.com\/index.php?rest_route=\/wp\/v2\/product"}],"about":[{"href":"https:\/\/www.bynaldis-shop.com\/index.php?rest_route=\/wp\/v2\/types\/product"}],"wp:featuredmedia":[{"embeddable":true,"href":"https:\/\/www.bynaldis-shop.com\/index.php?rest_route=\/wp\/v2\/media\/8761"}],"wp:attachment":[{"href":"https:\/\/www.bynaldis-shop.com\/index.php?rest_route=%2Fwp%2Fv2%2Fmedia&parent=7092"}],"wp:term":[{"taxonomy":"product_brand","embeddable":true,"href":"https:\/\/www.bynaldis-shop.com\/index.php?rest_route=%2Fwp%2Fv2%2Fproduct_brand&post=7092"},{"taxonomy":"product_cat","embeddable":true,"href":"https:\/\/www.bynaldis-shop.com\/index.php?rest_route=%2Fwp%2Fv2%2Fproduct_cat&post=7092"},{"taxonomy":"product_tag","embeddable":true,"href":"https:\/\/www.bynaldis-shop.com\/index.php?rest_route=%2Fwp%2Fv2%2Fproduct_tag&post=7092"}],"curies":[{"name":"wp","href":"https:\/\/api.w.org\/{rel}","templated":true}]}}