{"id":6581,"date":"2022-11-24T12:15:20","date_gmt":"2022-11-24T11:15:20","guid":{"rendered":"https:\/\/www.bynaldis-shop.com\/?post_type=product&#038;p=6581"},"modified":"2025-10-14T11:51:45","modified_gmt":"2025-10-14T09:51:45","slug":"mein-rauhnachts-orakel-jeanne-ruland","status":"publish","type":"product","link":"https:\/\/www.bynaldis-shop.com\/?product=mein-rauhnachts-orakel-jeanne-ruland","title":{"rendered":"Orakel Mein Rauhnachtsorakel von Jeanne Ruland"},"content":{"rendered":"<p data-start=\"155\" data-end=\"259\"><strong data-start=\"155\" data-end=\"237\">Mein Rauhnachtsorakel \u2013 Eine Reise durch die magische Zeit zwischen den Jahren<\/strong><br data-start=\"237\" data-end=\"240\" \/><em data-start=\"240\" data-end=\"259\">Von Jeanne Ruland<\/em><\/p>\n<p data-start=\"261\" data-end=\"687\">Die Rauhn\u00e4chte \u2013 diese geheimnisvollen zw\u00f6lf N\u00e4chte zwischen Weihnachten und dem Dreik\u00f6nigstag \u2013 gelten seit jeher als eine besondere Schwellenzeit. In dieser Phase der Stille, Innenschau und Wandlung \u00f6ffnen sich T\u00fcren zur geistigen Welt. <strong data-start=\"500\" data-end=\"517\">Jeanne Ruland<\/strong> l\u00e4dt dich mit ihrem <strong data-start=\"538\" data-end=\"558\">Rauhnachtsorakel<\/strong> ein, diese Zeit ganz bewusst zu erleben \u2013 begleitet von liebevollen Impulsen, spirituellen Botschaften und kraftvollen Symbolen.<\/p>\n<p data-start=\"689\" data-end=\"857\">Jede Karte schenkt dir Inspiration, Schutz und Orientierung \u2013 nicht nur w\u00e4hrend der Rauhn\u00e4chte, sondern auch dar\u00fcber hinaus, wann immer du einen klaren Impuls brauchst.<\/p>\n<p data-start=\"859\" data-end=\"1054\">\ud83c\udf19 49 liebevoll gestaltete Karten mit tiefgehender Symbolkraft<br data-start=\"921\" data-end=\"924\" \/>\ud83d\udcd6 Begleitbuch mit Ritualen, Deutungen &amp; Rauhnachtswissen<br data-start=\"981\" data-end=\"984\" \/>\ud83d\udd6f\ufe0f Ideal zur Jahreswende, f\u00fcr Rituale, Meditation oder Tagebucharbeit<\/p>\n<p data-start=\"1056\" data-end=\"1277\">Dieses Orakel ist ein Herzenskompass f\u00fcr deine innere Reise \u2013 durch die Rauhn\u00e4chte und weit dar\u00fcber hinaus. Sp\u00fcre die Weisheit der alten Zeit und verbinde dich mit deiner Seele, deinen Ahn*innen und deinem h\u00f6heren Selbst.<\/p>\n<p data-start=\"1056\" data-end=\"1277\">In unserem Shop findest du eine liebevoll zusammengestellte Auswahl weiterer Orakel, Kartensets und Begleitb\u00fccher. Jedes Orakel er\u00f6ffnet dir neue Einsichten, Impulse und kleine Momente der Ruhe und Selbstentdeckung. Entdecke die Vielfalt unserer Kollektion, lass dich verzaubern und finde genau das Orakel, das dich auf deinem Weg begleitet.<\/p>\n","protected":false},"excerpt":{"rendered":"<p>Mein Rauhnachtsorakel \u2013 Eine Reise durch die magische Zeit zwischen den JahrenVon Jeanne Ruland Die Rauhn\u00e4chte \u2013 diese geheimnisvollen zw\u00f6lf N\u00e4chte zwischen Weihnachten und dem Dreik\u00f6nigstag \u2013 gelten seit jeher als eine besondere Schwellenzeit. In dieser Phase der Stille, Innenschau und Wandlung \u00f6ffnen sich T\u00fcren zur geistigen Welt. Jeanne Ruland l\u00e4dt dich mit ihrem Rauhnachtsorakel [&hellip;]<\/p>\n<p><a class=\"read-more\" href=\"https:\/\/www.bynaldis-shop.com\/?product=mein-rauhnachts-orakel-jeanne-ruland\">Mehr lesen<span class=\"meta-nav\">&rarr;<\/span><\/a><\/p>\n","protected":false},"featured_media":9025,"template":"","meta":[],"product_brand":[],"product_cat":[84],"product_tag":[],"class_list":{"0":"post-6581","1":"product","2":"type-product","3":"status-publish","4":"has-post-thumbnail","6":"product_cat-orakel","8":"first","9":"instock","10":"taxable","11":"shipping-taxable","12":"purchasable","13":"product-type-simple"},"_links":{"self":[{"href":"https:\/\/www.bynaldis-shop.com\/index.php?rest_route=\/wp\/v2\/product\/6581","targetHints":{"allow":["GET"]}}],"collection":[{"href":"https:\/\/www.bynaldis-shop.com\/index.php?rest_route=\/wp\/v2\/product"}],"about":[{"href":"https:\/\/www.bynaldis-shop.com\/index.php?rest_route=\/wp\/v2\/types\/product"}],"wp:featuredmedia":[{"embeddable":true,"href":"https:\/\/www.bynaldis-shop.com\/index.php?rest_route=\/wp\/v2\/media\/9025"}],"wp:attachment":[{"href":"https:\/\/www.bynaldis-shop.com\/index.php?rest_route=%2Fwp%2Fv2%2Fmedia&parent=6581"}],"wp:term":[{"taxonomy":"product_brand","embeddable":true,"href":"https:\/\/www.bynaldis-shop.com\/index.php?rest_route=%2Fwp%2Fv2%2Fproduct_brand&post=6581"},{"taxonomy":"product_cat","embeddable":true,"href":"https:\/\/www.bynaldis-shop.com\/index.php?rest_route=%2Fwp%2Fv2%2Fproduct_cat&post=6581"},{"taxonomy":"product_tag","embeddable":true,"href":"https:\/\/www.bynaldis-shop.com\/index.php?rest_route=%2Fwp%2Fv2%2Fproduct_tag&post=6581"}],"curies":[{"name":"wp","href":"https:\/\/api.w.org\/{rel}","templated":true}]}}