{"id":6462,"date":"2022-07-19T17:17:15","date_gmt":"2022-07-19T15:17:15","guid":{"rendered":"https:\/\/www.bynaldis-shop.com\/?post_type=product&#038;p=6462"},"modified":"2025-10-14T11:51:03","modified_gmt":"2025-10-14T09:51:03","slug":"krafttier-orakel-jeanne-ruland","status":"publish","type":"product","link":"https:\/\/www.bynaldis-shop.com\/?product=krafttier-orakel-jeanne-ruland","title":{"rendered":"Orakel Krafttier von Jeanne Ruland"},"content":{"rendered":"<p data-start=\"144\" data-end=\"226\"><strong data-start=\"144\" data-end=\"204\">Das Krafttierorakel \u2013 Botschaften aus der Welt der Tiere<\/strong><br data-start=\"204\" data-end=\"207\" \/><em data-start=\"207\" data-end=\"226\">Von Jeanne Ruland<\/em><\/p>\n<p data-start=\"228\" data-end=\"507\">Tiere begleiten uns nicht nur im Au\u00dfen \u2013 sie wirken auch als kraftvolle spirituelle Begleiter auf Seelenebene. Mit dem <strong data-start=\"347\" data-end=\"366\">Krafttierorakel<\/strong> von Jeanne Ruland kannst du dich mit der Weisheit, St\u00e4rke und Symbolik der Tierwelt verbinden und ihre Botschaften f\u00fcr dein Leben empfangen.<\/p>\n<p data-start=\"509\" data-end=\"840\">Ob Adler, B\u00e4r, Schmetterling oder Delfin \u2013 jedes Krafttier bringt eine besondere Energie mit sich und schenkt dir Impulse f\u00fcr deine aktuelle Lebenssituation. Dieses Orakel unterst\u00fctzt dich liebevoll dabei, deine Intuition zu st\u00e4rken, innere Prozesse besser zu verstehen und dich mit der nat\u00fcrlichen Ordnung des Lebens zu verbinden.<\/p>\n<p data-start=\"842\" data-end=\"1016\">\ud83e\udd89 64 Karten mit ausdrucksstarken Illustrationen<br data-start=\"890\" data-end=\"893\" \/>\ud83d\udcd6 Begleitbuch mit tiefer Deutung &amp; praktischen Hinweisen<br data-start=\"950\" data-end=\"953\" \/>\ud83c\udf3f Ideal f\u00fcr t\u00e4gliche Impulse, Rituale oder schamanische Arbeit<\/p>\n<p data-start=\"1018\" data-end=\"1230\">\u00d6ffne dich f\u00fcr die Sprache der Tiere und erkenne, welches Krafttier dich gerade begleitet. <strong data-start=\"1109\" data-end=\"1132\">Das Krafttierorakel<\/strong> ist ein wertvoller Begleiter f\u00fcr mehr Bewusstsein, Erdung und spirituelle Tiefe in deinem Alltag.<\/p>\n<p data-start=\"1018\" data-end=\"1230\">In unserem Shop findest du eine liebevoll zusammengestellte Auswahl weiterer Orakel, Kartensets und Begleitb\u00fccher. Jedes Orakel er\u00f6ffnet dir neue Einsichten, Impulse und kleine Momente der Ruhe und Selbstentdeckung. Entdecke die Vielfalt unserer Kollektion, lass dich verzaubern und finde genau das Orakel, das dich auf deinem Weg begleitet.<\/p>\n","protected":false},"excerpt":{"rendered":"<p>Das Krafttierorakel \u2013 Botschaften aus der Welt der TiereVon Jeanne Ruland Tiere begleiten uns nicht nur im Au\u00dfen \u2013 sie wirken auch als kraftvolle spirituelle Begleiter auf Seelenebene. Mit dem Krafttierorakel von Jeanne Ruland kannst du dich mit der Weisheit, St\u00e4rke und Symbolik der Tierwelt verbinden und ihre Botschaften f\u00fcr dein Leben empfangen. Ob Adler, [&hellip;]<\/p>\n<p><a class=\"read-more\" href=\"https:\/\/www.bynaldis-shop.com\/?product=krafttier-orakel-jeanne-ruland\">Mehr lesen<span class=\"meta-nav\">&rarr;<\/span><\/a><\/p>\n","protected":false},"featured_media":6463,"template":"","meta":[],"product_brand":[],"product_cat":[84],"product_tag":[],"class_list":{"0":"post-6462","1":"product","2":"type-product","3":"status-publish","4":"has-post-thumbnail","6":"product_cat-orakel","8":"first","9":"instock","10":"taxable","11":"shipping-taxable","12":"purchasable","13":"product-type-simple"},"_links":{"self":[{"href":"https:\/\/www.bynaldis-shop.com\/index.php?rest_route=\/wp\/v2\/product\/6462","targetHints":{"allow":["GET"]}}],"collection":[{"href":"https:\/\/www.bynaldis-shop.com\/index.php?rest_route=\/wp\/v2\/product"}],"about":[{"href":"https:\/\/www.bynaldis-shop.com\/index.php?rest_route=\/wp\/v2\/types\/product"}],"wp:featuredmedia":[{"embeddable":true,"href":"https:\/\/www.bynaldis-shop.com\/index.php?rest_route=\/wp\/v2\/media\/6463"}],"wp:attachment":[{"href":"https:\/\/www.bynaldis-shop.com\/index.php?rest_route=%2Fwp%2Fv2%2Fmedia&parent=6462"}],"wp:term":[{"taxonomy":"product_brand","embeddable":true,"href":"https:\/\/www.bynaldis-shop.com\/index.php?rest_route=%2Fwp%2Fv2%2Fproduct_brand&post=6462"},{"taxonomy":"product_cat","embeddable":true,"href":"https:\/\/www.bynaldis-shop.com\/index.php?rest_route=%2Fwp%2Fv2%2Fproduct_cat&post=6462"},{"taxonomy":"product_tag","embeddable":true,"href":"https:\/\/www.bynaldis-shop.com\/index.php?rest_route=%2Fwp%2Fv2%2Fproduct_tag&post=6462"}],"curies":[{"name":"wp","href":"https:\/\/api.w.org\/{rel}","templated":true}]}}