{"id":6228,"date":"2022-02-16T08:01:27","date_gmt":"2022-02-16T07:01:27","guid":{"rendered":"https:\/\/www.bynaldis-shop.com\/?post_type=product&#038;p=6228"},"modified":"2025-10-14T11:50:20","modified_gmt":"2025-10-14T09:50:20","slug":"raeuchersand","status":"publish","type":"product","link":"https:\/\/www.bynaldis-shop.com\/?product=raeuchersand","title":{"rendered":"R\u00e4uchersand"},"content":{"rendered":"<p>Feiner Quarzsand ist ein idealer Stoff zum Bef\u00fcllen von R\u00e4uchergef\u00e4\u00dfen jeden Materials und jeder Gr\u00f6\u00dfe.<\/p>\n<p>Als Unterlage f\u00fcr die R\u00e4ucherkohle wirkt er als Isolation gegen deren Hitze. Au\u00dferdem sorgt er daf\u00fcr, dass die Kohle h\u00f6her im Gef\u00e4\u00df liegt und somit einer besseren Bel\u00fcftung ausgesetzt ist.<\/p>\n<p>R\u00e4uchersand gibt Ihrer R\u00e4ucherung Atmosph\u00e4re. Er erg\u00e4nzt wegen seines marinen Ursprungs das Element des Wassers zur R\u00e4ucherung und hebt durch seinen Quarzgehalt deren energetisches Niveau.<\/p>\n<p>Inhalt: 200 g<\/p>\n","protected":false},"excerpt":{"rendered":"<p>Feiner Quarzsand ist ein idealer Stoff zum Bef\u00fcllen von R\u00e4uchergef\u00e4\u00dfen jeden Materials und jeder Gr\u00f6\u00dfe. Als Unterlage f\u00fcr die R\u00e4ucherkohle wirkt er als Isolation gegen deren Hitze. Au\u00dferdem sorgt er daf\u00fcr, dass die Kohle h\u00f6her im Gef\u00e4\u00df liegt und somit einer besseren Bel\u00fcftung ausgesetzt ist. R\u00e4uchersand gibt Ihrer R\u00e4ucherung Atmosph\u00e4re. Er erg\u00e4nzt wegen seines marinen [&hellip;]<\/p>\n<p><a class=\"read-more\" href=\"https:\/\/www.bynaldis-shop.com\/?product=raeuchersand\">Mehr lesen<span class=\"meta-nav\">&rarr;<\/span><\/a><\/p>\n","protected":false},"featured_media":6229,"template":"","meta":[],"product_brand":[],"product_cat":[247,197],"product_tag":[],"class_list":{"0":"post-6228","1":"product","2":"type-product","3":"status-publish","4":"has-post-thumbnail","6":"product_cat-raeucherkegel-zubehoer","7":"product_cat-raeucherzubehoer","9":"first","10":"instock","11":"taxable","12":"shipping-taxable","13":"purchasable","14":"product-type-simple"},"_links":{"self":[{"href":"https:\/\/www.bynaldis-shop.com\/index.php?rest_route=\/wp\/v2\/product\/6228","targetHints":{"allow":["GET"]}}],"collection":[{"href":"https:\/\/www.bynaldis-shop.com\/index.php?rest_route=\/wp\/v2\/product"}],"about":[{"href":"https:\/\/www.bynaldis-shop.com\/index.php?rest_route=\/wp\/v2\/types\/product"}],"wp:featuredmedia":[{"embeddable":true,"href":"https:\/\/www.bynaldis-shop.com\/index.php?rest_route=\/wp\/v2\/media\/6229"}],"wp:attachment":[{"href":"https:\/\/www.bynaldis-shop.com\/index.php?rest_route=%2Fwp%2Fv2%2Fmedia&parent=6228"}],"wp:term":[{"taxonomy":"product_brand","embeddable":true,"href":"https:\/\/www.bynaldis-shop.com\/index.php?rest_route=%2Fwp%2Fv2%2Fproduct_brand&post=6228"},{"taxonomy":"product_cat","embeddable":true,"href":"https:\/\/www.bynaldis-shop.com\/index.php?rest_route=%2Fwp%2Fv2%2Fproduct_cat&post=6228"},{"taxonomy":"product_tag","embeddable":true,"href":"https:\/\/www.bynaldis-shop.com\/index.php?rest_route=%2Fwp%2Fv2%2Fproduct_tag&post=6228"}],"curies":[{"name":"wp","href":"https:\/\/api.w.org\/{rel}","templated":true}]}}