{"id":5858,"date":"2020-10-20T12:36:31","date_gmt":"2020-10-20T10:36:31","guid":{"rendered":"https:\/\/www.bynaldis-shop.com\/produkt\/chakra-kerze-wal-2\/"},"modified":"2025-10-28T12:22:27","modified_gmt":"2025-10-28T11:22:27","slug":"chakra-kerze-wal-2","status":"publish","type":"product","link":"https:\/\/www.bynaldis-shop.com\/?product=chakra-kerze-wal-2","title":{"rendered":"Regenbogenfreunde\u00ae Wal-Kerze"},"content":{"rendered":"<p data-start=\"100\" data-end=\"167\"><strong data-start=\"100\" data-end=\"167\">Regenbogenfreunde\u00ae Wal-Kerze \u2013 Ein Licht voller Liebe und Magie<\/strong><\/p>\n<p data-start=\"169\" data-end=\"551\">Unsere Regenbogenfreunde\u00ae Wal-Kerze ist etwas ganz Besonderes. Mit viel Herz und Liebe von unserer K\u00fcnstlerin handgezeichnet, l\u00e4dt sie dich ein, die Ruhe und Stille des Kerzenlichts zu genie\u00dfen. Der majest\u00e4tische Wal auf der Kerze f\u00fchrt dich sanft auf eine Reise zu dir selbst. Begleitet von einem zarten Hauch Regenbogenfarben, der dich an deine eigene Wahrheit und Liebe erinnert.<\/p>\n<p data-start=\"553\" data-end=\"868\">Die Botschaft des Wals: \u201eSpr\u00fch dein Wissen in die Welt.\u201c M\u00f6ge dieses Licht dich t\u00e4glich begleiten, egal ob am Schreibtisch, als liebevolles Geschenk zur Taufe, zum Geburtstag oder zu Weihnachten, oder als beruhigendes Einschlaflicht am Bett. \u00d6ffne dein Herz und erinnere dich immer wieder daran, dass du Liebe bist.<\/p>\n<p data-start=\"870\" data-end=\"1250\">Unsere Kerzen bestehen aus 100 % nat\u00fcrlichem Stearin, gegossen in wiederverwertete Gl\u00e4ser und handgefertigt in Indonesien mit WFTO-Zertifizierung \u2013 ein Zeichen f\u00fcr fairen Handel und nachhaltige Produktion. Die Brenndauer betr\u00e4gt etwa 100 Stunden, und mit Ma\u00dfen von 21 cm H\u00f6he und 6,5 cm Durchmesser bei einem Gewicht von ca. 800 g schenken sie dir langanhaltendes Licht und W\u00e4rme.<\/p>\n<p data-start=\"1252\" data-end=\"1490\">Passend zur Wal-Kerze findest du auch das liebevoll gestaltete Regenbogenfreunde\u00ae Orakel, das mit ganz viel Herz und Inspiration entstanden ist. Sie begleiten dich sanft durch deinen Alltag und helfen dir, deine innere Magie zu entdecken.<\/p>\n<p data-start=\"1492\" data-end=\"1617\">Tauche ein in die magische Welt der Regenbogenfreunde\u00ae, denn es ist ein Geschenk f\u00fcr deine Seele und ein Licht f\u00fcr jeden Tag.<\/p>\n","protected":false},"excerpt":{"rendered":"<p>Regenbogenfreunde\u00ae Wal-Kerze \u2013 Ein Licht voller Liebe und Magie Unsere Regenbogenfreunde\u00ae Wal-Kerze ist etwas ganz Besonderes. Mit viel Herz und Liebe von unserer K\u00fcnstlerin handgezeichnet, l\u00e4dt sie dich ein, die Ruhe und Stille des Kerzenlichts zu genie\u00dfen. Der majest\u00e4tische Wal auf der Kerze f\u00fchrt dich sanft auf eine Reise zu dir selbst. Begleitet von einem [&hellip;]<\/p>\n<p><a class=\"read-more\" href=\"https:\/\/www.bynaldis-shop.com\/?product=chakra-kerze-wal-2\">Mehr lesen<span class=\"meta-nav\">&rarr;<\/span><\/a><\/p>\n","protected":false},"featured_media":7569,"template":"","meta":[],"product_brand":[],"product_cat":[212,265],"product_tag":[],"class_list":{"0":"post-5858","1":"product","2":"type-product","3":"status-publish","4":"has-post-thumbnail","6":"product_cat-regenbogenfreunde","7":"product_cat-kerzen-im-glas","9":"first","10":"instock","11":"taxable","12":"shipping-taxable","13":"purchasable","14":"product-type-simple"},"_links":{"self":[{"href":"https:\/\/www.bynaldis-shop.com\/index.php?rest_route=\/wp\/v2\/product\/5858","targetHints":{"allow":["GET"]}}],"collection":[{"href":"https:\/\/www.bynaldis-shop.com\/index.php?rest_route=\/wp\/v2\/product"}],"about":[{"href":"https:\/\/www.bynaldis-shop.com\/index.php?rest_route=\/wp\/v2\/types\/product"}],"wp:featuredmedia":[{"embeddable":true,"href":"https:\/\/www.bynaldis-shop.com\/index.php?rest_route=\/wp\/v2\/media\/7569"}],"wp:attachment":[{"href":"https:\/\/www.bynaldis-shop.com\/index.php?rest_route=%2Fwp%2Fv2%2Fmedia&parent=5858"}],"wp:term":[{"taxonomy":"product_brand","embeddable":true,"href":"https:\/\/www.bynaldis-shop.com\/index.php?rest_route=%2Fwp%2Fv2%2Fproduct_brand&post=5858"},{"taxonomy":"product_cat","embeddable":true,"href":"https:\/\/www.bynaldis-shop.com\/index.php?rest_route=%2Fwp%2Fv2%2Fproduct_cat&post=5858"},{"taxonomy":"product_tag","embeddable":true,"href":"https:\/\/www.bynaldis-shop.com\/index.php?rest_route=%2Fwp%2Fv2%2Fproduct_tag&post=5858"}],"curies":[{"name":"wp","href":"https:\/\/api.w.org\/{rel}","templated":true}]}}