{"id":5850,"date":"2020-10-20T12:47:10","date_gmt":"2020-10-20T10:47:10","guid":{"rendered":"https:\/\/www.bynaldis-shop.com\/produkt\/chakra-kerze-einhorn-2\/"},"modified":"2025-10-28T12:20:23","modified_gmt":"2025-10-28T11:20:23","slug":"chakra-kerze-einhorn-2","status":"publish","type":"product","link":"https:\/\/www.bynaldis-shop.com\/?product=chakra-kerze-einhorn-2","title":{"rendered":"Regenbogenfreunde\u00ae Einhorn-Kerze"},"content":{"rendered":"<p data-start=\"135\" data-end=\"205\"><strong data-start=\"135\" data-end=\"205\">Regenbogenfreunde\u00ae Einhorn-Kerze \u2013 Ein Licht voller Liebe und Magie<\/strong><\/p>\n<p data-start=\"207\" data-end=\"583\">Unsere Regenbogenfreunde\u00ae Einhorn-Kerze ist etwas ganz Besonderes. Mit viel Herz und Liebe von unserer K\u00fcnstlerin handgezeichnet, l\u00e4dt sie dich ein, die Ruhe und Stille des Kerzenlichts zu genie\u00dfen. Das Einhorn auf der Kerze f\u00fchrt dich sanft auf eine Reise zu dir selbst. Begleitet von einem zarten Hauch Regenbogenfarben, der dich an deine eigene Wahrheit und Liebe erinnert.<\/p>\n<p data-start=\"585\" data-end=\"913\">Das Einhorn schenkt dir die Botschaft: \u201eDu wirst von Herzen geliebt.\u201c M\u00f6ge dieses Licht dich t\u00e4glich begleiten, egal ob am Schreibtisch, als liebevolles Geschenk zur Taufe, zum Geburtstag oder zu Weihnachten, oder als beruhigendes Einschlaflicht am Bett. \u00d6ffne dein Herz und erinnere dich immer wieder daran, dass du Liebe bist.<\/p>\n<p data-start=\"915\" data-end=\"1295\">Unsere Kerzen bestehen aus 100 % nat\u00fcrlichem Stearin, gegossen in wiederverwertete Gl\u00e4ser und handgefertigt in Indonesien mit WFTO-Zertifizierung \u2013 ein Zeichen f\u00fcr fairen Handel und nachhaltige Produktion. Die Brenndauer betr\u00e4gt etwa 100 Stunden, und mit Ma\u00dfen von 21 cm H\u00f6he und 6,5 cm Durchmesser bei einem Gewicht von ca. 800 g schenken sie dir langanhaltendes Licht und W\u00e4rme.<\/p>\n<p data-start=\"1297\" data-end=\"1559\">Passend zur Einhorn Kerze findest du auch das liebevoll gestaltete Regenbogenfreunde\u00ae Orakel, das mit ganz viel Herz und Inspiration entstanden ist. Sie begleiten dich sanft durch deinen Alltag und helfen dir, deine innere Magie zu entdecken.<\/p>\n<p data-start=\"1561\" data-end=\"1674\">Tauche ein in die magische Welt der Regenbogenfreunde\u00ae, denn es ist ein Geschenk f\u00fcr deine Seele und ein Licht f\u00fcr jeden Tag.<\/p>\n","protected":false},"excerpt":{"rendered":"<p>Regenbogenfreunde\u00ae Einhorn-Kerze \u2013 Ein Licht voller Liebe und Magie Unsere Regenbogenfreunde\u00ae Einhorn-Kerze ist etwas ganz Besonderes. Mit viel Herz und Liebe von unserer K\u00fcnstlerin handgezeichnet, l\u00e4dt sie dich ein, die Ruhe und Stille des Kerzenlichts zu genie\u00dfen. Das Einhorn auf der Kerze f\u00fchrt dich sanft auf eine Reise zu dir selbst. Begleitet von einem zarten [&hellip;]<\/p>\n<p><a class=\"read-more\" href=\"https:\/\/www.bynaldis-shop.com\/?product=chakra-kerze-einhorn-2\">Mehr lesen<span class=\"meta-nav\">&rarr;<\/span><\/a><\/p>\n","protected":false},"featured_media":7564,"template":"","meta":[],"product_brand":[],"product_cat":[212,265],"product_tag":[],"class_list":{"0":"post-5850","1":"product","2":"type-product","3":"status-publish","4":"has-post-thumbnail","6":"product_cat-regenbogenfreunde","7":"product_cat-kerzen-im-glas","9":"first","10":"instock","11":"taxable","12":"shipping-taxable","13":"purchasable","14":"product-type-simple"},"_links":{"self":[{"href":"https:\/\/www.bynaldis-shop.com\/index.php?rest_route=\/wp\/v2\/product\/5850","targetHints":{"allow":["GET"]}}],"collection":[{"href":"https:\/\/www.bynaldis-shop.com\/index.php?rest_route=\/wp\/v2\/product"}],"about":[{"href":"https:\/\/www.bynaldis-shop.com\/index.php?rest_route=\/wp\/v2\/types\/product"}],"wp:featuredmedia":[{"embeddable":true,"href":"https:\/\/www.bynaldis-shop.com\/index.php?rest_route=\/wp\/v2\/media\/7564"}],"wp:attachment":[{"href":"https:\/\/www.bynaldis-shop.com\/index.php?rest_route=%2Fwp%2Fv2%2Fmedia&parent=5850"}],"wp:term":[{"taxonomy":"product_brand","embeddable":true,"href":"https:\/\/www.bynaldis-shop.com\/index.php?rest_route=%2Fwp%2Fv2%2Fproduct_brand&post=5850"},{"taxonomy":"product_cat","embeddable":true,"href":"https:\/\/www.bynaldis-shop.com\/index.php?rest_route=%2Fwp%2Fv2%2Fproduct_cat&post=5850"},{"taxonomy":"product_tag","embeddable":true,"href":"https:\/\/www.bynaldis-shop.com\/index.php?rest_route=%2Fwp%2Fv2%2Fproduct_tag&post=5850"}],"curies":[{"name":"wp","href":"https:\/\/api.w.org\/{rel}","templated":true}]}}