{"id":4269,"date":"2021-05-27T12:22:16","date_gmt":"2021-05-27T10:22:16","guid":{"rendered":"https:\/\/www.bynaldis-shop.com\/?post_type=product&#038;p=4269"},"modified":"2025-10-19T13:47:53","modified_gmt":"2025-10-19T11:47:53","slug":"smudge-bowl-weiss","status":"publish","type":"product","link":"https:\/\/www.bynaldis-shop.com\/?product=smudge-bowl-weiss","title":{"rendered":"Smudge Bowl wei\u00df"},"content":{"rendered":"<p>Diese hochwertige Keramikschale ist ausgezeichnet zum Verr\u00e4uchern des Salbei Sticks. Einfach Stick hineinstellen, oben anz\u00fcnden und Raum f\u00fcr Raum im Haus oder der Wohnung durchgehen. Fenster danach \u00f6ffnen und die alten Energien nach drau\u00dfen lassen, sodass die Kraft der Reinigung und Klarheit in den R\u00e4umen neu sein darf. Die Asche f\u00e4llt dabei entspannt in die Schale und der restliche Salbei wird umgedreht in den Topf gestellt und der Rauch erstickt somit. Einfach und leicht f\u00fcr jeden Menschen h\u00e4ndelbar. Liebe, Frieden und Klarheit begegnen Dir und Deinem Haus.<\/p>\n<p>Ma\u00dfe: H\u00f6he 10 cm, \u00f8 15 cm<\/p>\n","protected":false},"excerpt":{"rendered":"<p>Diese hochwertige Keramikschale ist ausgezeichnet zum Verr\u00e4uchern des Salbei Sticks. Einfach Stick hineinstellen, oben anz\u00fcnden und Raum f\u00fcr Raum im Haus oder der Wohnung durchgehen. Fenster danach \u00f6ffnen und die alten Energien nach drau\u00dfen lassen, sodass die Kraft der Reinigung und Klarheit in den R\u00e4umen neu sein darf. Die Asche f\u00e4llt dabei entspannt in die [&hellip;]<\/p>\n<p><a class=\"read-more\" href=\"https:\/\/www.bynaldis-shop.com\/?product=smudge-bowl-weiss\">Mehr lesen<span class=\"meta-nav\">&rarr;<\/span><\/a><\/p>\n","protected":false},"featured_media":7837,"template":"","meta":[],"product_brand":[],"product_cat":[248],"product_tag":[],"class_list":{"0":"post-4269","1":"product","2":"type-product","3":"status-publish","4":"has-post-thumbnail","6":"product_cat-salbei-zubehoer","8":"first","9":"instock","10":"taxable","11":"shipping-taxable","12":"purchasable","13":"product-type-simple"},"_links":{"self":[{"href":"https:\/\/www.bynaldis-shop.com\/index.php?rest_route=\/wp\/v2\/product\/4269","targetHints":{"allow":["GET"]}}],"collection":[{"href":"https:\/\/www.bynaldis-shop.com\/index.php?rest_route=\/wp\/v2\/product"}],"about":[{"href":"https:\/\/www.bynaldis-shop.com\/index.php?rest_route=\/wp\/v2\/types\/product"}],"wp:featuredmedia":[{"embeddable":true,"href":"https:\/\/www.bynaldis-shop.com\/index.php?rest_route=\/wp\/v2\/media\/7837"}],"wp:attachment":[{"href":"https:\/\/www.bynaldis-shop.com\/index.php?rest_route=%2Fwp%2Fv2%2Fmedia&parent=4269"}],"wp:term":[{"taxonomy":"product_brand","embeddable":true,"href":"https:\/\/www.bynaldis-shop.com\/index.php?rest_route=%2Fwp%2Fv2%2Fproduct_brand&post=4269"},{"taxonomy":"product_cat","embeddable":true,"href":"https:\/\/www.bynaldis-shop.com\/index.php?rest_route=%2Fwp%2Fv2%2Fproduct_cat&post=4269"},{"taxonomy":"product_tag","embeddable":true,"href":"https:\/\/www.bynaldis-shop.com\/index.php?rest_route=%2Fwp%2Fv2%2Fproduct_tag&post=4269"}],"curies":[{"name":"wp","href":"https:\/\/api.w.org\/{rel}","templated":true}]}}