{"id":3597,"date":"2020-11-10T10:57:57","date_gmt":"2020-11-10T09:57:57","guid":{"rendered":"https:\/\/www.bynaldis-shop.com\/?post_type=product&#038;p=3597"},"modified":"2025-10-28T11:50:47","modified_gmt":"2025-10-28T10:50:47","slug":"muschel-abalone-mittel","status":"publish","type":"product","link":"https:\/\/www.bynaldis-shop.com\/?product=muschel-abalone-mittel","title":{"rendered":"Abalone-Muschel zum R\u00e4uchern \u2013 f\u00fcr wei\u00dfen Salbei und heilige Kr\u00e4uter"},"content":{"rendered":"<h3 data-start=\"210\" data-end=\"288\"><strong data-start=\"214\" data-end=\"286\">Abalone-Muschel zum R\u00e4uchern \u2013 f\u00fcr wei\u00dfen Salbei und heilige Kr\u00e4uter<\/strong><\/h3>\n<p data-start=\"289\" data-end=\"346\"><strong data-start=\"289\" data-end=\"346\">Elemente vereint \u2013 Reinigung mit der Kraft des Meeres<\/strong><\/p>\n<p data-start=\"348\" data-end=\"740\">Diese echte Abalone-Muschel ist ein traditionelles R\u00e4uchergef\u00e4\u00df, das besonders f\u00fcr das Verr\u00e4uchern von <strong data-start=\"451\" data-end=\"468\">wei\u00dfem Salbei<\/strong>, <strong data-start=\"470\" data-end=\"484\">Palo Santo<\/strong> oder anderen Reinigungs\u00adkr\u00e4utern verwendet wird. In schillerndem Perlmutt spiegelt sie das Element <strong data-start=\"584\" data-end=\"594\">Wasser<\/strong> wider \u2013 und tr\u00e4gt so auf kraftvolle Weise zur energetischen Balance bei, wenn mit Rauch (Luft), Glut (Feuer) und Pflanzen (Erde) ger\u00e4uchert wird.<\/p>\n<p data-start=\"742\" data-end=\"956\">Die Muschel eignet sich ideal zum Ablegen von glimmenden B\u00fcndeln oder zum sanften Ausr\u00e4uchern von R\u00e4umen und Aura. In vielen indigenen Traditionen steht sie f\u00fcr Reinigung, Schutz und Verbindung zur Tiefe des Seins.<\/p>\n<p data-start=\"958\" data-end=\"978\"><strong data-start=\"958\" data-end=\"978\">Produktmerkmale:<\/strong><\/p>\n<ul data-start=\"979\" data-end=\"1203\">\n<li data-start=\"979\" data-end=\"1035\">\n<p data-start=\"981\" data-end=\"1035\"><strong data-start=\"981\" data-end=\"1015\">Naturbelassene Abalone-Muschel<\/strong> \u2013 jede ein Unikat<\/p>\n<\/li>\n<li data-start=\"1036\" data-end=\"1097\">\n<p data-start=\"1038\" data-end=\"1097\"><strong data-start=\"1038\" data-end=\"1095\">Ideal f\u00fcr Smudge-Sticks (wei\u00dfer Salbei, Beifu\u00df, u.a.)<\/strong><\/p>\n<\/li>\n<li data-start=\"1098\" data-end=\"1142\">\n<p data-start=\"1100\" data-end=\"1142\"><strong data-start=\"1100\" data-end=\"1140\">Hitzebest\u00e4ndig, stabil und langlebig<\/strong><\/p>\n<\/li>\n<li data-start=\"1143\" data-end=\"1203\">\n<p data-start=\"1145\" data-end=\"1203\"><strong data-start=\"1145\" data-end=\"1203\">Spirituelle Symbolkraft \u2013 Verbindung der vier Elemente<\/strong><\/p>\n<\/li>\n<\/ul>\n<p data-start=\"1307\" data-end=\"1389\"><strong data-start=\"1307\" data-end=\"1389\">Ein Geschenk des Ozeans \u2013 f\u00fcr klare R\u00e4ume, reine Energien und heilige Momente.<\/strong><\/p>\n","protected":false},"excerpt":{"rendered":"<p>Abalone-Muschel zum R\u00e4uchern \u2013 f\u00fcr wei\u00dfen Salbei und heilige Kr\u00e4uter Elemente vereint \u2013 Reinigung mit der Kraft des Meeres Diese echte Abalone-Muschel ist ein traditionelles R\u00e4uchergef\u00e4\u00df, das besonders f\u00fcr das Verr\u00e4uchern von wei\u00dfem Salbei, Palo Santo oder anderen Reinigungs\u00adkr\u00e4utern verwendet wird. In schillerndem Perlmutt spiegelt sie das Element Wasser wider \u2013 und tr\u00e4gt so auf [&hellip;]<\/p>\n<p><a class=\"read-more\" href=\"https:\/\/www.bynaldis-shop.com\/?product=muschel-abalone-mittel\">Mehr lesen<span class=\"meta-nav\">&rarr;<\/span><\/a><\/p>\n","protected":false},"featured_media":7839,"template":"","meta":[],"product_brand":[],"product_cat":[248],"product_tag":[],"class_list":{"0":"post-3597","1":"product","2":"type-product","3":"status-publish","4":"has-post-thumbnail","6":"product_cat-salbei-zubehoer","8":"first","9":"instock","10":"taxable","11":"shipping-taxable","12":"purchasable","13":"product-type-simple"},"_links":{"self":[{"href":"https:\/\/www.bynaldis-shop.com\/index.php?rest_route=\/wp\/v2\/product\/3597","targetHints":{"allow":["GET"]}}],"collection":[{"href":"https:\/\/www.bynaldis-shop.com\/index.php?rest_route=\/wp\/v2\/product"}],"about":[{"href":"https:\/\/www.bynaldis-shop.com\/index.php?rest_route=\/wp\/v2\/types\/product"}],"wp:featuredmedia":[{"embeddable":true,"href":"https:\/\/www.bynaldis-shop.com\/index.php?rest_route=\/wp\/v2\/media\/7839"}],"wp:attachment":[{"href":"https:\/\/www.bynaldis-shop.com\/index.php?rest_route=%2Fwp%2Fv2%2Fmedia&parent=3597"}],"wp:term":[{"taxonomy":"product_brand","embeddable":true,"href":"https:\/\/www.bynaldis-shop.com\/index.php?rest_route=%2Fwp%2Fv2%2Fproduct_brand&post=3597"},{"taxonomy":"product_cat","embeddable":true,"href":"https:\/\/www.bynaldis-shop.com\/index.php?rest_route=%2Fwp%2Fv2%2Fproduct_cat&post=3597"},{"taxonomy":"product_tag","embeddable":true,"href":"https:\/\/www.bynaldis-shop.com\/index.php?rest_route=%2Fwp%2Fv2%2Fproduct_tag&post=3597"}],"curies":[{"name":"wp","href":"https:\/\/api.w.org\/{rel}","templated":true}]}}