{"id":3170,"date":"2020-06-12T13:10:44","date_gmt":"2020-06-12T11:10:44","guid":{"rendered":"https:\/\/www.bynaldis-shop.com\/?post_type=product&#038;p=3170"},"modified":"2025-10-14T11:09:28","modified_gmt":"2025-10-14T09:09:28","slug":"staebchenhalter-holz-blume-des-lebens","status":"publish","type":"product","link":"https:\/\/www.bynaldis-shop.com\/?product=staebchenhalter-holz-blume-des-lebens","title":{"rendered":"Harmonie in Form und Duft"},"content":{"rendered":"<div class=\"flex basis-auto flex-col -mb-(--composer-overlap-px) [--composer-overlap-px:55px] grow overflow-hidden\">\n<div class=\"relative h-full\">\n<div class=\"flex h-full flex-col overflow-y-auto [scrollbar-gutter:stable_both-edges] @[84rem]\/thread:pt-(--header-height)\">\n<div class=\"@thread-xl\/thread:pt-header-height flex flex-col text-sm pb-25\">\n<article class=\"text-token-text-primary w-full\" dir=\"auto\" data-testid=\"conversation-turn-12\" data-scroll-anchor=\"true\">\n<div class=\"text-base my-auto mx-auto pb-10 [--thread-content-margin:--spacing(4)] @[37rem]:[--thread-content-margin:--spacing(6)] @[72rem]:[--thread-content-margin:--spacing(16)] px-(--thread-content-margin)\">\n<div class=\"[--thread-content-max-width:32rem] @[34rem]:[--thread-content-max-width:40rem] @[64rem]:[--thread-content-max-width:48rem] mx-auto max-w-(--thread-content-max-width) flex-1 group\/turn-messages focus-visible:outline-hidden relative flex w-full min-w-0 flex-col agent-turn\" tabindex=\"-1\">\n<div class=\"flex max-w-full flex-col grow\">\n<div class=\"min-h-8 text-message relative flex w-full flex-col items-end gap-2 text-start break-words whitespace-normal [.text-message+&amp;]:mt-5\" dir=\"auto\" data-message-author-role=\"assistant\" data-message-id=\"42364897-5044-4e5c-8975-a8de8392b269\" data-message-model-slug=\"gpt-4o\">\n<div class=\"flex w-full flex-col gap-1 empty:hidden first:pt-[3px]\">\n<div class=\"markdown prose dark:prose-invert w-full break-words light\">\n<p data-start=\"249\" data-end=\"278\"><strong data-start=\"249\" data-end=\"278\">Harmonie in Form und Duft<\/strong><\/p>\n<p data-start=\"280\" data-end=\"528\">Dieser runde R\u00e4ucherst\u00e4bchenhalter aus naturbelassenem Holz vereint zeitlose Schlichtheit mit tiefer Symbolkraft. In der Mitte eingebrannt: die <strong data-start=\"424\" data-end=\"444\">Blume des Lebens<\/strong> \u2013 ein uraltes Zeichen f\u00fcr Ordnung, Harmonie und die Sch\u00f6pfungskraft des Universums.<\/p>\n<p data-start=\"530\" data-end=\"857\">Beim Verr\u00e4uchern deiner Lieblingsst\u00e4bchen wird nicht nur der Raum mit Duft erf\u00fcllt \u2013 auch deine Umgebung und dein Inneres kommen in Schwingung. Die <strong data-start=\"678\" data-end=\"699\">heilige Geometrie<\/strong> der Blume des Lebens unterst\u00fctzt energetische Ausrichtung und schafft einen klaren, gesch\u00fctzten Raum f\u00fcr Meditation, Rituale oder einfach Momente der Stille.<\/p>\n<p data-start=\"859\" data-end=\"878\"><strong data-start=\"859\" data-end=\"878\">Produktdetails:<\/strong><\/p>\n<ul data-start=\"879\" data-end=\"1111\">\n<li data-start=\"879\" data-end=\"931\">\n<p data-start=\"881\" data-end=\"931\"><strong data-start=\"881\" data-end=\"894\">Material:<\/strong> nat\u00fcrliches Holz, fein verarbeitet<\/p>\n<\/li>\n<li data-start=\"932\" data-end=\"965\">\n<p data-start=\"934\" data-end=\"965\"><strong data-start=\"934\" data-end=\"950\">Durchmesser:<\/strong> 8 cm<\/p>\n<\/li>\n<li data-start=\"966\" data-end=\"1011\">\n<p data-start=\"968\" data-end=\"1011\"><strong data-start=\"968\" data-end=\"979\">Design:<\/strong> eingebrannte Blume des Lebens<\/p>\n<\/li>\n<li data-start=\"1012\" data-end=\"1062\">\n<p data-start=\"1014\" data-end=\"1062\"><strong data-start=\"1014\" data-end=\"1060\">F\u00fcr alle g\u00e4ngigen R\u00e4ucherst\u00e4bchen und R\u00e4ucherkegel geeignet<\/strong><\/p>\n<\/li>\n<li data-start=\"1063\" data-end=\"1111\">\n<p data-start=\"1065\" data-end=\"1111\"><strong data-start=\"1065\" data-end=\"1111\">Aschefangschale rundum \u2013 sauber und sicher<\/strong><\/p>\n<\/li>\n<\/ul>\n<p data-start=\"1113\" data-end=\"1208\">Ideal f\u00fcr deinen Altar, Meditationsplatz oder Wohnraum \u2013 schlicht, wirksam und voller Symbolik.<\/p>\n<p data-start=\"1210\" data-end=\"1274\"><strong data-start=\"1210\" data-end=\"1274\">Ein Platz f\u00fcr Duft und Geist \u2013 wo Rauch auf Resonanz trifft.<\/strong><\/p>\n<p data-start=\"1210\" data-end=\"1274\">Und weil ein sch\u00f6ner Halter noch mehr Freude macht mit dem passenden Duft, findest du in unserem Shop eine gro\u00dfe Auswahl an herrlichen R\u00e4ucherst\u00e4bchen \u2013 von sanft blumig bis w\u00fcrzig warm. St\u00f6bere gern ein bisschen, lass dich von den D\u00fcften inspirieren und finde genau die Aromen, die dein Herz ber\u00fchren.<\/p>\n<\/div>\n<\/div>\n<\/div>\n<\/div>\n<\/div>\n<\/div>\n<\/article>\n<\/div>\n<\/div>\n<\/div>\n<\/div>\n","protected":false},"excerpt":{"rendered":"<p>Harmonie in Form und Duft Dieser runde R\u00e4ucherst\u00e4bchenhalter aus naturbelassenem Holz vereint zeitlose Schlichtheit mit tiefer Symbolkraft. In der Mitte eingebrannt: die Blume des Lebens \u2013 ein uraltes Zeichen f\u00fcr Ordnung, Harmonie und die Sch\u00f6pfungskraft des Universums. Beim Verr\u00e4uchern deiner Lieblingsst\u00e4bchen wird nicht nur der Raum mit Duft erf\u00fcllt \u2013 auch deine Umgebung und dein [&hellip;]<\/p>\n<p><a class=\"read-more\" href=\"https:\/\/www.bynaldis-shop.com\/?product=staebchenhalter-holz-blume-des-lebens\">Mehr lesen<span class=\"meta-nav\">&rarr;<\/span><\/a><\/p>\n","protected":false},"featured_media":7840,"template":"","meta":[],"product_brand":[],"product_cat":[252,247],"product_tag":[],"class_list":{"0":"post-3170","1":"product","2":"type-product","3":"status-publish","4":"has-post-thumbnail","6":"product_cat-zubehoer","7":"product_cat-raeucherkegel-zubehoer","9":"first","10":"instock","11":"taxable","12":"shipping-taxable","13":"purchasable","14":"product-type-simple"},"_links":{"self":[{"href":"https:\/\/www.bynaldis-shop.com\/index.php?rest_route=\/wp\/v2\/product\/3170","targetHints":{"allow":["GET"]}}],"collection":[{"href":"https:\/\/www.bynaldis-shop.com\/index.php?rest_route=\/wp\/v2\/product"}],"about":[{"href":"https:\/\/www.bynaldis-shop.com\/index.php?rest_route=\/wp\/v2\/types\/product"}],"wp:featuredmedia":[{"embeddable":true,"href":"https:\/\/www.bynaldis-shop.com\/index.php?rest_route=\/wp\/v2\/media\/7840"}],"wp:attachment":[{"href":"https:\/\/www.bynaldis-shop.com\/index.php?rest_route=%2Fwp%2Fv2%2Fmedia&parent=3170"}],"wp:term":[{"taxonomy":"product_brand","embeddable":true,"href":"https:\/\/www.bynaldis-shop.com\/index.php?rest_route=%2Fwp%2Fv2%2Fproduct_brand&post=3170"},{"taxonomy":"product_cat","embeddable":true,"href":"https:\/\/www.bynaldis-shop.com\/index.php?rest_route=%2Fwp%2Fv2%2Fproduct_cat&post=3170"},{"taxonomy":"product_tag","embeddable":true,"href":"https:\/\/www.bynaldis-shop.com\/index.php?rest_route=%2Fwp%2Fv2%2Fproduct_tag&post=3170"}],"curies":[{"name":"wp","href":"https:\/\/api.w.org\/{rel}","templated":true}]}}