{"id":2830,"date":"2020-03-30T11:14:09","date_gmt":"2020-03-30T09:14:09","guid":{"rendered":"https:\/\/www.bynaldis-shop.com\/?post_type=product&#038;p=2830"},"modified":"2025-10-28T12:01:02","modified_gmt":"2025-10-28T11:01:02","slug":"zange-zum-raeuchern","status":"publish","type":"product","link":"https:\/\/www.bynaldis-shop.com\/?product=zange-zum-raeuchern","title":{"rendered":"Zange zum R\u00e4uchern aus reinem Kupfer"},"content":{"rendered":"<p data-start=\"97\" data-end=\"173\"><span class=\"relative -mx-px my-[-0.2rem] rounded px-px py-[0.2rem] transition-colors duration-100 ease-in-out\">Stell dir vor: eine handliche Zange <strong>aus reinem Kupfer<\/strong>, etwa <strong data-start=\"64\" data-end=\"98\">19\u202fcm lang und ca. 12\u202fmm breit<\/strong>, die mit ihrer warmen Farbe und ihrem festen Griff sofort Ruhe und Klarheit schenkt. Sie wurde sorgf\u00e4ltig gefertigt, damit du gl\u00fchende Kohle, Harze oder Kr\u00e4uter sicher greifen kannst \u2013 ohne die Angst, dich zu verbrennen<\/span><\/p>\n<p data-start=\"175\" data-end=\"251\"><span class=\"relative -mx-px my-[-0.2rem] rounded px-px py-[0.2rem] transition-colors duration-100 ease-in-out\">Kupfer geh\u00f6rt zu den \u00e4ltesten und kraftvollsten Metallen: es leitet W\u00e4rme und Energie, ist antibakteriell, langlebig und schimmert mit einer inneren Reinheit \u2013 ganz wie dein eigenes Herz, wenn du einen Moment der Achtsamkeit w\u00e4hlst.<\/span><\/p>\n<p data-start=\"253\" data-end=\"290\"><span class=\"relative -mx-px my-[-0.2rem] rounded px-px py-[0.2rem] transition-colors duration-100 ease-in-out\">Mit dieser Zange hast du ein Werkzeug, das \u00fcber die praktische Nutzung hinausgeht. Sie hilft dir:<\/span><\/p>\n<ul data-start=\"292\" data-end=\"451\">\n<li data-start=\"292\" data-end=\"332\">\n<p data-start=\"294\" data-end=\"332\"><span class=\"relative -mx-px my-[-0.2rem] rounded px-px py-[0.2rem] transition-colors duration-100 ease-in-out\">gl\u00fchende Kohle sicher zu halten oder zu wenden,<\/span><\/p>\n<\/li>\n<li data-start=\"333\" data-end=\"372\">\n<p data-start=\"335\" data-end=\"372\"><span class=\"relative -mx-px my-[-0.2rem] rounded px-px py-[0.2rem] transition-colors duration-100 ease-in-out\">Kr\u00e4uter und Harze behutsam aufzulegen,<\/span><\/p>\n<\/li>\n<li data-start=\"373\" data-end=\"451\">\n<p data-start=\"375\" data-end=\"451\"><span class=\"relative -mx-px my-[-0.2rem] rounded px-px py-[0.2rem] transition-colors duration-100 ease-in-out\">und dein Ritual mit Klarheit, Achtsamkeit und Respekt zu gestalten<\/span><\/p>\n<\/li>\n<\/ul>\n<p data-start=\"453\" data-end=\"492\"><span class=\"relative -mx-px my-[-0.2rem] rounded px-px py-[0.2rem] transition-colors duration-100 ease-in-out\">Kupfer symbolisiert Verbindung und W\u00e4rme \u2013 es unterst\u00fctzt, dass Energie flie\u00dft. Wenn du die Zange in deiner Hand h\u00e4ltst, sp\u00fcrst du nicht nur ihr Gewicht, sondern auch die liebevolle Intention, mit der du arbeitest. Sie begleitet dich, wenn du in eine Atempause gehst oder einen Duft verstr\u00f6mst, der deine R\u00e4ume erf\u00fcllt.<\/span><\/p>\n<p data-start=\"494\" data-end=\"574\"><span class=\"relative -mx-px my-[-0.2rem] rounded px-px py-[0.2rem] transition-colors duration-100 ease-in-out\">Mit jeder Reinigung erh\u00e4lt sie einen nat\u00fcrlichen Glanz \u2013 oft entsteht eine zarte <strong data-start=\"81\" data-end=\"91\">Patina<\/strong>, die das Leben und die Geschichte deiner Praxis sichtbar macht.<\/span><\/p>\n","protected":false},"excerpt":{"rendered":"<p>Stell dir vor: eine handliche Zange aus reinem Kupfer, etwa 19\u202fcm lang und ca. 12\u202fmm breit, die mit ihrer warmen Farbe und ihrem festen Griff sofort Ruhe und Klarheit schenkt. Sie wurde sorgf\u00e4ltig gefertigt, damit du gl\u00fchende Kohle, Harze oder Kr\u00e4uter sicher greifen kannst \u2013 ohne die Angst, dich zu verbrennen Kupfer geh\u00f6rt zu den [&hellip;]<\/p>\n<p><a class=\"read-more\" href=\"https:\/\/www.bynaldis-shop.com\/?product=zange-zum-raeuchern\">Mehr lesen<span class=\"meta-nav\">&rarr;<\/span><\/a><\/p>\n","protected":false},"featured_media":7845,"template":"","meta":[],"product_brand":[],"product_cat":[197],"product_tag":[],"class_list":{"0":"post-2830","1":"product","2":"type-product","3":"status-publish","4":"has-post-thumbnail","6":"product_cat-raeucherzubehoer","8":"first","9":"instock","10":"taxable","11":"shipping-taxable","12":"purchasable","13":"product-type-simple"},"_links":{"self":[{"href":"https:\/\/www.bynaldis-shop.com\/index.php?rest_route=\/wp\/v2\/product\/2830","targetHints":{"allow":["GET"]}}],"collection":[{"href":"https:\/\/www.bynaldis-shop.com\/index.php?rest_route=\/wp\/v2\/product"}],"about":[{"href":"https:\/\/www.bynaldis-shop.com\/index.php?rest_route=\/wp\/v2\/types\/product"}],"wp:featuredmedia":[{"embeddable":true,"href":"https:\/\/www.bynaldis-shop.com\/index.php?rest_route=\/wp\/v2\/media\/7845"}],"wp:attachment":[{"href":"https:\/\/www.bynaldis-shop.com\/index.php?rest_route=%2Fwp%2Fv2%2Fmedia&parent=2830"}],"wp:term":[{"taxonomy":"product_brand","embeddable":true,"href":"https:\/\/www.bynaldis-shop.com\/index.php?rest_route=%2Fwp%2Fv2%2Fproduct_brand&post=2830"},{"taxonomy":"product_cat","embeddable":true,"href":"https:\/\/www.bynaldis-shop.com\/index.php?rest_route=%2Fwp%2Fv2%2Fproduct_cat&post=2830"},{"taxonomy":"product_tag","embeddable":true,"href":"https:\/\/www.bynaldis-shop.com\/index.php?rest_route=%2Fwp%2Fv2%2Fproduct_tag&post=2830"}],"curies":[{"name":"wp","href":"https:\/\/api.w.org\/{rel}","templated":true}]}}