{"id":2618,"date":"2020-01-22T13:12:52","date_gmt":"2020-01-22T12:12:52","guid":{"rendered":"https:\/\/www.bynaldis-shop.com\/?post_type=product&#038;p=2618"},"modified":"2025-10-14T11:03:21","modified_gmt":"2025-10-14T09:03:21","slug":"krafttiere-2","status":"publish","type":"product","link":"https:\/\/www.bynaldis-shop.com\/?product=krafttiere-2","title":{"rendered":"Buch Krafttiere 2 von Jeanne Ruland"},"content":{"rendered":"<p>Krafttiere k\u00f6nnen so vielf\u00e4ltig sein wie die Menschen, denen sie begegnen. Dabei tauchen bestimmte Tierspirits wie L\u00f6we, Wolf oder Adler h\u00e4ufig auf. Doch was ist mit dem aufgeweckten Beagle oder der anmutigen und stolzen Angorakatze? Selbst Ameisen, Rotkehlchen oder die l\u00e4ngst ausgestorbenen Dinosaurier k\u00f6nnen sich uns als pers\u00f6nliche Krafttiere zeigen und uns einen Rat mit auf den Weg geben.<\/p>\n<p>Mit der Fortsetzung von &#8222;Krafttiere begleiten dein Leben&#8220; stellt uns die beliebte Autorin und Krafttier-Expertin Jeanne Ruland mehr als 100 neue, ungew\u00f6hnliche Tierbegleiter vor und gibt Tipps und Impulse zur Kommunikation mit dem geistigen Tierreich.<\/p>\n<p>Diana: Ein Must Have in jedem B\u00fccherschrank. Jedes Tier, welches dir am Tag oder im Traum, egal ob tot oder lebendig begegnet, hat eine Botschaft f\u00fcr dich. Dieses Buch ist so umfangreich und leicht beschrieben, dass es f\u00fcr jeden Menschen nutzbar ist. Tauche noch mehr in die Tierwelt ein und entschl\u00fcssel`so das geheime Wissen des Himmels als Botschaft nur f\u00fcr Dich.<\/p>\n<p>368 Seiten mit mehr als 100 Tiere<\/p>\n<p>Entdecke in unserem Shop auch viele weitere spannende B\u00fccher zur Herzensliebe, Kinder, R\u00e4ucherstoffen, Ritualen, Naturwissen und Spiritualit\u00e4t. Jedes einzelne liebevoll gestaltet, um dich auf deinem pers\u00f6nlichen Weg zu begleiten und zu inspirieren.<\/p>\n","protected":false},"excerpt":{"rendered":"<p>Krafttiere k\u00f6nnen so vielf\u00e4ltig sein wie die Menschen, denen sie begegnen. Dabei tauchen bestimmte Tierspirits wie L\u00f6we, Wolf oder Adler h\u00e4ufig auf. Doch was ist mit dem aufgeweckten Beagle oder der anmutigen und stolzen Angorakatze? Selbst Ameisen, Rotkehlchen oder die l\u00e4ngst ausgestorbenen Dinosaurier k\u00f6nnen sich uns als pers\u00f6nliche Krafttiere zeigen und uns einen Rat mit [&hellip;]<\/p>\n<p><a class=\"read-more\" href=\"https:\/\/www.bynaldis-shop.com\/?product=krafttiere-2\">Mehr lesen<span class=\"meta-nav\">&rarr;<\/span><\/a><\/p>\n","protected":false},"featured_media":9020,"template":"","meta":[],"product_brand":[],"product_cat":[87],"product_tag":[],"class_list":{"0":"post-2618","1":"product","2":"type-product","3":"status-publish","4":"has-post-thumbnail","6":"product_cat-buecher","8":"first","9":"instock","10":"taxable","11":"shipping-taxable","12":"purchasable","13":"product-type-simple"},"_links":{"self":[{"href":"https:\/\/www.bynaldis-shop.com\/index.php?rest_route=\/wp\/v2\/product\/2618","targetHints":{"allow":["GET"]}}],"collection":[{"href":"https:\/\/www.bynaldis-shop.com\/index.php?rest_route=\/wp\/v2\/product"}],"about":[{"href":"https:\/\/www.bynaldis-shop.com\/index.php?rest_route=\/wp\/v2\/types\/product"}],"wp:featuredmedia":[{"embeddable":true,"href":"https:\/\/www.bynaldis-shop.com\/index.php?rest_route=\/wp\/v2\/media\/9020"}],"wp:attachment":[{"href":"https:\/\/www.bynaldis-shop.com\/index.php?rest_route=%2Fwp%2Fv2%2Fmedia&parent=2618"}],"wp:term":[{"taxonomy":"product_brand","embeddable":true,"href":"https:\/\/www.bynaldis-shop.com\/index.php?rest_route=%2Fwp%2Fv2%2Fproduct_brand&post=2618"},{"taxonomy":"product_cat","embeddable":true,"href":"https:\/\/www.bynaldis-shop.com\/index.php?rest_route=%2Fwp%2Fv2%2Fproduct_cat&post=2618"},{"taxonomy":"product_tag","embeddable":true,"href":"https:\/\/www.bynaldis-shop.com\/index.php?rest_route=%2Fwp%2Fv2%2Fproduct_tag&post=2618"}],"curies":[{"name":"wp","href":"https:\/\/api.w.org\/{rel}","templated":true}]}}