{"id":11218,"date":"2026-05-05T11:10:23","date_gmt":"2026-05-05T09:10:23","guid":{"rendered":"https:\/\/www.bynaldis-shop.com\/?post_type=product&#038;p=11218"},"modified":"2026-05-05T11:18:42","modified_gmt":"2026-05-05T09:18:42","slug":"salbei-stick","status":"publish","type":"product","link":"https:\/\/www.bynaldis-shop.com\/?product=salbei-stick","title":{"rendered":"Salbei Stick"},"content":{"rendered":"<p>Nat\u00fcrliche Wei\u00dfer Salbei Smudge R\u00e4ucherware: hierbei handelt es sich um durch und durch nat\u00fcrliche White Sage Smudge Sticks oder Wei\u00dfer Salbei B\u00fcndel, wie sie traditionell bei R\u00e4ucherzeremonien der Ureinwohner Amerikas verbrannt werden, z.B. in Schwitzh\u00fctten. Zunehmend entdecken auch \u00c4rzte, Therapeuten und alle, die beruflich um das Wohl des K\u00f6rpers bem\u00fcht sind, den segensreichen Aspekt dieser Kr\u00e4uter. Diese Kr\u00e4uterb\u00fcndel geben uns \u00fcberall auf der Welt die M\u00f6glichkeit, uns wieder mit der Kraft von Mutter Erde zu verbinden. Der Gebrauch von Pflanzen- und Harzrauch stammt wohl aus uralten Zeiten, als die ersten Feuer in den H\u00f6hlen brannten. Die Zeremonie Menschen, Orte und Dinge mithilfe von Rauch zu reinigen hat sich bis heute erhalten. Insekten werden durch den Rauch ferngehalten; und bestimmte Formen des R\u00e4ucherns machen Lebensmittel und Vorr\u00e4te haltbar. Dar\u00fcber hinaus k\u00f6nnen manche R\u00e4ucherstoffe Schutz vor unsichtbaren Geistern und negativen Gedanken gew\u00e4hren. Um die reinigende und besch\u00fctzende Kraft eines R\u00e4ucherwerks zu entfalten, wird ein Blatt oder Harz erhitzt und sein Rauch \u00fcber die Person oder ein Objekt gef\u00e4chelt, oft mit einem Federf\u00e4cher. Manchen Pflanzen wird dabei eher eine heilende Wirkung, anderen eine Kraft spendende zugesprochen. Rauch wird erzeugt, indem man trockene Kr\u00e4uter auf hei\u00dfe Kohle oder Steine gibt, oder indem man sie in einer Lehmschale oder Muschel entz\u00fcndet. Der Wei\u00dfe Salbei wird traditionell bei Zeremonien benutzt und wird in Medizinbeuteln und B\u00fcndeln verwahrt. Dar\u00fcber hinaus werden die Bl\u00e4tter wegen ihres starken Aromas gesch\u00e4tzt, das sie auch zum nat\u00fcrlichen Mottenschutz macht. Der Wei\u00dfe Salbei kann also auf vielf\u00e4ltige Weise genutzt werden. Die Indianer des Flachlandes bedecken den Boden ihrer Schwitzh\u00fctten mit den Bl\u00e4ttern des Salbeistrauches. Bei dieser Zeremonie atmen sie auch durch ein kleines Salbei-B\u00fcndel und reiben ihren K\u00f6rper damit ab. Wei\u00dfer Salbei schw\u00e4cht die schlechten &#8218;Spirits&#8216; und sie verschwinden beim Abbrennen. Die guten &#8218;Spirits&#8216; aber bleiben.<\/p>\n<p>94g, 23 x 5cm<\/p>\n","protected":false},"excerpt":{"rendered":"<p>Nat\u00fcrliche Wei\u00dfer Salbei Smudge R\u00e4ucherware: hierbei handelt es sich um durch und durch nat\u00fcrliche White Sage Smudge Sticks oder Wei\u00dfer Salbei B\u00fcndel, wie sie traditionell bei R\u00e4ucherzeremonien der Ureinwohner Amerikas verbrannt werden, z.B. in Schwitzh\u00fctten. Zunehmend entdecken auch \u00c4rzte, Therapeuten und alle, die beruflich um das Wohl des K\u00f6rpers bem\u00fcht sind, den segensreichen Aspekt dieser [&hellip;]<\/p>\n<p><a class=\"read-more\" href=\"https:\/\/www.bynaldis-shop.com\/?product=salbei-stick\">Mehr lesen<span class=\"meta-nav\">&rarr;<\/span><\/a><\/p>\n","protected":false},"featured_media":11220,"template":"","meta":[],"product_brand":[],"product_cat":[248],"product_tag":[],"class_list":{"0":"post-11218","1":"product","2":"type-product","3":"status-publish","4":"has-post-thumbnail","6":"product_cat-salbei-zubehoer","8":"first","9":"instock","10":"taxable","11":"shipping-taxable","12":"purchasable","13":"product-type-simple"},"_links":{"self":[{"href":"https:\/\/www.bynaldis-shop.com\/index.php?rest_route=\/wp\/v2\/product\/11218","targetHints":{"allow":["GET"]}}],"collection":[{"href":"https:\/\/www.bynaldis-shop.com\/index.php?rest_route=\/wp\/v2\/product"}],"about":[{"href":"https:\/\/www.bynaldis-shop.com\/index.php?rest_route=\/wp\/v2\/types\/product"}],"wp:featuredmedia":[{"embeddable":true,"href":"https:\/\/www.bynaldis-shop.com\/index.php?rest_route=\/wp\/v2\/media\/11220"}],"wp:attachment":[{"href":"https:\/\/www.bynaldis-shop.com\/index.php?rest_route=%2Fwp%2Fv2%2Fmedia&parent=11218"}],"wp:term":[{"taxonomy":"product_brand","embeddable":true,"href":"https:\/\/www.bynaldis-shop.com\/index.php?rest_route=%2Fwp%2Fv2%2Fproduct_brand&post=11218"},{"taxonomy":"product_cat","embeddable":true,"href":"https:\/\/www.bynaldis-shop.com\/index.php?rest_route=%2Fwp%2Fv2%2Fproduct_cat&post=11218"},{"taxonomy":"product_tag","embeddable":true,"href":"https:\/\/www.bynaldis-shop.com\/index.php?rest_route=%2Fwp%2Fv2%2Fproduct_tag&post=11218"}],"curies":[{"name":"wp","href":"https:\/\/api.w.org\/{rel}","templated":true}]}}