{"id":11214,"date":"2026-04-26T18:34:50","date_gmt":"2026-04-26T16:34:50","guid":{"rendered":"https:\/\/www.bynaldis-shop.com\/?post_type=product&#038;p=11214"},"modified":"2026-05-05T10:50:45","modified_gmt":"2026-05-05T08:50:45","slug":"willow-tree-versprochen","status":"publish","type":"product","link":"https:\/\/www.bynaldis-shop.com\/?product=willow-tree-versprochen","title":{"rendered":"Willow Tree &#8211; Versprochen"},"content":{"rendered":"<div>\n<div class=\"hidden-xs\">Willow Tree ist eine intime Reihe figurativer Skulpturen, die Gef\u00fchle von Liebe, N\u00e4he, Heilung, Mut, Hoffnung &#8230; all den Emotionen, denen wir im Leben begegnen, repr\u00e4sentieren. &#8222;Ich habe dieses St\u00fcck so geschnitzt, dass es &#8218;im Runden&#8216; betrachtet werden kann. Man bekommt ein anderes Verst\u00e4ndnis je nachdem, wie man das St\u00fcck dreht. Wenn man von der Seite schaut, wo man die Arme des Mannes und der Frau umeinander sehen kann, sieht es aus, als w\u00fcrden sie sich k\u00fcssen. Wenn man es dreht und von der Stelle betrachtet, an der man ihre Gesichter und verschr\u00e4nkten H\u00e4nde sehen kann, sieht es aus, als w\u00fcrden sie tanzen \u2013 und es ist ein v\u00f6llig anderes Werk. Ich mag diese Dualit\u00e4t der Interpretation.&#8220; \u2013 Susan Lordi. Der Gegenstand ist aus gegossenem Stein gefertigt und mit bleifreier Farbe handbemalt. Geliefert in einer Marken-Geschenkbox und einem Geschenkanh\u00e4nger mit der Aufschrift &#8218;Halte das Versprechen der Liebe&#8216;. Kein Spielzeug oder Kinderprodukt. Nur f\u00fcr Erwachsene gedacht.<\/div>\n<\/div>\n<div><\/div>\n<div>Gussstein, handbemalt, Geschenkbox inklusive Geschenkanh\u00e4nger mit Spruch<\/div>\n","protected":false},"excerpt":{"rendered":"<p>Willow Tree ist eine intime Reihe figurativer Skulpturen, die Gef\u00fchle von Liebe, N\u00e4he, Heilung, Mut, Hoffnung &#8230; all den Emotionen, denen wir im Leben begegnen, repr\u00e4sentieren. &#8222;Ich habe dieses St\u00fcck so geschnitzt, dass es &#8218;im Runden&#8216; betrachtet werden kann. Man bekommt ein anderes Verst\u00e4ndnis je nachdem, wie man das St\u00fcck dreht. Wenn man von der [&hellip;]<\/p>\n<p><a class=\"read-more\" href=\"https:\/\/www.bynaldis-shop.com\/?product=willow-tree-versprochen\">Mehr lesen<span class=\"meta-nav\">&rarr;<\/span><\/a><\/p>\n","protected":false},"featured_media":11215,"template":"","meta":[],"product_brand":[],"product_cat":[253,174],"product_tag":[],"class_list":{"0":"post-11214","1":"product","2":"type-product","3":"status-publish","4":"has-post-thumbnail","6":"product_cat-neu","7":"product_cat-willow-tree","9":"first","10":"instock","11":"taxable","12":"shipping-taxable","13":"purchasable","14":"product-type-simple"},"_links":{"self":[{"href":"https:\/\/www.bynaldis-shop.com\/index.php?rest_route=\/wp\/v2\/product\/11214","targetHints":{"allow":["GET"]}}],"collection":[{"href":"https:\/\/www.bynaldis-shop.com\/index.php?rest_route=\/wp\/v2\/product"}],"about":[{"href":"https:\/\/www.bynaldis-shop.com\/index.php?rest_route=\/wp\/v2\/types\/product"}],"wp:featuredmedia":[{"embeddable":true,"href":"https:\/\/www.bynaldis-shop.com\/index.php?rest_route=\/wp\/v2\/media\/11215"}],"wp:attachment":[{"href":"https:\/\/www.bynaldis-shop.com\/index.php?rest_route=%2Fwp%2Fv2%2Fmedia&parent=11214"}],"wp:term":[{"taxonomy":"product_brand","embeddable":true,"href":"https:\/\/www.bynaldis-shop.com\/index.php?rest_route=%2Fwp%2Fv2%2Fproduct_brand&post=11214"},{"taxonomy":"product_cat","embeddable":true,"href":"https:\/\/www.bynaldis-shop.com\/index.php?rest_route=%2Fwp%2Fv2%2Fproduct_cat&post=11214"},{"taxonomy":"product_tag","embeddable":true,"href":"https:\/\/www.bynaldis-shop.com\/index.php?rest_route=%2Fwp%2Fv2%2Fproduct_tag&post=11214"}],"curies":[{"name":"wp","href":"https:\/\/api.w.org\/{rel}","templated":true}]}}