{"id":11212,"date":"2026-04-26T18:33:00","date_gmt":"2026-04-26T16:33:00","guid":{"rendered":"https:\/\/www.bynaldis-shop.com\/?post_type=product&#038;p=11212"},"modified":"2026-05-05T10:51:04","modified_gmt":"2026-05-05T08:51:04","slug":"willow-tree-glueck","status":"publish","type":"product","link":"https:\/\/www.bynaldis-shop.com\/?product=willow-tree-glueck","title":{"rendered":"Willow Tree &#8211; Gl\u00fcck"},"content":{"rendered":"<div>\n<div class=\"hidden-xs\">Willow Tree ist eine intime Linie figurativer Skulpturen, die Gef\u00fchle wie Liebe, N\u00e4he, Heilung, Mut, Hoffnung &#8230; all die Emotionen, denen wir im Leben begegnen, darstellen. &#8222;Ich hoffe, dieses St\u00fcck ist sehr offen f\u00fcr die Interpretation durch den Betrachter. F\u00fcr mich ist es die reine Freude, die das Schaffen \u2013 in all seinen Formen \u2013 entsteht. Eine Randnotiz&#8230; Ich liebe Blauh\u00e4her.&#8220; &#8211; Susan Lordi. Der Gegenstand ist aus gegossenem Stein gefertigt und mit bleifreier Farbe handbemalt. Geliefert in einer gebrandeten Geschenkbox und einem Geschenkanh\u00e4nger mit der Aufschrift &#8218;KOSTENLOS zum Singen, Lachen, Tanzen&#8230; Erschaffen&#8216;. Kein Spielzeug oder Kinderprodukt. Nur f\u00fcr Erwachsene bestimmt.<\/div>\n<\/div>\n<div><\/div>\n<div>Gussstein, handbemalt, Geschenkbox inklusive Geschenkanh\u00e4nger mit Spruch<\/div>\n","protected":false},"excerpt":{"rendered":"<p>Willow Tree ist eine intime Linie figurativer Skulpturen, die Gef\u00fchle wie Liebe, N\u00e4he, Heilung, Mut, Hoffnung &#8230; all die Emotionen, denen wir im Leben begegnen, darstellen. &#8222;Ich hoffe, dieses St\u00fcck ist sehr offen f\u00fcr die Interpretation durch den Betrachter. F\u00fcr mich ist es die reine Freude, die das Schaffen \u2013 in all seinen Formen \u2013 [&hellip;]<\/p>\n<p><a class=\"read-more\" href=\"https:\/\/www.bynaldis-shop.com\/?product=willow-tree-glueck\">Mehr lesen<span class=\"meta-nav\">&rarr;<\/span><\/a><\/p>\n","protected":false},"featured_media":11213,"template":"","meta":[],"product_brand":[],"product_cat":[253,174],"product_tag":[],"class_list":{"0":"post-11212","1":"product","2":"type-product","3":"status-publish","4":"has-post-thumbnail","6":"product_cat-neu","7":"product_cat-willow-tree","9":"first","10":"instock","11":"taxable","12":"shipping-taxable","13":"purchasable","14":"product-type-simple"},"_links":{"self":[{"href":"https:\/\/www.bynaldis-shop.com\/index.php?rest_route=\/wp\/v2\/product\/11212","targetHints":{"allow":["GET"]}}],"collection":[{"href":"https:\/\/www.bynaldis-shop.com\/index.php?rest_route=\/wp\/v2\/product"}],"about":[{"href":"https:\/\/www.bynaldis-shop.com\/index.php?rest_route=\/wp\/v2\/types\/product"}],"wp:featuredmedia":[{"embeddable":true,"href":"https:\/\/www.bynaldis-shop.com\/index.php?rest_route=\/wp\/v2\/media\/11213"}],"wp:attachment":[{"href":"https:\/\/www.bynaldis-shop.com\/index.php?rest_route=%2Fwp%2Fv2%2Fmedia&parent=11212"}],"wp:term":[{"taxonomy":"product_brand","embeddable":true,"href":"https:\/\/www.bynaldis-shop.com\/index.php?rest_route=%2Fwp%2Fv2%2Fproduct_brand&post=11212"},{"taxonomy":"product_cat","embeddable":true,"href":"https:\/\/www.bynaldis-shop.com\/index.php?rest_route=%2Fwp%2Fv2%2Fproduct_cat&post=11212"},{"taxonomy":"product_tag","embeddable":true,"href":"https:\/\/www.bynaldis-shop.com\/index.php?rest_route=%2Fwp%2Fv2%2Fproduct_tag&post=11212"}],"curies":[{"name":"wp","href":"https:\/\/api.w.org\/{rel}","templated":true}]}}