{"id":11209,"date":"2026-04-26T18:29:48","date_gmt":"2026-04-26T16:29:48","guid":{"rendered":"https:\/\/www.bynaldis-shop.com\/?post_type=product&#038;p=11209"},"modified":"2026-05-05T10:51:24","modified_gmt":"2026-05-05T08:51:24","slug":"willow-tree-warme-umarmung","status":"publish","type":"product","link":"https:\/\/www.bynaldis-shop.com\/?product=willow-tree-warme-umarmung","title":{"rendered":"Willow Tree &#8211; Warme Umarmung"},"content":{"rendered":"<div>\n<div class=\"hidden-xs\">Willow Tree ist eine intime Linie figurativer Skulpturen, die Gef\u00fchle von Liebe, N\u00e4he, Heilung, Mut, Hoffnung &#8230; all die Gef\u00fchle, denen wir im Leben begegnen, repr\u00e4sentieren. &#8222;Warm Embrace handelt davon, was im Sommer unsere Sinne erf\u00fcllt \u2013 das Gef\u00fchl von Sonnenschein auf der Haut, der Duft frisch gem\u00e4htes Grases, das Ger\u00e4usch von Insekten, der Geschmack von selbstangebauten Tomaten \u2013 all das, was zum Sommer geh\u00f6rt. Eine warme Umarmung durch Familie und Freunde kann auf magische Weise genau diese Empfindungen hervorrufen&#8230; egal zu welcher Jahreszeit.&#8220; &#8211; Susan Lordi. Der Gegenstand ist aus gegossenem Stein gefertigt und mit bleifreier Farbe handbemalt. Geliefert in einer gebrandeten Geschenkbox und einem Geschenkanh\u00e4nger mit der Aufschrift &#8218;Umgeben von der W\u00e4rme von Familie und Freunden&#8216;. Kein Spielzeug oder Kinderprodukt. Nur f\u00fcr Erwachsene gedacht.<\/div>\n<\/div>\n<div><\/div>\n<div>Gussstein, handbemalt, Geschenkbox inklusive Geschenkanh\u00e4nger mit Spruch<\/div>\n","protected":false},"excerpt":{"rendered":"<p>Willow Tree ist eine intime Linie figurativer Skulpturen, die Gef\u00fchle von Liebe, N\u00e4he, Heilung, Mut, Hoffnung &#8230; all die Gef\u00fchle, denen wir im Leben begegnen, repr\u00e4sentieren. &#8222;Warm Embrace handelt davon, was im Sommer unsere Sinne erf\u00fcllt \u2013 das Gef\u00fchl von Sonnenschein auf der Haut, der Duft frisch gem\u00e4htes Grases, das Ger\u00e4usch von Insekten, der Geschmack [&hellip;]<\/p>\n<p><a class=\"read-more\" href=\"https:\/\/www.bynaldis-shop.com\/?product=willow-tree-warme-umarmung\">Mehr lesen<span class=\"meta-nav\">&rarr;<\/span><\/a><\/p>\n","protected":false},"featured_media":11210,"template":"","meta":[],"product_brand":[],"product_cat":[253,174],"product_tag":[],"class_list":{"0":"post-11209","1":"product","2":"type-product","3":"status-publish","4":"has-post-thumbnail","6":"product_cat-neu","7":"product_cat-willow-tree","9":"first","10":"instock","11":"taxable","12":"shipping-taxable","13":"purchasable","14":"product-type-simple"},"_links":{"self":[{"href":"https:\/\/www.bynaldis-shop.com\/index.php?rest_route=\/wp\/v2\/product\/11209","targetHints":{"allow":["GET"]}}],"collection":[{"href":"https:\/\/www.bynaldis-shop.com\/index.php?rest_route=\/wp\/v2\/product"}],"about":[{"href":"https:\/\/www.bynaldis-shop.com\/index.php?rest_route=\/wp\/v2\/types\/product"}],"wp:featuredmedia":[{"embeddable":true,"href":"https:\/\/www.bynaldis-shop.com\/index.php?rest_route=\/wp\/v2\/media\/11210"}],"wp:attachment":[{"href":"https:\/\/www.bynaldis-shop.com\/index.php?rest_route=%2Fwp%2Fv2%2Fmedia&parent=11209"}],"wp:term":[{"taxonomy":"product_brand","embeddable":true,"href":"https:\/\/www.bynaldis-shop.com\/index.php?rest_route=%2Fwp%2Fv2%2Fproduct_brand&post=11209"},{"taxonomy":"product_cat","embeddable":true,"href":"https:\/\/www.bynaldis-shop.com\/index.php?rest_route=%2Fwp%2Fv2%2Fproduct_cat&post=11209"},{"taxonomy":"product_tag","embeddable":true,"href":"https:\/\/www.bynaldis-shop.com\/index.php?rest_route=%2Fwp%2Fv2%2Fproduct_tag&post=11209"}],"curies":[{"name":"wp","href":"https:\/\/api.w.org\/{rel}","templated":true}]}}