{"id":11203,"date":"2026-04-26T18:02:40","date_gmt":"2026-04-26T16:02:40","guid":{"rendered":"https:\/\/www.bynaldis-shop.com\/?post_type=product&#038;p=11203"},"modified":"2026-05-05T10:57:50","modified_gmt":"2026-05-05T08:57:50","slug":"willow-tree-kleine-dinge","status":"publish","type":"product","link":"https:\/\/www.bynaldis-shop.com\/?product=willow-tree-kleine-dinge","title":{"rendered":"Willow Tree &#8211; Kleine Dinge"},"content":{"rendered":"<div>\n<div class=\"hidden-xs\">Willow Tree ist eine intime Linie figurativer Skulpturen, die Gef\u00fchle wie Liebe, N\u00e4he, Heilung, Mut, Hoffnung &#8230; all die Emotionen, denen wir im Leben begegnen, repr\u00e4sentieren. &#8222;Es sind die kleinen Dinge, die wir tun, die einen gro\u00dfen Unterschied machen&#8220; \u2013 Susan Lordi Ein wundersch\u00f6nes Dankesgeschenk f\u00fcr diejenigen, die freundlich zueinander handeln, wie Freiwillige oder wichtige Arbeiter; ein Werk f\u00fcr G\u00e4rtner, Natursch\u00fctzer, diejenigen, die Monarchfalter lieben, und alle Aspekte der Natur. Der Gegenstand ist aus gegossenem Stein gefertigt und mit bleifreier Farbe handbemalt. Geliefert in einer gebrandeten Geschenkbox und einem Geschenkanh\u00e4nger mit dem Hinweis &#8222;Es sind die kleinen Dinge, die einen gro\u00dfen Unterschied machen&#8220;.<\/div>\n<\/div>\n<div><\/div>\n<div>Gussstein, handbemalt, Geschenkbox inklusive Geschenkanh\u00e4nger mit Spruch<\/div>\n","protected":false},"excerpt":{"rendered":"<p>Willow Tree ist eine intime Linie figurativer Skulpturen, die Gef\u00fchle wie Liebe, N\u00e4he, Heilung, Mut, Hoffnung &#8230; all die Emotionen, denen wir im Leben begegnen, repr\u00e4sentieren. &#8222;Es sind die kleinen Dinge, die wir tun, die einen gro\u00dfen Unterschied machen&#8220; \u2013 Susan Lordi Ein wundersch\u00f6nes Dankesgeschenk f\u00fcr diejenigen, die freundlich zueinander handeln, wie Freiwillige oder wichtige [&hellip;]<\/p>\n<p><a class=\"read-more\" href=\"https:\/\/www.bynaldis-shop.com\/?product=willow-tree-kleine-dinge\">Mehr lesen<span class=\"meta-nav\">&rarr;<\/span><\/a><\/p>\n","protected":false},"featured_media":11204,"template":"","meta":[],"product_brand":[],"product_cat":[253,174],"product_tag":[],"class_list":{"0":"post-11203","1":"product","2":"type-product","3":"status-publish","4":"has-post-thumbnail","6":"product_cat-neu","7":"product_cat-willow-tree","9":"first","10":"instock","11":"taxable","12":"shipping-taxable","13":"purchasable","14":"product-type-simple"},"_links":{"self":[{"href":"https:\/\/www.bynaldis-shop.com\/index.php?rest_route=\/wp\/v2\/product\/11203","targetHints":{"allow":["GET"]}}],"collection":[{"href":"https:\/\/www.bynaldis-shop.com\/index.php?rest_route=\/wp\/v2\/product"}],"about":[{"href":"https:\/\/www.bynaldis-shop.com\/index.php?rest_route=\/wp\/v2\/types\/product"}],"wp:featuredmedia":[{"embeddable":true,"href":"https:\/\/www.bynaldis-shop.com\/index.php?rest_route=\/wp\/v2\/media\/11204"}],"wp:attachment":[{"href":"https:\/\/www.bynaldis-shop.com\/index.php?rest_route=%2Fwp%2Fv2%2Fmedia&parent=11203"}],"wp:term":[{"taxonomy":"product_brand","embeddable":true,"href":"https:\/\/www.bynaldis-shop.com\/index.php?rest_route=%2Fwp%2Fv2%2Fproduct_brand&post=11203"},{"taxonomy":"product_cat","embeddable":true,"href":"https:\/\/www.bynaldis-shop.com\/index.php?rest_route=%2Fwp%2Fv2%2Fproduct_cat&post=11203"},{"taxonomy":"product_tag","embeddable":true,"href":"https:\/\/www.bynaldis-shop.com\/index.php?rest_route=%2Fwp%2Fv2%2Fproduct_tag&post=11203"}],"curies":[{"name":"wp","href":"https:\/\/api.w.org\/{rel}","templated":true}]}}