{"id":11201,"date":"2026-04-26T18:00:20","date_gmt":"2026-04-26T16:00:20","guid":{"rendered":"https:\/\/www.bynaldis-shop.com\/?post_type=product&#038;p=11201"},"modified":"2026-05-05T10:59:55","modified_gmt":"2026-05-05T08:59:55","slug":"willow-tree-ein-baum-ein-gebet","status":"publish","type":"product","link":"https:\/\/www.bynaldis-shop.com\/?product=willow-tree-ein-baum-ein-gebet","title":{"rendered":"Willow Tree &#8211; Ein Baum, ein Gebet"},"content":{"rendered":"<div>\n<div class=\"hidden-xs\">Ein Geschenk, um Hoffnung und Heilung zu tr\u00f6sten und zu f\u00f6rdern, spirituelle Meilensteine wie Taufe, Erstkommunion, Firmung zu feiern oder zur Krippenausstellung hinzuzuf\u00fcgen. &#8222;Ein Baum kann eine Metapher f\u00fcr St\u00e4rke, Sch\u00f6nheit und Frieden sein \u2013 Eigenschaften, nach denen wir alle streben. Das Gebet ist eines der Hoffnung und Heilung; \u00fcber das Leben im Moment. Der Titel ist ebenso sehr ein Gebet wie das Gef\u00fchl. Dieses St\u00fcck ist sehr offen. Der Baum kann ein Symbol f\u00fcr alles sein, was zentriert und inspirierend ist. B\u00e4ume sind erdend \u2013 eine Verbindung zu dem, was uns tr\u00e4gt. Er k\u00f6nnte auch auf den Baum des Lebens verweisen \u2013 ein universelles Symbol in vielen verschiedenen Religionen, sowohl christlichen als auch nicht-christlichen.&#8220; \u2013 Susan Lordi. Diese Figur enth\u00e4lt ein Geschenkanh\u00e4nger mit dem Spruch &#8218;M\u00f6gest du jeden Tag St\u00e4rke, Sch\u00f6nheit und Frieden finden&#8216;.<\/div>\n<\/div>\n<div><\/div>\n<div>Gussstein, handbemalt, Geschenkbox inklusive Geschenkanh\u00e4nger mit Spruch<\/div>\n","protected":false},"excerpt":{"rendered":"<p>Ein Geschenk, um Hoffnung und Heilung zu tr\u00f6sten und zu f\u00f6rdern, spirituelle Meilensteine wie Taufe, Erstkommunion, Firmung zu feiern oder zur Krippenausstellung hinzuzuf\u00fcgen. &#8222;Ein Baum kann eine Metapher f\u00fcr St\u00e4rke, Sch\u00f6nheit und Frieden sein \u2013 Eigenschaften, nach denen wir alle streben. Das Gebet ist eines der Hoffnung und Heilung; \u00fcber das Leben im Moment. Der [&hellip;]<\/p>\n<p><a class=\"read-more\" href=\"https:\/\/www.bynaldis-shop.com\/?product=willow-tree-ein-baum-ein-gebet\">Mehr lesen<span class=\"meta-nav\">&rarr;<\/span><\/a><\/p>\n","protected":false},"featured_media":11202,"template":"","meta":[],"product_brand":[],"product_cat":[253,174],"product_tag":[],"class_list":{"0":"post-11201","1":"product","2":"type-product","3":"status-publish","4":"has-post-thumbnail","6":"product_cat-neu","7":"product_cat-willow-tree","9":"first","10":"instock","11":"taxable","12":"shipping-taxable","13":"purchasable","14":"product-type-simple"},"_links":{"self":[{"href":"https:\/\/www.bynaldis-shop.com\/index.php?rest_route=\/wp\/v2\/product\/11201","targetHints":{"allow":["GET"]}}],"collection":[{"href":"https:\/\/www.bynaldis-shop.com\/index.php?rest_route=\/wp\/v2\/product"}],"about":[{"href":"https:\/\/www.bynaldis-shop.com\/index.php?rest_route=\/wp\/v2\/types\/product"}],"wp:featuredmedia":[{"embeddable":true,"href":"https:\/\/www.bynaldis-shop.com\/index.php?rest_route=\/wp\/v2\/media\/11202"}],"wp:attachment":[{"href":"https:\/\/www.bynaldis-shop.com\/index.php?rest_route=%2Fwp%2Fv2%2Fmedia&parent=11201"}],"wp:term":[{"taxonomy":"product_brand","embeddable":true,"href":"https:\/\/www.bynaldis-shop.com\/index.php?rest_route=%2Fwp%2Fv2%2Fproduct_brand&post=11201"},{"taxonomy":"product_cat","embeddable":true,"href":"https:\/\/www.bynaldis-shop.com\/index.php?rest_route=%2Fwp%2Fv2%2Fproduct_cat&post=11201"},{"taxonomy":"product_tag","embeddable":true,"href":"https:\/\/www.bynaldis-shop.com\/index.php?rest_route=%2Fwp%2Fv2%2Fproduct_tag&post=11201"}],"curies":[{"name":"wp","href":"https:\/\/api.w.org\/{rel}","templated":true}]}}