{"id":11199,"date":"2026-04-26T17:56:57","date_gmt":"2026-04-26T15:56:57","guid":{"rendered":"https:\/\/www.bynaldis-shop.com\/?post_type=product&#038;p=11199"},"modified":"2026-05-05T11:00:17","modified_gmt":"2026-05-05T09:00:17","slug":"willow-tree-engel-der-hoffnung","status":"publish","type":"product","link":"https:\/\/www.bynaldis-shop.com\/?product=willow-tree-engel-der-hoffnung","title":{"rendered":"Willow Tree &#8211; Engel der Hoffnung"},"content":{"rendered":"<div>\n<div class=\"hidden-xs\"><span>Ein Geschenk, um Hoffnung und Heilung zu tr\u00f6sten und zu f\u00f6rdern. Kann zur Krippenausstellung hinzugef\u00fcgt werden. &#8222;Ich liebe die Idee, eine Kerze f\u00fcr jemanden anzuz\u00fcnden, oder f\u00fcr einen Wunsch, oder einen Gedanken&#8230; sie am Leben zu erhalten, sie weiterzutragen&#8230; Es ist wichtig, dass die Flamme klein ist \u2013 manchmal ist sie nur ein kleines Flackern oder ein fl\u00fcchtiges Zeichen, das dir Hoffnung geben kann&#8230; Ich wollte, dass Angel of Hope ein positives St\u00fcck ist. So etwas wie der kleine Funke, der uns am Leben h\u00e4lt.&#8220; \u2013 Susan Lordi. Diese Figur enth\u00e4lt einen Geschenkanh\u00e4nger mit dem Spruch &#8218;Jeden Tag neue Hoffnung&#8216;.<\/span><\/div>\n<\/div>\n<div><\/div>\n<div>Gussstein, handbemalt, Geschenkbox inklusive Geschenkanh\u00e4nger mit Spruch<\/div>\n","protected":false},"excerpt":{"rendered":"<p>Ein Geschenk, um Hoffnung und Heilung zu tr\u00f6sten und zu f\u00f6rdern. Kann zur Krippenausstellung hinzugef\u00fcgt werden. &#8222;Ich liebe die Idee, eine Kerze f\u00fcr jemanden anzuz\u00fcnden, oder f\u00fcr einen Wunsch, oder einen Gedanken&#8230; sie am Leben zu erhalten, sie weiterzutragen&#8230; Es ist wichtig, dass die Flamme klein ist \u2013 manchmal ist sie nur ein kleines Flackern [&hellip;]<\/p>\n<p><a class=\"read-more\" href=\"https:\/\/www.bynaldis-shop.com\/?product=willow-tree-engel-der-hoffnung\">Mehr lesen<span class=\"meta-nav\">&rarr;<\/span><\/a><\/p>\n","protected":false},"featured_media":11200,"template":"","meta":[],"product_brand":[],"product_cat":[253,174],"product_tag":[],"class_list":{"0":"post-11199","1":"product","2":"type-product","3":"status-publish","4":"has-post-thumbnail","6":"product_cat-neu","7":"product_cat-willow-tree","9":"first","10":"instock","11":"taxable","12":"shipping-taxable","13":"purchasable","14":"product-type-simple"},"_links":{"self":[{"href":"https:\/\/www.bynaldis-shop.com\/index.php?rest_route=\/wp\/v2\/product\/11199","targetHints":{"allow":["GET"]}}],"collection":[{"href":"https:\/\/www.bynaldis-shop.com\/index.php?rest_route=\/wp\/v2\/product"}],"about":[{"href":"https:\/\/www.bynaldis-shop.com\/index.php?rest_route=\/wp\/v2\/types\/product"}],"wp:featuredmedia":[{"embeddable":true,"href":"https:\/\/www.bynaldis-shop.com\/index.php?rest_route=\/wp\/v2\/media\/11200"}],"wp:attachment":[{"href":"https:\/\/www.bynaldis-shop.com\/index.php?rest_route=%2Fwp%2Fv2%2Fmedia&parent=11199"}],"wp:term":[{"taxonomy":"product_brand","embeddable":true,"href":"https:\/\/www.bynaldis-shop.com\/index.php?rest_route=%2Fwp%2Fv2%2Fproduct_brand&post=11199"},{"taxonomy":"product_cat","embeddable":true,"href":"https:\/\/www.bynaldis-shop.com\/index.php?rest_route=%2Fwp%2Fv2%2Fproduct_cat&post=11199"},{"taxonomy":"product_tag","embeddable":true,"href":"https:\/\/www.bynaldis-shop.com\/index.php?rest_route=%2Fwp%2Fv2%2Fproduct_tag&post=11199"}],"curies":[{"name":"wp","href":"https:\/\/api.w.org\/{rel}","templated":true}]}}