{"id":11195,"date":"2026-04-26T17:53:35","date_gmt":"2026-04-26T15:53:35","guid":{"rendered":"https:\/\/www.bynaldis-shop.com\/?post_type=product&#038;p=11195"},"modified":"2026-05-05T11:00:54","modified_gmt":"2026-05-05T09:00:54","slug":"willow-tree-jubilaeum","status":"publish","type":"product","link":"https:\/\/www.bynaldis-shop.com\/?product=willow-tree-jubilaeum","title":{"rendered":"Willow Tree &#8211; Jubil\u00e4um"},"content":{"rendered":"<div>Willow Tree ist eine intime Linie figurativer Skulpturen, die Gef\u00fchle von Liebe, N\u00e4he, Heilung, Mut, Hoffnung repr\u00e4sentieren&#8230; all die Emotionen, denen wir im Leben begegnen. &#8222;Ich habe dieses St\u00fcck unter Verwendung meiner Eltern als Modelle modelliert. Als ich sie bat, sich zu setzen und es sich bequem zu machen, schienen sie einfach so perfekt zusammenzupassen&#8230;. Die Schnitzerei auf der R\u00fcckseite ist eine kleine zus\u00e4tzliche Entdeckung&#8230; &#8218;Ich liebe dich&#8216;. Ich mag den Klang des Wortes &#8218;dich&#8216;. Es wirkt f\u00fcr mich poetisch und intim.&#8220; &#8211; Susan Lordi. Der Gegenstand ist aus gegossenem Stein gefertigt und mit bleifreier Farbe handbemalt. Geliefert in einer gebrandeten Geschenkbox und einem Geschenkanh\u00e4nger mit der Aufschrift &#8218;Love ever standes&#8216;. Kein Spielzeug oder Kinderprodukt. Nur f\u00fcr Erwachsene gedacht.<\/div>\n<div><\/div>\n<div>Gussstein, handbemalt, Geschenkbox inklusive Geschenkanh\u00e4nger mit Spruch<\/div>\n","protected":false},"excerpt":{"rendered":"<p>Willow Tree ist eine intime Linie figurativer Skulpturen, die Gef\u00fchle von Liebe, N\u00e4he, Heilung, Mut, Hoffnung repr\u00e4sentieren&#8230; all die Emotionen, denen wir im Leben begegnen. &#8222;Ich habe dieses St\u00fcck unter Verwendung meiner Eltern als Modelle modelliert. Als ich sie bat, sich zu setzen und es sich bequem zu machen, schienen sie einfach so perfekt zusammenzupassen&#8230;. [&hellip;]<\/p>\n<p><a class=\"read-more\" href=\"https:\/\/www.bynaldis-shop.com\/?product=willow-tree-jubilaeum\">Mehr lesen<span class=\"meta-nav\">&rarr;<\/span><\/a><\/p>\n","protected":false},"featured_media":11196,"template":"","meta":[],"product_brand":[],"product_cat":[253,174],"product_tag":[],"class_list":{"0":"post-11195","1":"product","2":"type-product","3":"status-publish","4":"has-post-thumbnail","6":"product_cat-neu","7":"product_cat-willow-tree","9":"first","10":"instock","11":"taxable","12":"shipping-taxable","13":"purchasable","14":"product-type-simple"},"_links":{"self":[{"href":"https:\/\/www.bynaldis-shop.com\/index.php?rest_route=\/wp\/v2\/product\/11195","targetHints":{"allow":["GET"]}}],"collection":[{"href":"https:\/\/www.bynaldis-shop.com\/index.php?rest_route=\/wp\/v2\/product"}],"about":[{"href":"https:\/\/www.bynaldis-shop.com\/index.php?rest_route=\/wp\/v2\/types\/product"}],"wp:featuredmedia":[{"embeddable":true,"href":"https:\/\/www.bynaldis-shop.com\/index.php?rest_route=\/wp\/v2\/media\/11196"}],"wp:attachment":[{"href":"https:\/\/www.bynaldis-shop.com\/index.php?rest_route=%2Fwp%2Fv2%2Fmedia&parent=11195"}],"wp:term":[{"taxonomy":"product_brand","embeddable":true,"href":"https:\/\/www.bynaldis-shop.com\/index.php?rest_route=%2Fwp%2Fv2%2Fproduct_brand&post=11195"},{"taxonomy":"product_cat","embeddable":true,"href":"https:\/\/www.bynaldis-shop.com\/index.php?rest_route=%2Fwp%2Fv2%2Fproduct_cat&post=11195"},{"taxonomy":"product_tag","embeddable":true,"href":"https:\/\/www.bynaldis-shop.com\/index.php?rest_route=%2Fwp%2Fv2%2Fproduct_tag&post=11195"}],"curies":[{"name":"wp","href":"https:\/\/api.w.org\/{rel}","templated":true}]}}