{"id":11193,"date":"2026-04-26T17:51:04","date_gmt":"2026-04-26T15:51:04","guid":{"rendered":"https:\/\/www.bynaldis-shop.com\/?post_type=product&#038;p=11193"},"modified":"2026-05-05T11:03:10","modified_gmt":"2026-05-05T09:03:10","slug":"willow-tree-schmetterling","status":"publish","type":"product","link":"https:\/\/www.bynaldis-shop.com\/?product=willow-tree-schmetterling","title":{"rendered":"Willow Tree &#8211; Schmetterling"},"content":{"rendered":"<div>Ein Geschenk f\u00fcr Absolventen oder um besondere Leistungen zu feiern&#8230; um individuelle St\u00e4rke zu f\u00f6rdern, zu unterst\u00fctzen und anzuerkennen. &#8222;Wenn ich an den Monarchfalter denke, erinnere ich mich an Mut und St\u00e4rke angesichts von Widrigkeiten. Eine magische Metamorphose&#8230; von winzigem Ei \u00fcber hungrige Raupe bis hin zu brillanter Puppe mit goldener Fleck \u2013 der Schmetterling tritt schlie\u00dflich als atemberaubende Sch\u00f6nheit hervor. Zart und zerbrechlich, aber entschlossen und widerstandsf\u00e4hig, bahnt er sich hunderte Meilen entlang einer Wanderroute voller Hindernisse und unregelm\u00e4\u00dfigen Wetterbedingungen, getrieben, um seine wundersame Reise zu vollenden. Ich sehe den Monarchfalter als wahre Metapher \u2013 f\u00fcr den Wunsch in jedem von uns, unser Bestes zu sein, widerstandsf\u00e4hig zu leben, zu gedeihen und einen positiven Unterschied in der Welt zu machen.&#8220; \u2013 Susan Lordi. Die Figur enth\u00e4lt ein Geschenkanh\u00e4nger mit der Aufschrift: &#8218;Widerstandsf\u00e4hig, entschlossen, mutig und sch\u00f6n&#8230; Du hast die Eigenschaften, deine Welt zu ver\u00e4ndern.&#8216;<\/div>\n<div><\/div>\n<div>Gussstein, handbemalt, Geschenkbox inklusive Geschenkanh\u00e4nger mit Spruch<\/div>\n","protected":false},"excerpt":{"rendered":"<p>Ein Geschenk f\u00fcr Absolventen oder um besondere Leistungen zu feiern&#8230; um individuelle St\u00e4rke zu f\u00f6rdern, zu unterst\u00fctzen und anzuerkennen. &#8222;Wenn ich an den Monarchfalter denke, erinnere ich mich an Mut und St\u00e4rke angesichts von Widrigkeiten. Eine magische Metamorphose&#8230; von winzigem Ei \u00fcber hungrige Raupe bis hin zu brillanter Puppe mit goldener Fleck \u2013 der Schmetterling [&hellip;]<\/p>\n<p><a class=\"read-more\" href=\"https:\/\/www.bynaldis-shop.com\/?product=willow-tree-schmetterling\">Mehr lesen<span class=\"meta-nav\">&rarr;<\/span><\/a><\/p>\n","protected":false},"featured_media":11194,"template":"","meta":[],"product_brand":[],"product_cat":[253,174],"product_tag":[],"class_list":{"0":"post-11193","1":"product","2":"type-product","3":"status-publish","4":"has-post-thumbnail","6":"product_cat-neu","7":"product_cat-willow-tree","9":"first","10":"instock","11":"taxable","12":"shipping-taxable","13":"purchasable","14":"product-type-simple"},"_links":{"self":[{"href":"https:\/\/www.bynaldis-shop.com\/index.php?rest_route=\/wp\/v2\/product\/11193","targetHints":{"allow":["GET"]}}],"collection":[{"href":"https:\/\/www.bynaldis-shop.com\/index.php?rest_route=\/wp\/v2\/product"}],"about":[{"href":"https:\/\/www.bynaldis-shop.com\/index.php?rest_route=\/wp\/v2\/types\/product"}],"wp:featuredmedia":[{"embeddable":true,"href":"https:\/\/www.bynaldis-shop.com\/index.php?rest_route=\/wp\/v2\/media\/11194"}],"wp:attachment":[{"href":"https:\/\/www.bynaldis-shop.com\/index.php?rest_route=%2Fwp%2Fv2%2Fmedia&parent=11193"}],"wp:term":[{"taxonomy":"product_brand","embeddable":true,"href":"https:\/\/www.bynaldis-shop.com\/index.php?rest_route=%2Fwp%2Fv2%2Fproduct_brand&post=11193"},{"taxonomy":"product_cat","embeddable":true,"href":"https:\/\/www.bynaldis-shop.com\/index.php?rest_route=%2Fwp%2Fv2%2Fproduct_cat&post=11193"},{"taxonomy":"product_tag","embeddable":true,"href":"https:\/\/www.bynaldis-shop.com\/index.php?rest_route=%2Fwp%2Fv2%2Fproduct_tag&post=11193"}],"curies":[{"name":"wp","href":"https:\/\/api.w.org\/{rel}","templated":true}]}}