{"id":11189,"date":"2026-04-26T17:46:27","date_gmt":"2026-04-26T15:46:27","guid":{"rendered":"https:\/\/www.bynaldis-shop.com\/?post_type=product&#038;p=11189"},"modified":"2026-05-05T11:04:15","modified_gmt":"2026-05-05T09:04:15","slug":"willow-tree-brueder","status":"publish","type":"product","link":"https:\/\/www.bynaldis-shop.com\/?product=willow-tree-brueder","title":{"rendered":"Willow Tree &#8211; Br\u00fcder"},"content":{"rendered":"<div>Weidenbaum ist eine intime Linie figurativer Skulpturen, die Gef\u00fchle wie Liebe, N\u00e4he, Heilung, Mut, Hoffnung &#8230; all die Emotionen, denen wir im Leben begegnen, repr\u00e4sentieren. Diese Push-Pull-Pose zwischen zwei Br\u00fcdern mag Eltern von Jungen sehr vertraut sein; sie spiegelt die Beziehungen wider, die sich in der Kindheit entwickeln und bis ins Erwachsenenalter andauern. Das St\u00fcck ist aus gegossenem Stein gefertigt und mit bleifreier Farbe handbemalt. Geliefert in einer gebrandeten Geschenkbox und einem Geschenkanh\u00e4nger mit der Aufschrift &#8218;Eine lebenslange Bindung schmieden&#8216;. Kein Spielzeug oder Kinderprodukt. Nur f\u00fcr Erwachsene bestimmt.<\/div>\n<div><\/div>\n<div>Gussstein, handbemalt, Geschenkbox inklusive Geschenkanh\u00e4nger mit Spruch<\/div>\n","protected":false},"excerpt":{"rendered":"<p>Weidenbaum ist eine intime Linie figurativer Skulpturen, die Gef\u00fchle wie Liebe, N\u00e4he, Heilung, Mut, Hoffnung &#8230; all die Emotionen, denen wir im Leben begegnen, repr\u00e4sentieren. Diese Push-Pull-Pose zwischen zwei Br\u00fcdern mag Eltern von Jungen sehr vertraut sein; sie spiegelt die Beziehungen wider, die sich in der Kindheit entwickeln und bis ins Erwachsenenalter andauern. Das St\u00fcck [&hellip;]<\/p>\n<p><a class=\"read-more\" href=\"https:\/\/www.bynaldis-shop.com\/?product=willow-tree-brueder\">Mehr lesen<span class=\"meta-nav\">&rarr;<\/span><\/a><\/p>\n","protected":false},"featured_media":11190,"template":"","meta":[],"product_brand":[],"product_cat":[253,174],"product_tag":[],"class_list":{"0":"post-11189","1":"product","2":"type-product","3":"status-publish","4":"has-post-thumbnail","6":"product_cat-neu","7":"product_cat-willow-tree","9":"first","10":"instock","11":"taxable","12":"shipping-taxable","13":"purchasable","14":"product-type-simple"},"_links":{"self":[{"href":"https:\/\/www.bynaldis-shop.com\/index.php?rest_route=\/wp\/v2\/product\/11189","targetHints":{"allow":["GET"]}}],"collection":[{"href":"https:\/\/www.bynaldis-shop.com\/index.php?rest_route=\/wp\/v2\/product"}],"about":[{"href":"https:\/\/www.bynaldis-shop.com\/index.php?rest_route=\/wp\/v2\/types\/product"}],"wp:featuredmedia":[{"embeddable":true,"href":"https:\/\/www.bynaldis-shop.com\/index.php?rest_route=\/wp\/v2\/media\/11190"}],"wp:attachment":[{"href":"https:\/\/www.bynaldis-shop.com\/index.php?rest_route=%2Fwp%2Fv2%2Fmedia&parent=11189"}],"wp:term":[{"taxonomy":"product_brand","embeddable":true,"href":"https:\/\/www.bynaldis-shop.com\/index.php?rest_route=%2Fwp%2Fv2%2Fproduct_brand&post=11189"},{"taxonomy":"product_cat","embeddable":true,"href":"https:\/\/www.bynaldis-shop.com\/index.php?rest_route=%2Fwp%2Fv2%2Fproduct_cat&post=11189"},{"taxonomy":"product_tag","embeddable":true,"href":"https:\/\/www.bynaldis-shop.com\/index.php?rest_route=%2Fwp%2Fv2%2Fproduct_tag&post=11189"}],"curies":[{"name":"wp","href":"https:\/\/api.w.org\/{rel}","templated":true}]}}