{"id":11185,"date":"2026-04-26T14:56:28","date_gmt":"2026-04-26T12:56:28","guid":{"rendered":"https:\/\/www.bynaldis-shop.com\/?post_type=product&#038;p=11185"},"modified":"2026-05-05T11:05:19","modified_gmt":"2026-05-05T09:05:19","slug":"willow-tree-ganz-nah-bei-mir","status":"publish","type":"product","link":"https:\/\/www.bynaldis-shop.com\/?product=willow-tree-ganz-nah-bei-mir","title":{"rendered":"Willow Tree &#8211; Ganz nah bei mir"},"content":{"rendered":"<div>Willow Tree ist eine intime Linie figurativer Skulpturen, die Gef\u00fchle von Liebe, N\u00e4he, Heilung, Mut, Hoffnung &#8230; all die Emotionen, denen wir im Leben begegnen, repr\u00e4sentieren. &#8222;Das Gef\u00fchl gilt f\u00fcr jedes Alter&#8230; ein Kind, das ins Camp geht, ein Teenager, der aufs College geht&#8230; die Botschaft ist dieselbe. Die verflochtenen Bilder, die auf den Kleidern der Figuren eingraviert sind, spiegeln dieses Gef\u00fchl visuell wider. Ich verstehe dieses St\u00fcck von beiden Seiten \u2013 ich war Tochter und habe die Erfahrung gemacht, eine Tochter bis ins Erwachsenenalter gro\u00dfzuziehen. Ich hoffe, M\u00fctter und T\u00f6chter werden sich mit den Emotionen dieses Werks verbinden.&#8220; &#8211; Susan Lordi. Wundersch\u00f6n zum Muttertag. Das St\u00fcck ist aus gegossenem Stein gefertigt und mit bleifreier Farbe handbemalt. Geliefert in einer gebrandeten Geschenkbox und einem Geschenkanh\u00e4nger mit der Aufschrift &#8218;Getrennt oder zusammen, immer in meiner N\u00e4he&#8216;. Kein Spielzeug oder Kinderprodukt. Nur f\u00fcr Erwachsene gedacht.<\/div>\n<div><\/div>\n<div>Gussstein, handbemalt, Geschenkbox inklusive Geschenkanh\u00e4nger mit Spruch<\/div>\n","protected":false},"excerpt":{"rendered":"<p>Willow Tree ist eine intime Linie figurativer Skulpturen, die Gef\u00fchle von Liebe, N\u00e4he, Heilung, Mut, Hoffnung &#8230; all die Emotionen, denen wir im Leben begegnen, repr\u00e4sentieren. &#8222;Das Gef\u00fchl gilt f\u00fcr jedes Alter&#8230; ein Kind, das ins Camp geht, ein Teenager, der aufs College geht&#8230; die Botschaft ist dieselbe. Die verflochtenen Bilder, die auf den Kleidern [&hellip;]<\/p>\n<p><a class=\"read-more\" href=\"https:\/\/www.bynaldis-shop.com\/?product=willow-tree-ganz-nah-bei-mir\">Mehr lesen<span class=\"meta-nav\">&rarr;<\/span><\/a><\/p>\n","protected":false},"featured_media":11186,"template":"","meta":[],"product_brand":[],"product_cat":[253,174],"product_tag":[],"class_list":{"0":"post-11185","1":"product","2":"type-product","3":"status-publish","4":"has-post-thumbnail","6":"product_cat-neu","7":"product_cat-willow-tree","9":"first","10":"instock","11":"taxable","12":"shipping-taxable","13":"purchasable","14":"product-type-simple"},"_links":{"self":[{"href":"https:\/\/www.bynaldis-shop.com\/index.php?rest_route=\/wp\/v2\/product\/11185","targetHints":{"allow":["GET"]}}],"collection":[{"href":"https:\/\/www.bynaldis-shop.com\/index.php?rest_route=\/wp\/v2\/product"}],"about":[{"href":"https:\/\/www.bynaldis-shop.com\/index.php?rest_route=\/wp\/v2\/types\/product"}],"wp:featuredmedia":[{"embeddable":true,"href":"https:\/\/www.bynaldis-shop.com\/index.php?rest_route=\/wp\/v2\/media\/11186"}],"wp:attachment":[{"href":"https:\/\/www.bynaldis-shop.com\/index.php?rest_route=%2Fwp%2Fv2%2Fmedia&parent=11185"}],"wp:term":[{"taxonomy":"product_brand","embeddable":true,"href":"https:\/\/www.bynaldis-shop.com\/index.php?rest_route=%2Fwp%2Fv2%2Fproduct_brand&post=11185"},{"taxonomy":"product_cat","embeddable":true,"href":"https:\/\/www.bynaldis-shop.com\/index.php?rest_route=%2Fwp%2Fv2%2Fproduct_cat&post=11185"},{"taxonomy":"product_tag","embeddable":true,"href":"https:\/\/www.bynaldis-shop.com\/index.php?rest_route=%2Fwp%2Fv2%2Fproduct_tag&post=11185"}],"curies":[{"name":"wp","href":"https:\/\/api.w.org\/{rel}","templated":true}]}}