{"id":11183,"date":"2026-04-26T14:54:20","date_gmt":"2026-04-26T12:54:20","guid":{"rendered":"https:\/\/www.bynaldis-shop.com\/?post_type=product&#038;p=11183"},"modified":"2026-05-05T11:05:50","modified_gmt":"2026-05-05T09:05:50","slug":"willow-tree-vater-und-tochter","status":"publish","type":"product","link":"https:\/\/www.bynaldis-shop.com\/?product=willow-tree-vater-und-tochter","title":{"rendered":"Willow Tree &#8211; Vater und Tochter"},"content":{"rendered":"<div>Willow Tree ist eine intime Linie figurativer Skulpturen, die Gef\u00fchle von Liebe, N\u00e4he, Heilung, Mut, Hoffnung &#8230; all den Gef\u00fchlen, denen wir im Leben begegnen, repr\u00e4sentieren. Die K\u00fcnstlerin Susan Lordi schnitzt das Original jeder Weidenbaumskulptur von Hand. Die St\u00fccke werden aus gegossenem Stein aus ihren urspr\u00fcnglichen Schnitzereien gefertigt und dann einzeln von Hand mit bleifreier Farbe bemalt. &#8222;Ich versuche, die Interpretation von Willow Tree offen zu halten. Ich hoffe, das macht sie pers\u00f6nlicher und erm\u00f6glicht es dem Betrachter, ihre Bedeutung zu bestimmen.&#8220; \u2013 Susan Lordi. Geliefert in einer gebrandeten Geschenkbox und einem Geschenkanh\u00e4nger mit der Aufschrift &#8218;Die Liebesbindung zwischen V\u00e4tern und T\u00f6chtern feiern&#8216;. Kein Spielzeug oder Kinderprodukt. Nur f\u00fcr Erwachsene gedacht.<\/div>\n<div><\/div>\n<div>Gussstein, handbemalt, Geschenkbox inklusive Geschenkanh\u00e4nger mit Spruch<\/div>\n","protected":false},"excerpt":{"rendered":"<p>Willow Tree ist eine intime Linie figurativer Skulpturen, die Gef\u00fchle von Liebe, N\u00e4he, Heilung, Mut, Hoffnung &#8230; all den Gef\u00fchlen, denen wir im Leben begegnen, repr\u00e4sentieren. Die K\u00fcnstlerin Susan Lordi schnitzt das Original jeder Weidenbaumskulptur von Hand. Die St\u00fccke werden aus gegossenem Stein aus ihren urspr\u00fcnglichen Schnitzereien gefertigt und dann einzeln von Hand mit bleifreier [&hellip;]<\/p>\n<p><a class=\"read-more\" href=\"https:\/\/www.bynaldis-shop.com\/?product=willow-tree-vater-und-tochter\">Mehr lesen<span class=\"meta-nav\">&rarr;<\/span><\/a><\/p>\n","protected":false},"featured_media":11184,"template":"","meta":[],"product_brand":[],"product_cat":[253,174],"product_tag":[],"class_list":{"0":"post-11183","1":"product","2":"type-product","3":"status-publish","4":"has-post-thumbnail","6":"product_cat-neu","7":"product_cat-willow-tree","9":"first","10":"instock","11":"taxable","12":"shipping-taxable","13":"purchasable","14":"product-type-simple"},"_links":{"self":[{"href":"https:\/\/www.bynaldis-shop.com\/index.php?rest_route=\/wp\/v2\/product\/11183","targetHints":{"allow":["GET"]}}],"collection":[{"href":"https:\/\/www.bynaldis-shop.com\/index.php?rest_route=\/wp\/v2\/product"}],"about":[{"href":"https:\/\/www.bynaldis-shop.com\/index.php?rest_route=\/wp\/v2\/types\/product"}],"wp:featuredmedia":[{"embeddable":true,"href":"https:\/\/www.bynaldis-shop.com\/index.php?rest_route=\/wp\/v2\/media\/11184"}],"wp:attachment":[{"href":"https:\/\/www.bynaldis-shop.com\/index.php?rest_route=%2Fwp%2Fv2%2Fmedia&parent=11183"}],"wp:term":[{"taxonomy":"product_brand","embeddable":true,"href":"https:\/\/www.bynaldis-shop.com\/index.php?rest_route=%2Fwp%2Fv2%2Fproduct_brand&post=11183"},{"taxonomy":"product_cat","embeddable":true,"href":"https:\/\/www.bynaldis-shop.com\/index.php?rest_route=%2Fwp%2Fv2%2Fproduct_cat&post=11183"},{"taxonomy":"product_tag","embeddable":true,"href":"https:\/\/www.bynaldis-shop.com\/index.php?rest_route=%2Fwp%2Fv2%2Fproduct_tag&post=11183"}],"curies":[{"name":"wp","href":"https:\/\/api.w.org\/{rel}","templated":true}]}}