{"id":11179,"date":"2026-04-26T14:50:25","date_gmt":"2026-04-26T12:50:25","guid":{"rendered":"https:\/\/www.bynaldis-shop.com\/?post_type=product&#038;p=11179"},"modified":"2026-05-05T11:06:50","modified_gmt":"2026-05-05T09:06:50","slug":"willow-tree-herz-aus-gold-junge","status":"publish","type":"product","link":"https:\/\/www.bynaldis-shop.com\/?product=willow-tree-herz-aus-gold-junge","title":{"rendered":"Willow Tree &#8211; Herz aus Gold &#8211; Junge"},"content":{"rendered":"<div>Willow Tree ist eine intime Reihe figurativer Skulpturen, die Gef\u00fchle wie Liebe, N\u00e4he, Heilung, Mut, Hoffnung &#8230; all die Emotionen, denen wir im Leben begegnen, repr\u00e4sentieren. Heart of Gold wurde inspiriert von einem jungen Krebspatienten im Children&#8217;s Mercy Hospital in Kansas City, MO, USA, der Sohn enger Freunde der Willow Tree-K\u00fcnstlerin Susan Lordi. Ein junger Krebspatient mit mutigem Geist und freundlichem L\u00e4cheln, der anderen viel Liebe, Freude und Trost bringt. Susan Lordi und Enesco spenden 65 Pence an die Great Ormond Street Hospital Children&#8217;s Charity f\u00fcr jede verkaufte Heart of Gold-Figur. Das Produkt ist aus gegossenem Stein gefertigt und mit bleifreier Farbe handbemalt. Geliefert in einer gebrandeten Geschenkbox und einem Geschenkanh\u00e4nger mit der Aufschrift &#8222;Du wirst immer mein Herz haben&#8220;. Kein Spielzeug oder Kinderprodukt. Nur f\u00fcr Erwachsene gedacht.<\/div>\n<div><\/div>\n<div>Gussstein, handbemalt, Geschenkbox inklusive Geschenkanh\u00e4nger mit Spruch<\/div>\n","protected":false},"excerpt":{"rendered":"<p>Willow Tree ist eine intime Reihe figurativer Skulpturen, die Gef\u00fchle wie Liebe, N\u00e4he, Heilung, Mut, Hoffnung &#8230; all die Emotionen, denen wir im Leben begegnen, repr\u00e4sentieren. Heart of Gold wurde inspiriert von einem jungen Krebspatienten im Children&#8217;s Mercy Hospital in Kansas City, MO, USA, der Sohn enger Freunde der Willow Tree-K\u00fcnstlerin Susan Lordi. Ein junger [&hellip;]<\/p>\n<p><a class=\"read-more\" href=\"https:\/\/www.bynaldis-shop.com\/?product=willow-tree-herz-aus-gold-junge\">Mehr lesen<span class=\"meta-nav\">&rarr;<\/span><\/a><\/p>\n","protected":false},"featured_media":11180,"template":"","meta":[],"product_brand":[],"product_cat":[253,174],"product_tag":[],"class_list":{"0":"post-11179","1":"product","2":"type-product","3":"status-publish","4":"has-post-thumbnail","6":"product_cat-neu","7":"product_cat-willow-tree","9":"first","10":"instock","11":"taxable","12":"shipping-taxable","13":"purchasable","14":"product-type-simple"},"_links":{"self":[{"href":"https:\/\/www.bynaldis-shop.com\/index.php?rest_route=\/wp\/v2\/product\/11179","targetHints":{"allow":["GET"]}}],"collection":[{"href":"https:\/\/www.bynaldis-shop.com\/index.php?rest_route=\/wp\/v2\/product"}],"about":[{"href":"https:\/\/www.bynaldis-shop.com\/index.php?rest_route=\/wp\/v2\/types\/product"}],"wp:featuredmedia":[{"embeddable":true,"href":"https:\/\/www.bynaldis-shop.com\/index.php?rest_route=\/wp\/v2\/media\/11180"}],"wp:attachment":[{"href":"https:\/\/www.bynaldis-shop.com\/index.php?rest_route=%2Fwp%2Fv2%2Fmedia&parent=11179"}],"wp:term":[{"taxonomy":"product_brand","embeddable":true,"href":"https:\/\/www.bynaldis-shop.com\/index.php?rest_route=%2Fwp%2Fv2%2Fproduct_brand&post=11179"},{"taxonomy":"product_cat","embeddable":true,"href":"https:\/\/www.bynaldis-shop.com\/index.php?rest_route=%2Fwp%2Fv2%2Fproduct_cat&post=11179"},{"taxonomy":"product_tag","embeddable":true,"href":"https:\/\/www.bynaldis-shop.com\/index.php?rest_route=%2Fwp%2Fv2%2Fproduct_tag&post=11179"}],"curies":[{"name":"wp","href":"https:\/\/api.w.org\/{rel}","templated":true}]}}