{"id":11177,"date":"2026-04-26T14:48:17","date_gmt":"2026-04-26T12:48:17","guid":{"rendered":"https:\/\/www.bynaldis-shop.com\/?post_type=product&#038;p=11177"},"modified":"2026-05-05T11:07:21","modified_gmt":"2026-05-05T09:07:21","slug":"willow-tree-je-taime","status":"publish","type":"product","link":"https:\/\/www.bynaldis-shop.com\/?product=willow-tree-je-taime","title":{"rendered":"Willow Tree &#8211; Je t&#8217;aime"},"content":{"rendered":"<div>Willow Tree ist eine intime Linie fig\u00fcrlicher Skulpturen, die Gef\u00fchle von Liebe, N\u00e4he, Heilung, Mut, Hoffnung &#8230; all die Gef\u00fchle, denen wir im Leben begegnen, darstellen. &#8222;Meine Tochter lebt in Frankreich, daher bin ich in den letzten Jahren ziemlich viel dorthin gereist. Ich genie\u00dfe Kunst und Architektur, die wundersch\u00f6ne Landschaft, das Erlernen der Sprache&#8230; Es ist wirklich eine Kultur der Romantik. Also wollte ich beim Sculptieren von Je t&#8217;aime, einem St\u00fcck \u00fcber Liebe, etwas mehr Stil und Mystik haben&#8230; eine Raffinesse, eine Eleganz&#8230; Die umfangreiche Oberfl\u00e4chenschnitzerei macht Je t&#8217;aime einzigartig in der Linie. Obwohl von Frankreich beeinflusst, ist Je t&#8217;aime ein universelles Werk. Das Gef\u00fchl bewegt sich vom Universellen zum pers\u00f6nlichen Eins-zu-eins&#8230;&#8220; \u2013 Susan Lordi. Das St\u00fcck ist aus Gussstein gefertigt und mit bleifreier Farbe handbemalt. Geliefert in einer gebrandeten Geschenkbox und einem Geschenkanh\u00e4nger mit der Aufschrift &#8218;In jeder Sprache, ich liebe dich.&#8216; Ein wundersch\u00f6nes Geschenk zum Valentinstag. Kein Spielzeug oder Kinderprodukt. Nur f\u00fcr Erwachsene gedacht.<\/div>\n<div><\/div>\n<div>Gussstein, handbemalt, Geschenkbox inklusive Geschenkanh\u00e4nger mit Spruch<\/div>\n","protected":false},"excerpt":{"rendered":"<p>Willow Tree ist eine intime Linie fig\u00fcrlicher Skulpturen, die Gef\u00fchle von Liebe, N\u00e4he, Heilung, Mut, Hoffnung &#8230; all die Gef\u00fchle, denen wir im Leben begegnen, darstellen. &#8222;Meine Tochter lebt in Frankreich, daher bin ich in den letzten Jahren ziemlich viel dorthin gereist. Ich genie\u00dfe Kunst und Architektur, die wundersch\u00f6ne Landschaft, das Erlernen der Sprache&#8230; Es [&hellip;]<\/p>\n<p><a class=\"read-more\" href=\"https:\/\/www.bynaldis-shop.com\/?product=willow-tree-je-taime\">Mehr lesen<span class=\"meta-nav\">&rarr;<\/span><\/a><\/p>\n","protected":false},"featured_media":11178,"template":"","meta":[],"product_brand":[],"product_cat":[253,174],"product_tag":[],"class_list":{"0":"post-11177","1":"product","2":"type-product","3":"status-publish","4":"has-post-thumbnail","6":"product_cat-neu","7":"product_cat-willow-tree","9":"first","10":"instock","11":"taxable","12":"shipping-taxable","13":"purchasable","14":"product-type-simple"},"_links":{"self":[{"href":"https:\/\/www.bynaldis-shop.com\/index.php?rest_route=\/wp\/v2\/product\/11177","targetHints":{"allow":["GET"]}}],"collection":[{"href":"https:\/\/www.bynaldis-shop.com\/index.php?rest_route=\/wp\/v2\/product"}],"about":[{"href":"https:\/\/www.bynaldis-shop.com\/index.php?rest_route=\/wp\/v2\/types\/product"}],"wp:featuredmedia":[{"embeddable":true,"href":"https:\/\/www.bynaldis-shop.com\/index.php?rest_route=\/wp\/v2\/media\/11178"}],"wp:attachment":[{"href":"https:\/\/www.bynaldis-shop.com\/index.php?rest_route=%2Fwp%2Fv2%2Fmedia&parent=11177"}],"wp:term":[{"taxonomy":"product_brand","embeddable":true,"href":"https:\/\/www.bynaldis-shop.com\/index.php?rest_route=%2Fwp%2Fv2%2Fproduct_brand&post=11177"},{"taxonomy":"product_cat","embeddable":true,"href":"https:\/\/www.bynaldis-shop.com\/index.php?rest_route=%2Fwp%2Fv2%2Fproduct_cat&post=11177"},{"taxonomy":"product_tag","embeddable":true,"href":"https:\/\/www.bynaldis-shop.com\/index.php?rest_route=%2Fwp%2Fv2%2Fproduct_tag&post=11177"}],"curies":[{"name":"wp","href":"https:\/\/api.w.org\/{rel}","templated":true}]}}