{"id":11175,"date":"2026-04-26T14:46:28","date_gmt":"2026-04-26T12:46:28","guid":{"rendered":"https:\/\/www.bynaldis-shop.com\/?post_type=product&#038;p=11175"},"modified":"2026-05-05T11:07:49","modified_gmt":"2026-05-05T09:07:49","slug":"willow-tree-ganz-viel-liebe","status":"publish","type":"product","link":"https:\/\/www.bynaldis-shop.com\/?product=willow-tree-ganz-viel-liebe","title":{"rendered":"Willow Tree &#8211; Ganz viel Liebe"},"content":{"rendered":"<div>Weidenbaum ist eine intime Reihe figurativer Skulpturen, die Gef\u00fchle von Liebe, N\u00e4he, Heilung, Mut, Hoffnung &#8230; all den Gef\u00fchlen, denen wir im Leben begegnen, repr\u00e4sentieren. Diese Figur hat sowohl symbolische als auch sentimentale Anziehungskraft. Zarte Konturen konzentrischer Herzen funkeln mit einem Ausdruck von Liebe, der von freundlich, liebevoll, romantisch, best\u00e4ndig &#8230; reichen kann. Das St\u00fcck ist aus gegossenem Stein gefertigt und mit bleifreier Farbe handbemalt. Geliefert in einer Markengeschenkbox und einem Geschenkanh\u00e4nger mit der Aufschrift &#8222;Immer nah an meinem Herzen&#8220;. Ein wundersch\u00f6nes Geschenk zum Valentinstag. Kein Spielzeug oder Kinderprodukt. Nur f\u00fcr Erwachsene bestimmt.<\/div>\n<div><\/div>\n<div>Gussstein, handbemalt, Geschenkbox inklusive Geschenkanh\u00e4nger mit Spruch<\/div>\n","protected":false},"excerpt":{"rendered":"<p>Weidenbaum ist eine intime Reihe figurativer Skulpturen, die Gef\u00fchle von Liebe, N\u00e4he, Heilung, Mut, Hoffnung &#8230; all den Gef\u00fchlen, denen wir im Leben begegnen, repr\u00e4sentieren. Diese Figur hat sowohl symbolische als auch sentimentale Anziehungskraft. Zarte Konturen konzentrischer Herzen funkeln mit einem Ausdruck von Liebe, der von freundlich, liebevoll, romantisch, best\u00e4ndig &#8230; reichen kann. Das St\u00fcck [&hellip;]<\/p>\n<p><a class=\"read-more\" href=\"https:\/\/www.bynaldis-shop.com\/?product=willow-tree-ganz-viel-liebe\">Mehr lesen<span class=\"meta-nav\">&rarr;<\/span><\/a><\/p>\n","protected":false},"featured_media":11176,"template":"","meta":[],"product_brand":[],"product_cat":[253,174],"product_tag":[],"class_list":{"0":"post-11175","1":"product","2":"type-product","3":"status-publish","4":"has-post-thumbnail","6":"product_cat-neu","7":"product_cat-willow-tree","9":"first","10":"instock","11":"taxable","12":"shipping-taxable","13":"purchasable","14":"product-type-simple"},"_links":{"self":[{"href":"https:\/\/www.bynaldis-shop.com\/index.php?rest_route=\/wp\/v2\/product\/11175","targetHints":{"allow":["GET"]}}],"collection":[{"href":"https:\/\/www.bynaldis-shop.com\/index.php?rest_route=\/wp\/v2\/product"}],"about":[{"href":"https:\/\/www.bynaldis-shop.com\/index.php?rest_route=\/wp\/v2\/types\/product"}],"wp:featuredmedia":[{"embeddable":true,"href":"https:\/\/www.bynaldis-shop.com\/index.php?rest_route=\/wp\/v2\/media\/11176"}],"wp:attachment":[{"href":"https:\/\/www.bynaldis-shop.com\/index.php?rest_route=%2Fwp%2Fv2%2Fmedia&parent=11175"}],"wp:term":[{"taxonomy":"product_brand","embeddable":true,"href":"https:\/\/www.bynaldis-shop.com\/index.php?rest_route=%2Fwp%2Fv2%2Fproduct_brand&post=11175"},{"taxonomy":"product_cat","embeddable":true,"href":"https:\/\/www.bynaldis-shop.com\/index.php?rest_route=%2Fwp%2Fv2%2Fproduct_cat&post=11175"},{"taxonomy":"product_tag","embeddable":true,"href":"https:\/\/www.bynaldis-shop.com\/index.php?rest_route=%2Fwp%2Fv2%2Fproduct_tag&post=11175"}],"curies":[{"name":"wp","href":"https:\/\/api.w.org\/{rel}","templated":true}]}}