{"id":11171,"date":"2026-04-26T14:42:44","date_gmt":"2026-04-26T12:42:44","guid":{"rendered":"https:\/\/www.bynaldis-shop.com\/?post_type=product&#038;p=11171"},"modified":"2026-05-05T11:08:50","modified_gmt":"2026-05-05T09:08:50","slug":"willow-tree-mutter-sohn","status":"publish","type":"product","link":"https:\/\/www.bynaldis-shop.com\/?product=willow-tree-mutter-sohn","title":{"rendered":"Willow Tree &#8211; Mutter &#038; Sohn"},"content":{"rendered":"<div>Willow Tree ist eine intime Linie figurativer Skulpturen, die Gef\u00fchle von Liebe, N\u00e4he, Heilung, Mut, Hoffnung &#8230; all die Emotionen, denen wir im Leben begegnen, darstellen. &#8222;Ich dachte \u00fcber die Beziehung zwischen einer Mutter und einem etwa neun oder zehnj\u00e4hrigen Sohn nach \u2013 jenem bestimmten Alter, in dem Jungen ihre Unabh\u00e4ngigkeit leidenschaftlich behaupten \u2013 und \u00fcber Umarmungen und K\u00fcsse ihrer M\u00fctter zu k\u00e4mpfen. Und doch haben sie sie heimlich gebraucht und begehrt. Ich wollte, dass diese Skulptur dieses Hin und Her ausdr\u00fcckt. Die Ber\u00fchrung m\u00f6gen, aber gleichzeitig wegziehen.&#8220; \u2013 Susan Lordi. Das St\u00fcck ist aus gegossenem Stein gefertigt und mit bleifreier Farbe handbemalt. Geliefert in einer gebrandeten Geschenkbox und einem Geschenkanh\u00e4nger mit der Aufschrift &#8218;Die Liebesbindung zwischen M\u00fcttern und S\u00f6hnen feiern&#8216;. Kein Spielzeug oder Kinderprodukt. Nur f\u00fcr Erwachsene gedacht.<\/div>\n<div><\/div>\n<div>Gussstein, handbemalt, Geschenkbox inklusive Geschenkanh\u00e4nger mit Spruch<\/div>\n","protected":false},"excerpt":{"rendered":"<p>Willow Tree ist eine intime Linie figurativer Skulpturen, die Gef\u00fchle von Liebe, N\u00e4he, Heilung, Mut, Hoffnung &#8230; all die Emotionen, denen wir im Leben begegnen, darstellen. &#8222;Ich dachte \u00fcber die Beziehung zwischen einer Mutter und einem etwa neun oder zehnj\u00e4hrigen Sohn nach \u2013 jenem bestimmten Alter, in dem Jungen ihre Unabh\u00e4ngigkeit leidenschaftlich behaupten \u2013 und [&hellip;]<\/p>\n<p><a class=\"read-more\" href=\"https:\/\/www.bynaldis-shop.com\/?product=willow-tree-mutter-sohn\">Mehr lesen<span class=\"meta-nav\">&rarr;<\/span><\/a><\/p>\n","protected":false},"featured_media":11172,"template":"","meta":[],"product_brand":[],"product_cat":[253,174],"product_tag":[],"class_list":{"0":"post-11171","1":"product","2":"type-product","3":"status-publish","4":"has-post-thumbnail","6":"product_cat-neu","7":"product_cat-willow-tree","9":"first","10":"instock","11":"taxable","12":"shipping-taxable","13":"purchasable","14":"product-type-simple"},"_links":{"self":[{"href":"https:\/\/www.bynaldis-shop.com\/index.php?rest_route=\/wp\/v2\/product\/11171","targetHints":{"allow":["GET"]}}],"collection":[{"href":"https:\/\/www.bynaldis-shop.com\/index.php?rest_route=\/wp\/v2\/product"}],"about":[{"href":"https:\/\/www.bynaldis-shop.com\/index.php?rest_route=\/wp\/v2\/types\/product"}],"wp:featuredmedia":[{"embeddable":true,"href":"https:\/\/www.bynaldis-shop.com\/index.php?rest_route=\/wp\/v2\/media\/11172"}],"wp:attachment":[{"href":"https:\/\/www.bynaldis-shop.com\/index.php?rest_route=%2Fwp%2Fv2%2Fmedia&parent=11171"}],"wp:term":[{"taxonomy":"product_brand","embeddable":true,"href":"https:\/\/www.bynaldis-shop.com\/index.php?rest_route=%2Fwp%2Fv2%2Fproduct_brand&post=11171"},{"taxonomy":"product_cat","embeddable":true,"href":"https:\/\/www.bynaldis-shop.com\/index.php?rest_route=%2Fwp%2Fv2%2Fproduct_cat&post=11171"},{"taxonomy":"product_tag","embeddable":true,"href":"https:\/\/www.bynaldis-shop.com\/index.php?rest_route=%2Fwp%2Fv2%2Fproduct_tag&post=11171"}],"curies":[{"name":"wp","href":"https:\/\/api.w.org\/{rel}","templated":true}]}}