{"id":11169,"date":"2026-04-26T14:40:36","date_gmt":"2026-04-26T12:40:36","guid":{"rendered":"https:\/\/www.bynaldis-shop.com\/?post_type=product&#038;p=11169"},"modified":"2026-05-05T11:09:22","modified_gmt":"2026-05-05T09:09:22","slug":"willow-tree-friedensgebet","status":"publish","type":"product","link":"https:\/\/www.bynaldis-shop.com\/?product=willow-tree-friedensgebet","title":{"rendered":"Willow Tree &#8211; Friedensgebet"},"content":{"rendered":"<div>Willow Tree ist eine intime Linie figurativer Skulpturen, die Gef\u00fchle von Liebe, N\u00e4he, Heilung, Mut, Hoffnung &#8230; all den Gef\u00fchlen, denen wir im Leben begegnen, repr\u00e4sentieren. &#8222;Ich wollte, dass diese Gebetsfigur ein bescheidenes Werk ist, aber sehr zentrierend, beruhigend, friedlich&#8230; mit einer universellen Geste meditativen Gedankens. Die Oberfl\u00e4che ist mit Textur und Mustern lebender Naturformen geschnitzt. Obwohl es ein ruhiges Werk ist, wollte ich, dass die Bilder sehr lebendig und bewegend sind \u2013 eine innere Lebensenergie haben.&#8220; &#8211; Susan Lordi. Das St\u00fcck ist aus gegossenem Stein gefertigt und mit bleifreier Farbe handbemalt. Geliefert in einer gebrandeten Geschenkbox und einem Geschenkanh\u00e4nger mit der Aufschrift &#8218;Seeking the quiet within&#8216;. Kein Spielzeug oder Kinderprodukt. Nur f\u00fcr Erwachsene gedacht.<\/div>\n<div><\/div>\n<div>Gussstein, handbemalt, Geschenkbox inklusive Geschenkanh\u00e4nger mit Spruch<\/div>\n","protected":false},"excerpt":{"rendered":"<p>Willow Tree ist eine intime Linie figurativer Skulpturen, die Gef\u00fchle von Liebe, N\u00e4he, Heilung, Mut, Hoffnung &#8230; all den Gef\u00fchlen, denen wir im Leben begegnen, repr\u00e4sentieren. &#8222;Ich wollte, dass diese Gebetsfigur ein bescheidenes Werk ist, aber sehr zentrierend, beruhigend, friedlich&#8230; mit einer universellen Geste meditativen Gedankens. Die Oberfl\u00e4che ist mit Textur und Mustern lebender Naturformen [&hellip;]<\/p>\n<p><a class=\"read-more\" href=\"https:\/\/www.bynaldis-shop.com\/?product=willow-tree-friedensgebet\">Mehr lesen<span class=\"meta-nav\">&rarr;<\/span><\/a><\/p>\n","protected":false},"featured_media":11170,"template":"","meta":[],"product_brand":[],"product_cat":[253,174],"product_tag":[],"class_list":{"0":"post-11169","1":"product","2":"type-product","3":"status-publish","4":"has-post-thumbnail","6":"product_cat-neu","7":"product_cat-willow-tree","9":"first","10":"instock","11":"taxable","12":"shipping-taxable","13":"purchasable","14":"product-type-simple"},"_links":{"self":[{"href":"https:\/\/www.bynaldis-shop.com\/index.php?rest_route=\/wp\/v2\/product\/11169","targetHints":{"allow":["GET"]}}],"collection":[{"href":"https:\/\/www.bynaldis-shop.com\/index.php?rest_route=\/wp\/v2\/product"}],"about":[{"href":"https:\/\/www.bynaldis-shop.com\/index.php?rest_route=\/wp\/v2\/types\/product"}],"wp:featuredmedia":[{"embeddable":true,"href":"https:\/\/www.bynaldis-shop.com\/index.php?rest_route=\/wp\/v2\/media\/11170"}],"wp:attachment":[{"href":"https:\/\/www.bynaldis-shop.com\/index.php?rest_route=%2Fwp%2Fv2%2Fmedia&parent=11169"}],"wp:term":[{"taxonomy":"product_brand","embeddable":true,"href":"https:\/\/www.bynaldis-shop.com\/index.php?rest_route=%2Fwp%2Fv2%2Fproduct_brand&post=11169"},{"taxonomy":"product_cat","embeddable":true,"href":"https:\/\/www.bynaldis-shop.com\/index.php?rest_route=%2Fwp%2Fv2%2Fproduct_cat&post=11169"},{"taxonomy":"product_tag","embeddable":true,"href":"https:\/\/www.bynaldis-shop.com\/index.php?rest_route=%2Fwp%2Fv2%2Fproduct_tag&post=11169"}],"curies":[{"name":"wp","href":"https:\/\/api.w.org\/{rel}","templated":true}]}}