{"id":11167,"date":"2026-04-26T14:35:24","date_gmt":"2026-04-26T12:35:24","guid":{"rendered":"https:\/\/www.bynaldis-shop.com\/?post_type=product&#038;p=11167"},"modified":"2026-05-05T11:09:52","modified_gmt":"2026-05-05T09:09:52","slug":"willow-tree-mit-liebe","status":"publish","type":"product","link":"https:\/\/www.bynaldis-shop.com\/?product=willow-tree-mit-liebe","title":{"rendered":"Willow Tree &#8211; Mit Liebe"},"content":{"rendered":"<div class=\"hidden-xs\"><span>Willow Tree ist eine intime Linie figurativer Skulpturen, die Gef\u00fchle wie Liebe, N\u00e4he, Heilung, Mut, Hoffnung darstellen&#8230; All die Emotionen, denen wir im Leben begegnen. &#8222;Sie tanzt&#8230; Wirbeln&#8230; Ihre Geste ist die Botschaft. Ich wollte, dass die Bewegung ihres Kleids, Haares und ihrer H\u00e4nde signalisiert: &#8218;Du bist geliebt&#8216;.&#8220; \u2013 Susan Lordi. Der Artikel ist aus Gussstein gefertigt und mit bleifreier Farbe handbemalt. Geliefert in einer gebrandeten Geschenkbox und einem Geschenkanh\u00e4nger mit der Aufschrift &#8218;Du bist geliebt&#8216;. Ein wundersch\u00f6nes Geschenk zum Valentinstag. Kein Spielzeug oder Kinderprodukt. Nur f\u00fcr Erwachsene gedacht.<\/span><\/div>\n<div><\/div>\n<div>Gussstein, handbemalt, Geschenkbox inklusive Geschenkanh\u00e4nger mit Spruch<\/div>\n","protected":false},"excerpt":{"rendered":"<p>Willow Tree ist eine intime Linie figurativer Skulpturen, die Gef\u00fchle wie Liebe, N\u00e4he, Heilung, Mut, Hoffnung darstellen&#8230; All die Emotionen, denen wir im Leben begegnen. &#8222;Sie tanzt&#8230; Wirbeln&#8230; Ihre Geste ist die Botschaft. Ich wollte, dass die Bewegung ihres Kleids, Haares und ihrer H\u00e4nde signalisiert: &#8218;Du bist geliebt&#8216;.&#8220; \u2013 Susan Lordi. Der Artikel ist aus [&hellip;]<\/p>\n<p><a class=\"read-more\" href=\"https:\/\/www.bynaldis-shop.com\/?product=willow-tree-mit-liebe\">Mehr lesen<span class=\"meta-nav\">&rarr;<\/span><\/a><\/p>\n","protected":false},"featured_media":11168,"template":"","meta":[],"product_brand":[],"product_cat":[253,174],"product_tag":[],"class_list":{"0":"post-11167","1":"product","2":"type-product","3":"status-publish","4":"has-post-thumbnail","6":"product_cat-neu","7":"product_cat-willow-tree","9":"first","10":"instock","11":"taxable","12":"shipping-taxable","13":"purchasable","14":"product-type-simple"},"_links":{"self":[{"href":"https:\/\/www.bynaldis-shop.com\/index.php?rest_route=\/wp\/v2\/product\/11167","targetHints":{"allow":["GET"]}}],"collection":[{"href":"https:\/\/www.bynaldis-shop.com\/index.php?rest_route=\/wp\/v2\/product"}],"about":[{"href":"https:\/\/www.bynaldis-shop.com\/index.php?rest_route=\/wp\/v2\/types\/product"}],"wp:featuredmedia":[{"embeddable":true,"href":"https:\/\/www.bynaldis-shop.com\/index.php?rest_route=\/wp\/v2\/media\/11168"}],"wp:attachment":[{"href":"https:\/\/www.bynaldis-shop.com\/index.php?rest_route=%2Fwp%2Fv2%2Fmedia&parent=11167"}],"wp:term":[{"taxonomy":"product_brand","embeddable":true,"href":"https:\/\/www.bynaldis-shop.com\/index.php?rest_route=%2Fwp%2Fv2%2Fproduct_brand&post=11167"},{"taxonomy":"product_cat","embeddable":true,"href":"https:\/\/www.bynaldis-shop.com\/index.php?rest_route=%2Fwp%2Fv2%2Fproduct_cat&post=11167"},{"taxonomy":"product_tag","embeddable":true,"href":"https:\/\/www.bynaldis-shop.com\/index.php?rest_route=%2Fwp%2Fv2%2Fproduct_tag&post=11167"}],"curies":[{"name":"wp","href":"https:\/\/api.w.org\/{rel}","templated":true}]}}