{"id":11101,"date":"2026-03-26T14:21:45","date_gmt":"2026-03-26T13:21:45","guid":{"rendered":"https:\/\/www.bynaldis-shop.com\/?post_type=product&#038;p=11101"},"modified":"2026-03-26T14:57:23","modified_gmt":"2026-03-26T13:57:23","slug":"moebelfarbe-matt-250-ml","status":"publish","type":"product","link":"https:\/\/www.bynaldis-shop.com\/?product=moebelfarbe-matt-250-ml","title":{"rendered":"M\u00f6belfarbe matt 250 ml"},"content":{"rendered":"<p><span style=\"color: #ff0000;\"><strong>F\u00fcr deine Inspiration:\u00a0<a style=\"color: #ff0000;\" href=\"https:\/\/www.paintofwalinoon.com\/inspiration\">https:\/\/www.paintofwalinoon.com\/inspiration<\/a><\/strong><\/span><\/p>\n<p class=\"\"><strong>Paint of Walinoon M\u00f6belfarbe<\/strong> verbindet Alltagstauglichkeit mit stilvollem Design und ist in zwei hochwertigen Qualit\u00e4ten erh\u00e4ltlich: <strong>Matt Finish<\/strong> f\u00fcr ruhige, pudrige Oberfl\u00e4chen und <strong>Eggshell Seidenglanz<\/strong> f\u00fcr besonders strapazierte Bereiche. Ob Einzelst\u00fcck oder komplette Innenraumgestaltung \u2013 diese verleiht M\u00f6beln, T\u00fcren, Heizk\u00f6rpern und Deko-Elementen Charakter und Ausstrahlung.<\/p>\n<p class=\"\">Matt Finish eignet sich perfekt f\u00fcr dekorative, weniger beanspruchte Oberfl\u00e4chen wie Bilderrahmen, Nachttische oder Lampenf\u00fc\u00dfe. Es verleiht dem Holz ein samtiges Aussehen und sorgt f\u00fcr eine weiche, ruhige Raumwirkung.<\/p>\n<p class=\"\">Eggshell Seidenglanz ist ideal f\u00fcr stark beanspruchte Oberfl\u00e4chen wie K\u00fcchenfronten, Tischplatten, T\u00fcren, Fu\u00dfleisten oder Heizk\u00f6rper. Der Acryl-Anteil macht die Oberfl\u00e4che robust, sto\u00df- und feuchtigkeitsbest\u00e4ndig und sorgt mit einem Glanzgrad von ca. 23 % f\u00fcr einen dezenten Schimmer \u2013 langlebig, abwischbar und pflegeleicht.<\/p>\n<p class=\"\" data-rte-preserve-empty=\"true\">Die M\u00f6belfarbe von Paint of Walinoon l\u00e4sst sich besonders einfach mit Pinsel oder Farbrolle auftragen. F\u00fcr ein ebenm\u00e4\u00dfiges Finish und eine gleichm\u00e4\u00dfige Farbtiefe empfehlen wir zwei Anstriche. Die Farbe ist bereits nach 1 bis 2 Stunden oberfl\u00e4chentrocken und kann nach rund 4 Stunden \u00fcberstrichen werden \u2013 ideal f\u00fcr alle, die effizient arbeiten m\u00f6chten.<\/p>\n<p class=\"\" data-rte-preserve-empty=\"true\">Nach etwa 14 Tagen ist die Oberfl\u00e4che vollst\u00e4ndig durchgeh\u00e4rtet und bietet dauerhafte Best\u00e4ndigkeit im Alltag \u2013 ganz gleich, ob auf M\u00f6beln, T\u00fcren oder Holzverkleidungen.<\/p>\n<p class=\"\" data-rte-preserve-empty=\"true\">Die M\u00f6belfarbe ist in handlichen 250-ml-Dosen erh\u00e4ltlich f\u00fcr kleinere Projekte (3 &#8211; 4 m\u00b2) oder auch als 750-ml-Dosen erh\u00e4ltlich \u2013 ausreichend f\u00fcr etwa 10\u202fm\u00b2 bei einem Anstrich. Wie alle Farben von Paint of Walinoon ist sie in s\u00e4mtlichen T\u00f6nen der Kollektion verf\u00fcgbar \u2013 perfekt abgestimmt auf Wandfarben und Lacke derselben Farbwelt.<\/p>\n<ul data-rte-list=\"default\">\n<li>\n<p class=\"\" data-rte-preserve-empty=\"true\">Wasserbasiert &amp; l\u00f6semittelfrei<\/p>\n<\/li>\n<li>\n<p class=\"\" data-rte-preserve-empty=\"true\">Selbstgrundierend auf vielen Oberfl\u00e4chen<\/p>\n<\/li>\n<li>\n<p class=\"\" data-rte-preserve-empty=\"true\">F\u00fcr Holz, grundiertes Metall, MDF &amp; mehr geeignet<\/p>\n<\/li>\n<li>\n<p class=\"\" data-rte-preserve-empty=\"true\">Matt Finish f\u00fcr dekorative Fl\u00e4chen<\/p>\n<\/li>\n<li>\n<p class=\"\" data-rte-preserve-empty=\"true\">Eggshell (Glanzgrad ca. 23\u202f%) f\u00fcr stark beanspruchte Bereiche<\/p>\n<\/li>\n<li>\n<p class=\"\" data-rte-preserve-empty=\"true\">Widerstandsf\u00e4hig, abwischbar &amp; langlebig<\/p>\n<\/li>\n<li>\n<p class=\"\" data-rte-preserve-empty=\"true\">Ideal f\u00fcr M\u00f6bel, T\u00fcren, Heizk\u00f6rper, K\u00fcchenfronten, Fu\u00dfleisten<\/p>\n<\/li>\n<li>\n<p class=\"\" data-rte-preserve-empty=\"true\">Ergiebigkeit: ca. 10\u202fm\u00b2 pro 750\u202fml &amp; 3 &#8211; 4 m\u00b2 pro 250 ml (bei einem Anstrich)<\/p>\n<\/li>\n<li>\n<p class=\"\" data-rte-preserve-empty=\"true\">Erh\u00e4ltlich in allen 48 Farbt\u00f6nen von Paint of Walinoon<\/p>\n<\/li>\n<li>\n<p class=\"\" data-rte-preserve-empty=\"true\">Vollst\u00e4ndig durchgetrocknet nach ca. 14 Tagen<\/p>\n<\/li>\n<\/ul>\n<p><strong>Schreibe uns bitte in das Feld &#8222;Bemerkungen&#8220; welchen Farbton oder auch welche Farbt\u00f6ne du gern f\u00fcr dich bestellen m\u00f6chtest.\u00a0<\/strong><\/p>\n<p><a href=\"https:\/\/www.bynaldis-shop.com\/uploads\/sites\/5\/2026\/03\/PAINT_OF_WALINOON_matt_DATENBLATT_1010.pdf\">PAINT_OF_WALINOON+_matt_DATENBLATT_1010<\/a><\/p>\n","protected":false},"excerpt":{"rendered":"<p>F\u00fcr deine Inspiration:\u00a0https:\/\/www.paintofwalinoon.com\/inspiration Paint of Walinoon M\u00f6belfarbe verbindet Alltagstauglichkeit mit stilvollem Design und ist in zwei hochwertigen Qualit\u00e4ten erh\u00e4ltlich: Matt Finish f\u00fcr ruhige, pudrige Oberfl\u00e4chen und Eggshell Seidenglanz f\u00fcr besonders strapazierte Bereiche. Ob Einzelst\u00fcck oder komplette Innenraumgestaltung \u2013 diese verleiht M\u00f6beln, T\u00fcren, Heizk\u00f6rpern und Deko-Elementen Charakter und Ausstrahlung. Matt Finish eignet sich perfekt f\u00fcr dekorative, [&hellip;]<\/p>\n<p><a class=\"read-more\" href=\"https:\/\/www.bynaldis-shop.com\/?product=moebelfarbe-matt-250-ml\">Mehr lesen<span class=\"meta-nav\">&rarr;<\/span><\/a><\/p>\n","protected":false},"featured_media":11108,"template":"","meta":[],"product_brand":[],"product_cat":[352],"product_tag":[],"class_list":{"0":"post-11101","1":"product","2":"type-product","3":"status-publish","4":"has-post-thumbnail","6":"product_cat-matt","8":"first","9":"instock","10":"taxable","11":"shipping-taxable","12":"purchasable","13":"product-type-simple"},"_links":{"self":[{"href":"https:\/\/www.bynaldis-shop.com\/index.php?rest_route=\/wp\/v2\/product\/11101","targetHints":{"allow":["GET"]}}],"collection":[{"href":"https:\/\/www.bynaldis-shop.com\/index.php?rest_route=\/wp\/v2\/product"}],"about":[{"href":"https:\/\/www.bynaldis-shop.com\/index.php?rest_route=\/wp\/v2\/types\/product"}],"wp:featuredmedia":[{"embeddable":true,"href":"https:\/\/www.bynaldis-shop.com\/index.php?rest_route=\/wp\/v2\/media\/11108"}],"wp:attachment":[{"href":"https:\/\/www.bynaldis-shop.com\/index.php?rest_route=%2Fwp%2Fv2%2Fmedia&parent=11101"}],"wp:term":[{"taxonomy":"product_brand","embeddable":true,"href":"https:\/\/www.bynaldis-shop.com\/index.php?rest_route=%2Fwp%2Fv2%2Fproduct_brand&post=11101"},{"taxonomy":"product_cat","embeddable":true,"href":"https:\/\/www.bynaldis-shop.com\/index.php?rest_route=%2Fwp%2Fv2%2Fproduct_cat&post=11101"},{"taxonomy":"product_tag","embeddable":true,"href":"https:\/\/www.bynaldis-shop.com\/index.php?rest_route=%2Fwp%2Fv2%2Fproduct_tag&post=11101"}],"curies":[{"name":"wp","href":"https:\/\/api.w.org\/{rel}","templated":true}]}}