{"id":11096,"date":"2026-03-26T11:08:25","date_gmt":"2026-03-26T10:08:25","guid":{"rendered":"https:\/\/www.bynaldis-shop.com\/?post_type=product&#038;p=11096"},"modified":"2026-04-12T13:07:33","modified_gmt":"2026-04-12T11:07:33","slug":"gute-laune-kraeutertee","status":"publish","type":"product","link":"https:\/\/www.bynaldis-shop.com\/?product=gute-laune-kraeutertee","title":{"rendered":"Gute Laune Kr\u00e4utertee"},"content":{"rendered":"<ul class=\"product-detail-usps\">\n<li>Toller Kr\u00e4utertee mit Frucht-Note<\/li>\n<li>Perfekt f\u00fcr den ganzen Tag<\/li>\n<li>L\u00e4dt zum Genie\u00dfen ein<\/li>\n<\/ul>\n<p>Da kommt Freude auf \u2013 unsere Gute Laune Kr\u00e4utertee-Mischung schmeckt frisch und wunderbar nach einer Vielfalt von Kr\u00e4utern. Die\u00a0<strong>fein ausgew\u00e4hlte Zusammenstellung von Kr\u00e4utern und Fr\u00fcchten<\/strong>\u00a0bringt uns mit dem tollen Geschmack durch den Morgen und zaubert uns auch am Nachmittag ein L\u00e4cheln ins Gesicht. Der\u00a0<strong>schmackhafte Kr\u00e4utertee<\/strong>\u00a0ist hei\u00df und kalt ein Genuss und macht mit seiner fruchtigen Note auch Kindern Spa\u00df!<\/p>\n<p>Der Gute-Laune-Tee ist\u00a0<strong>ungeschwefelt, vegan, glutenfrei und ohne k\u00fcnstliche Zusatzstoffe oder Zuckerzusatz.<\/strong><\/p>\n<p><strong>Hei\u00df:<\/strong>\u00a0Graue Tage sorgen nicht unbedingt f\u00fcr gute Laune in. Dem wirkt unser\u00a0<strong>Gute Laune Tee\u00a0<\/strong>mit einem aromatischen Hei\u00dfaufguss entgegen. Dazu etwa 1,5 Essl\u00f6ffel Gute Laune Kr\u00e4utertee-Mischung auf einen Liter Wasser geben und 10-15 Minuten ziehen lassen.<\/p>\n<p><strong>Eistee:<\/strong>\u00a0Damit schlechte Stimmung auch im Sommer keine Chance hat, genie\u00dft man die\u00a0<strong>Kr\u00e4utertee-Mischung\u00a0<\/strong>als gek\u00fchltes Erfrischungsgetr\u00e4nk. Dazu passen Eisw\u00fcrfel und ein Spritzer Zitrone. F\u00fcr eine wenig S\u00fc\u00dfe bietet sich ein Teel\u00f6ffel\u00a0<a href=\"https:\/\/b2b.bremer-gewuerzhandel.de\/honig\">Honig<\/a>\u00a0an.<\/p>\n<p><strong>Kombiniert:\u00a0<\/strong>Wer es gerne fruchtiger mag, mischt noch weitere\u00a0<a href=\"https:\/\/b2b.bremer-gewuerzhandel.de\/trockenfruechte-nuesse\/trockenfruechte\">getrocknete Fr\u00fcchte<\/a>\u00a0hinein oder peppt die\u00a0<strong>Kr\u00e4utertee-Mischung\u00a0<\/strong>mit einem Schuss Fruchtsaft auf.<\/p>\n<p><strong>100g Verpackung,\u00a0kontrollierte Zutaten, ohne Geschmacksverst\u00e4rker, ohne Glutamat- und Hefezusatz, ohne k\u00fcnstliche Zusatzstoffe, vegan und ungeschwefelt<\/strong><\/p>\n<p>&nbsp;<\/p>\n","protected":false},"excerpt":{"rendered":"<p>Toller Kr\u00e4utertee mit Frucht-Note Perfekt f\u00fcr den ganzen Tag L\u00e4dt zum Genie\u00dfen ein Da kommt Freude auf \u2013 unsere Gute Laune Kr\u00e4utertee-Mischung schmeckt frisch und wunderbar nach einer Vielfalt von Kr\u00e4utern. Die\u00a0fein ausgew\u00e4hlte Zusammenstellung von Kr\u00e4utern und Fr\u00fcchten\u00a0bringt uns mit dem tollen Geschmack durch den Morgen und zaubert uns auch am Nachmittag ein L\u00e4cheln ins [&hellip;]<\/p>\n<p><a class=\"read-more\" href=\"https:\/\/www.bynaldis-shop.com\/?product=gute-laune-kraeutertee\">Mehr lesen<span class=\"meta-nav\">&rarr;<\/span><\/a><\/p>\n","protected":false},"featured_media":11097,"template":"","meta":[],"product_brand":[],"product_cat":[253,366],"product_tag":[],"class_list":{"0":"post-11096","1":"product","2":"type-product","3":"status-publish","4":"has-post-thumbnail","6":"product_cat-neu","7":"product_cat-loser-tee","9":"first","10":"instock","11":"taxable","12":"shipping-taxable","13":"purchasable","14":"product-type-simple"},"_links":{"self":[{"href":"https:\/\/www.bynaldis-shop.com\/index.php?rest_route=\/wp\/v2\/product\/11096","targetHints":{"allow":["GET"]}}],"collection":[{"href":"https:\/\/www.bynaldis-shop.com\/index.php?rest_route=\/wp\/v2\/product"}],"about":[{"href":"https:\/\/www.bynaldis-shop.com\/index.php?rest_route=\/wp\/v2\/types\/product"}],"wp:featuredmedia":[{"embeddable":true,"href":"https:\/\/www.bynaldis-shop.com\/index.php?rest_route=\/wp\/v2\/media\/11097"}],"wp:attachment":[{"href":"https:\/\/www.bynaldis-shop.com\/index.php?rest_route=%2Fwp%2Fv2%2Fmedia&parent=11096"}],"wp:term":[{"taxonomy":"product_brand","embeddable":true,"href":"https:\/\/www.bynaldis-shop.com\/index.php?rest_route=%2Fwp%2Fv2%2Fproduct_brand&post=11096"},{"taxonomy":"product_cat","embeddable":true,"href":"https:\/\/www.bynaldis-shop.com\/index.php?rest_route=%2Fwp%2Fv2%2Fproduct_cat&post=11096"},{"taxonomy":"product_tag","embeddable":true,"href":"https:\/\/www.bynaldis-shop.com\/index.php?rest_route=%2Fwp%2Fv2%2Fproduct_tag&post=11096"}],"curies":[{"name":"wp","href":"https:\/\/api.w.org\/{rel}","templated":true}]}}