{"id":11094,"date":"2026-03-26T10:55:41","date_gmt":"2026-03-26T09:55:41","guid":{"rendered":"https:\/\/www.bynaldis-shop.com\/?post_type=product&#038;p=11094"},"modified":"2026-04-12T13:07:48","modified_gmt":"2026-04-12T11:07:48","slug":"schietwettertee-kraeutertee","status":"publish","type":"product","link":"https:\/\/www.bynaldis-shop.com\/?product=schietwettertee-kraeutertee","title":{"rendered":"Schietwettertee &#8211; Kr\u00e4utertee"},"content":{"rendered":"<ul class=\"product-detail-usps\">\n<li>Ausgewogene Teemischung mit leichter Anisnote<\/li>\n<li>Der perfekte Tee f\u00fcr einen gem\u00fctlichen Abend<\/li>\n<li>Auch kalt und zu sonnigem Wetter zu genie\u00dfen<\/li>\n<\/ul>\n<div>\n<div class=\"product-detail-price-container\">\n<p>Mit unserem Schietwettertee ist schlechtes Wetter schnell vergessen. Die\u00a0<strong>aromatische, ausgewogene Kr\u00e4utertee-Mischung mit feiner Anisnote<\/strong>\u00a0vers\u00fc\u00dft uns regnerische, graue Tage und sorgt als Hei\u00dfaufguss f\u00fcr gem\u00fctliche Abende im Warmen. Der Schlecht-Wetter-Tee schmeckt nat\u00fcrlich auch bei Sonnenschein und ist\u00a0<strong>auch kalt ein erfrischender Begleiter<\/strong>\u00a0f\u00fcr den Sommer.<\/p>\n<p>Unser Schlecht-Wetter-Tee ist\u00a0<strong>ungeschwefelt, vegan, glutenfrei und ohne k\u00fcnstliche Zusatzstoffe oder Zuckerzusatz.<\/strong><\/p>\n<\/div>\n<\/div>\n<p><strong>Hei\u00df:<\/strong>\u00a0Besonders schmackhaft ist der Schietwettertee als Hei\u00dfaufguss an einem gem\u00fctlichen Abend, wenn es drau\u00dfen regnet und st\u00fcrmt. Damit er sein volles Aroma entfalten kann, l\u00e4sst man ihn f\u00fcr etwa 10-15 Minuten in hei\u00dfem Wasser ziehen und genie\u00dft ihn in Ruhe. Dazu passt etwas Honig.<\/p>\n<p><strong>Kalt:\u00a0<\/strong>Die Kr\u00e4utertee-Mischung schmeckt auch als Kaltgetr\u00e4nk. Kombiniert mit Eisw\u00fcrfeln, Zitrone oder etwas Fruchtsaft entsteht ein erfrischender Durstl\u00f6scher.<\/p>\n<p><strong>Winterlich:<\/strong>\u00a0Der Schlecht-Wetter-Tee l\u00e4sst sich auch weihnachtlich verfeinern. Zimt, Vanille oder Kardamom machen den Kr\u00e4utertee zu einem echten Wintergetr\u00e4nk.<\/p>\n<p><strong>100g Verpackung,\u00a0kontrollierte Zutaten, ohne Geschmacksverst\u00e4rker, ohne Glutamat- und Hefezusatz, ohne k\u00fcnstliche Zusatzstoffe, vegan und ungeschwefelt<\/strong><\/p>\n<p>&nbsp;<\/p>\n","protected":false},"excerpt":{"rendered":"<p>Ausgewogene Teemischung mit leichter Anisnote Der perfekte Tee f\u00fcr einen gem\u00fctlichen Abend Auch kalt und zu sonnigem Wetter zu genie\u00dfen Mit unserem Schietwettertee ist schlechtes Wetter schnell vergessen. Die\u00a0aromatische, ausgewogene Kr\u00e4utertee-Mischung mit feiner Anisnote\u00a0vers\u00fc\u00dft uns regnerische, graue Tage und sorgt als Hei\u00dfaufguss f\u00fcr gem\u00fctliche Abende im Warmen. Der Schlecht-Wetter-Tee schmeckt nat\u00fcrlich auch bei Sonnenschein und [&hellip;]<\/p>\n<p><a class=\"read-more\" href=\"https:\/\/www.bynaldis-shop.com\/?product=schietwettertee-kraeutertee\">Mehr lesen<span class=\"meta-nav\">&rarr;<\/span><\/a><\/p>\n","protected":false},"featured_media":11095,"template":"","meta":[],"product_brand":[],"product_cat":[253,366],"product_tag":[],"class_list":{"0":"post-11094","1":"product","2":"type-product","3":"status-publish","4":"has-post-thumbnail","6":"product_cat-neu","7":"product_cat-loser-tee","9":"first","10":"instock","11":"taxable","12":"shipping-taxable","13":"purchasable","14":"product-type-simple"},"_links":{"self":[{"href":"https:\/\/www.bynaldis-shop.com\/index.php?rest_route=\/wp\/v2\/product\/11094","targetHints":{"allow":["GET"]}}],"collection":[{"href":"https:\/\/www.bynaldis-shop.com\/index.php?rest_route=\/wp\/v2\/product"}],"about":[{"href":"https:\/\/www.bynaldis-shop.com\/index.php?rest_route=\/wp\/v2\/types\/product"}],"wp:featuredmedia":[{"embeddable":true,"href":"https:\/\/www.bynaldis-shop.com\/index.php?rest_route=\/wp\/v2\/media\/11095"}],"wp:attachment":[{"href":"https:\/\/www.bynaldis-shop.com\/index.php?rest_route=%2Fwp%2Fv2%2Fmedia&parent=11094"}],"wp:term":[{"taxonomy":"product_brand","embeddable":true,"href":"https:\/\/www.bynaldis-shop.com\/index.php?rest_route=%2Fwp%2Fv2%2Fproduct_brand&post=11094"},{"taxonomy":"product_cat","embeddable":true,"href":"https:\/\/www.bynaldis-shop.com\/index.php?rest_route=%2Fwp%2Fv2%2Fproduct_cat&post=11094"},{"taxonomy":"product_tag","embeddable":true,"href":"https:\/\/www.bynaldis-shop.com\/index.php?rest_route=%2Fwp%2Fv2%2Fproduct_tag&post=11094"}],"curies":[{"name":"wp","href":"https:\/\/api.w.org\/{rel}","templated":true}]}}