{"id":11092,"date":"2026-03-26T10:45:46","date_gmt":"2026-03-26T09:45:46","guid":{"rendered":"https:\/\/www.bynaldis-shop.com\/?post_type=product&#038;p=11092"},"modified":"2026-04-12T13:08:13","modified_gmt":"2026-04-12T11:08:13","slug":"oma-annas-kraeutertee","status":"publish","type":"product","link":"https:\/\/www.bynaldis-shop.com\/?product=oma-annas-kraeutertee","title":{"rendered":"Oma Annas Kr\u00e4utertee"},"content":{"rendered":"<ul class=\"product-detail-usps\">\n<li>Tolle erfrischende Kr\u00e4utermischung<\/li>\n<li>Perfekt f\u00fcr den Sommer<\/li>\n<li>Toller Begleiter f\u00fcr den ganzen Tag<\/li>\n<\/ul>\n<p>Gem\u00fctliche Momente \u2013 Oma Annas Kr\u00e4utertee l\u00e4sst uns den stressigen Alltag schnell vergessen und sorgt nicht nur geschmacklich f\u00fcr Vergn\u00fcgen: die\u00a0<strong>feine Mischung ausgew\u00e4hlter Kr\u00e4uter<\/strong>\u00a0ist auch optisch ein echtes Highlight.\u00a0<strong>Rosen- und Pfefferminzbl\u00e4tter, Hagebuttenschalen und Ringelblumen<\/strong>\u00a0bringen nicht nur Aroma, sondern auch eine geh\u00f6rige Portion Farbe in die Tasse. Die schmackhafte und dekorative Mischung l\u00e4sst sich sowohl kalt als auch hei\u00df trinken. Sie enth\u00e4lt kein Koffein und ist damit rund um die Uhr ein k\u00f6stlicher Begleiter.<\/p>\n<p>Der Kr\u00e4utertee ist\u00a0<strong>ungeschwefelt, glutenfrei, vegan und frei von k\u00fcnstlichen Zusatzstoffen oder Zuckerzusatz.<\/strong><\/p>\n<p><strong>Hei\u00df:<\/strong>\u00a0F\u00fcr einen klassischen Hei\u00dfaufguss gibt man etwa eineinhalb Essl\u00f6ffel auf einen Liter Wasser und l\u00e4sst alles f\u00fcr eine Viertelstunde ziehen. Der Tee schmeckt unges\u00fc\u00dft oder auch verfeinert mit etwas Honig.<\/p>\n<p><strong>Kalt:\u00a0<\/strong>Oma Annas Kr\u00e4utertee-Mischung ist auch kalt ein echter Genuss. Der frische Charakter sorgt besonders im Sommer f\u00fcr vollaromatische Erfrischung.<\/p>\n<p><strong>Gemischt:<\/strong>\u00a0Die nat\u00fcrliche Kr\u00e4uterteemischung vertr\u00e4gt sich auch mit fruchtigen Aromen wie getrockneten Beeren, Zitrusfr\u00fcchten oder einem Schuss Fruchtsaft.<\/p>\n<p><strong>100g Verpackung,\u00a0kontrollierte Zutaten, ohne Geschmacksverst\u00e4rker, ohne Glutamat- und Hefezusatz, ohne k\u00fcnstliche Zusatzstoffe, vegan und ungeschwefelt<\/strong><\/p>\n<p>&nbsp;<\/p>\n","protected":false},"excerpt":{"rendered":"<p>Tolle erfrischende Kr\u00e4utermischung Perfekt f\u00fcr den Sommer Toller Begleiter f\u00fcr den ganzen Tag Gem\u00fctliche Momente \u2013 Oma Annas Kr\u00e4utertee l\u00e4sst uns den stressigen Alltag schnell vergessen und sorgt nicht nur geschmacklich f\u00fcr Vergn\u00fcgen: die\u00a0feine Mischung ausgew\u00e4hlter Kr\u00e4uter\u00a0ist auch optisch ein echtes Highlight.\u00a0Rosen- und Pfefferminzbl\u00e4tter, Hagebuttenschalen und Ringelblumen\u00a0bringen nicht nur Aroma, sondern auch eine geh\u00f6rige Portion [&hellip;]<\/p>\n<p><a class=\"read-more\" href=\"https:\/\/www.bynaldis-shop.com\/?product=oma-annas-kraeutertee\">Mehr lesen<span class=\"meta-nav\">&rarr;<\/span><\/a><\/p>\n","protected":false},"featured_media":11093,"template":"","meta":[],"product_brand":[],"product_cat":[253,366],"product_tag":[],"class_list":{"0":"post-11092","1":"product","2":"type-product","3":"status-publish","4":"has-post-thumbnail","6":"product_cat-neu","7":"product_cat-loser-tee","9":"first","10":"instock","11":"taxable","12":"shipping-taxable","13":"purchasable","14":"product-type-simple"},"_links":{"self":[{"href":"https:\/\/www.bynaldis-shop.com\/index.php?rest_route=\/wp\/v2\/product\/11092","targetHints":{"allow":["GET"]}}],"collection":[{"href":"https:\/\/www.bynaldis-shop.com\/index.php?rest_route=\/wp\/v2\/product"}],"about":[{"href":"https:\/\/www.bynaldis-shop.com\/index.php?rest_route=\/wp\/v2\/types\/product"}],"wp:featuredmedia":[{"embeddable":true,"href":"https:\/\/www.bynaldis-shop.com\/index.php?rest_route=\/wp\/v2\/media\/11093"}],"wp:attachment":[{"href":"https:\/\/www.bynaldis-shop.com\/index.php?rest_route=%2Fwp%2Fv2%2Fmedia&parent=11092"}],"wp:term":[{"taxonomy":"product_brand","embeddable":true,"href":"https:\/\/www.bynaldis-shop.com\/index.php?rest_route=%2Fwp%2Fv2%2Fproduct_brand&post=11092"},{"taxonomy":"product_cat","embeddable":true,"href":"https:\/\/www.bynaldis-shop.com\/index.php?rest_route=%2Fwp%2Fv2%2Fproduct_cat&post=11092"},{"taxonomy":"product_tag","embeddable":true,"href":"https:\/\/www.bynaldis-shop.com\/index.php?rest_route=%2Fwp%2Fv2%2Fproduct_tag&post=11092"}],"curies":[{"name":"wp","href":"https:\/\/api.w.org\/{rel}","templated":true}]}}