{"id":11090,"date":"2026-03-26T10:41:19","date_gmt":"2026-03-26T09:41:19","guid":{"rendered":"https:\/\/www.bynaldis-shop.com\/?post_type=product&#038;p=11090"},"modified":"2026-04-12T13:08:37","modified_gmt":"2026-04-12T11:08:37","slug":"yogi-tea-frauentee","status":"publish","type":"product","link":"https:\/\/www.bynaldis-shop.com\/?product=yogi-tea-frauentee","title":{"rendered":"Yogi Tea\u00ae &#8211; Frauentee"},"content":{"rendered":"<ul class=\"product-detail-usps\">\n<li>Aromatische Kr\u00e4uter- und Gew\u00fcrztee-Mischung<\/li>\n<li>Perfekt zum Entspannen<\/li>\n<li>Nach ayurvedischem Wissen zusammengestellt<\/li>\n<\/ul>\n<p>Entspannung f\u00fcr K\u00f6rper und Geist ist das A und O f\u00fcr Frauen. Schon in den alten Schriften des Yoga hei\u00dft es, dass Entspannung Frauen hilft, leichter in Kontakt mit ihrem inneren Wesen zu kommen. Diese wundersch\u00f6ne, liebliche, aromatische Kr\u00e4uter- und Gew\u00fcrztee-Mischung dient ausschlie\u00dflich diesem Ziel. Alle Bl\u00fcten, Kr\u00e4uter und Gew\u00fcrze wurden nach ayurvedischem Wissen speziell f\u00fcr Frauen ausgesucht, um sie zu unterst\u00fctzen, ihre kreative Pers\u00f6nlichkeit zu leben.<\/p>\n<p>Kaum eine Marke hat die Tradition des\u00a0<strong>ayurvedischen Lebensstils<\/strong>\u00a0so sehr mit ihren Produkten verkn\u00fcpft wie YOGI TEA\u00ae. Sie kombinieren ganz bewusst nachhaltig angebaute Kr\u00e4uter, Fr\u00fcchte und (Tee-)Bl\u00e4tter zu Tee, der die Seele und den K\u00f6rper wieder in Balance bringen soll. Die perfekte Qualit\u00e4t der Inhaltsstoffe und des Produktes steht immer an oberster Stelle. Dazu achten sie auf sorgf\u00e4ltig ausgew\u00e4hlte Lieferanten, einen m\u00f6glichst geringen \u00f6kologischen Fu\u00dfabdruck sowie regelm\u00e4\u00dfige, strenge Tests. Entdecken Sie\u00a0<strong>Ihre Lieblingssorten<\/strong>\u00a0in unserem YOGI-TEA\u00ae-Sortiment: Von\u00a0<strong>Fr\u00fcchte- und Kr\u00e4utertee<\/strong>-Kompositionen. Und sollte deine Lieblingssorte einmal nicht dabei sein, dann schreib uns gern und wir bestellen Sie f\u00fcr Dich.<\/p>\n<p><strong>Zubereitung:<\/strong>\u00a0\u00dcbergie\u00dfen Sie den Teebeutel mit 300 ml kochendem Wasser und lassen ihn f\u00fcr etwa 4 &#8211; 6 Minuten ziehen (l\u00e4nger f\u00fcr einen st\u00e4rkeren Geschmack).<\/p>\n","protected":false},"excerpt":{"rendered":"<p>Aromatische Kr\u00e4uter- und Gew\u00fcrztee-Mischung Perfekt zum Entspannen Nach ayurvedischem Wissen zusammengestellt Entspannung f\u00fcr K\u00f6rper und Geist ist das A und O f\u00fcr Frauen. Schon in den alten Schriften des Yoga hei\u00dft es, dass Entspannung Frauen hilft, leichter in Kontakt mit ihrem inneren Wesen zu kommen. Diese wundersch\u00f6ne, liebliche, aromatische Kr\u00e4uter- und Gew\u00fcrztee-Mischung dient ausschlie\u00dflich diesem [&hellip;]<\/p>\n<p><a class=\"read-more\" href=\"https:\/\/www.bynaldis-shop.com\/?product=yogi-tea-frauentee\">Mehr lesen<span class=\"meta-nav\">&rarr;<\/span><\/a><\/p>\n","protected":false},"featured_media":11091,"template":"","meta":[],"product_brand":[],"product_cat":[253,367],"product_tag":[],"class_list":{"0":"post-11090","1":"product","2":"type-product","3":"status-publish","4":"has-post-thumbnail","6":"product_cat-neu","7":"product_cat-yogi-tea","9":"first","10":"instock","11":"taxable","12":"shipping-taxable","13":"purchasable","14":"product-type-simple"},"_links":{"self":[{"href":"https:\/\/www.bynaldis-shop.com\/index.php?rest_route=\/wp\/v2\/product\/11090","targetHints":{"allow":["GET"]}}],"collection":[{"href":"https:\/\/www.bynaldis-shop.com\/index.php?rest_route=\/wp\/v2\/product"}],"about":[{"href":"https:\/\/www.bynaldis-shop.com\/index.php?rest_route=\/wp\/v2\/types\/product"}],"wp:featuredmedia":[{"embeddable":true,"href":"https:\/\/www.bynaldis-shop.com\/index.php?rest_route=\/wp\/v2\/media\/11091"}],"wp:attachment":[{"href":"https:\/\/www.bynaldis-shop.com\/index.php?rest_route=%2Fwp%2Fv2%2Fmedia&parent=11090"}],"wp:term":[{"taxonomy":"product_brand","embeddable":true,"href":"https:\/\/www.bynaldis-shop.com\/index.php?rest_route=%2Fwp%2Fv2%2Fproduct_brand&post=11090"},{"taxonomy":"product_cat","embeddable":true,"href":"https:\/\/www.bynaldis-shop.com\/index.php?rest_route=%2Fwp%2Fv2%2Fproduct_cat&post=11090"},{"taxonomy":"product_tag","embeddable":true,"href":"https:\/\/www.bynaldis-shop.com\/index.php?rest_route=%2Fwp%2Fv2%2Fproduct_tag&post=11090"}],"curies":[{"name":"wp","href":"https:\/\/api.w.org\/{rel}","templated":true}]}}