{"id":11086,"date":"2026-03-26T10:31:36","date_gmt":"2026-03-26T09:31:36","guid":{"rendered":"https:\/\/www.bynaldis-shop.com\/?post_type=product&#038;p=11086"},"modified":"2026-04-12T13:09:45","modified_gmt":"2026-04-12T11:09:45","slug":"yogi-tea-glueckstee","status":"publish","type":"product","link":"https:\/\/www.bynaldis-shop.com\/?product=yogi-tea-glueckstee","title":{"rendered":"Yogi Tea\u00ae &#8211; Gl\u00fcckstee"},"content":{"rendered":"<ul class=\"product-detail-usps\">\n<li>Lecker aromatisch und Kr\u00e4uternote<\/li>\n<li>Ayurvedische Kr\u00e4uterkomposition<\/li>\n<li>Perfekt zum entspannen<\/li>\n<\/ul>\n<p>Hier und da verlieren wir Menschen den Kontakt zu unserer eigenen Seele. Dann passiert es, dass wir gar nicht wissen, warum wir so traurig sind. Die inneren Botschaften der Pflanzen erinnern uns daran, dass unser Seelengrund sich immer in einem Zustand heiterer Gelassenheit befindet. Folgen wir ihren Botschaften, zeigen sie uns die Sonne hinter den Wolken. Diese wunderbare ayurvedische Kr\u00e4uterkomposition baut uns wieder auf. Wir schmecken die W\u00e4rme eines gl\u00fccklichen Sommertages. Dies macht uns Mut und Lust auf neue Taten. Pflanzenweisheit vom Rhythmus der Jahreszeiten verk\u00fcndet uns die beruhigende Einsicht: &#8222;Alles kommt zu seiner richtigen Zeit.&#8220;<\/p>\n<p>Kaum eine Marke hat die Tradition des\u00a0<strong>ayurvedischen Lebensstils<\/strong>\u00a0so sehr mit ihren Produkten verkn\u00fcpft wie YOGI TEA\u00ae. Sie kombinieren ganz bewusst nachhaltig angebaute Kr\u00e4uter, Fr\u00fcchte und (Tee-)Bl\u00e4tter zu Tee, der die Seele und den K\u00f6rper wieder in Balance bringen soll. Die perfekte Qualit\u00e4t der Inhaltsstoffe und des Produktes steht immer an oberster Stelle. Dazu achten sie auf sorgf\u00e4ltig ausgew\u00e4hlte Lieferanten, einen m\u00f6glichst geringen \u00f6kologischen Fu\u00dfabdruck sowie regelm\u00e4\u00dfige, strenge Tests. Entdecken Sie\u00a0<strong>Ihre Lieblingssorten<\/strong>\u00a0in unserem YOGI-TEA\u00ae-Sortiment: Von\u00a0<strong>Fr\u00fcchte- und Kr\u00e4utertee<\/strong>-Kompositionen. Und sollte deine Lieblingssorte einmal nicht dabei sein, dann schreib uns gern und wir bestellen Sie f\u00fcr Dich.<\/p>\n<p><strong>Zubereitung:<\/strong>\u00a0\u00dcbergie\u00dfen Sie den Teebeutel mit 300 ml kochendem Wasser und lassen ihn f\u00fcr etwa 4 &#8211; 6 Minuten ziehen (l\u00e4nger f\u00fcr einen st\u00e4rkeren Geschmack).<\/p>\n","protected":false},"excerpt":{"rendered":"<p>Lecker aromatisch und Kr\u00e4uternote Ayurvedische Kr\u00e4uterkomposition Perfekt zum entspannen Hier und da verlieren wir Menschen den Kontakt zu unserer eigenen Seele. Dann passiert es, dass wir gar nicht wissen, warum wir so traurig sind. Die inneren Botschaften der Pflanzen erinnern uns daran, dass unser Seelengrund sich immer in einem Zustand heiterer Gelassenheit befindet. Folgen wir [&hellip;]<\/p>\n<p><a class=\"read-more\" href=\"https:\/\/www.bynaldis-shop.com\/?product=yogi-tea-glueckstee\">Mehr lesen<span class=\"meta-nav\">&rarr;<\/span><\/a><\/p>\n","protected":false},"featured_media":11087,"template":"","meta":[],"product_brand":[],"product_cat":[253,367],"product_tag":[],"class_list":{"0":"post-11086","1":"product","2":"type-product","3":"status-publish","4":"has-post-thumbnail","6":"product_cat-neu","7":"product_cat-yogi-tea","9":"first","10":"instock","11":"taxable","12":"shipping-taxable","13":"purchasable","14":"product-type-simple"},"_links":{"self":[{"href":"https:\/\/www.bynaldis-shop.com\/index.php?rest_route=\/wp\/v2\/product\/11086","targetHints":{"allow":["GET"]}}],"collection":[{"href":"https:\/\/www.bynaldis-shop.com\/index.php?rest_route=\/wp\/v2\/product"}],"about":[{"href":"https:\/\/www.bynaldis-shop.com\/index.php?rest_route=\/wp\/v2\/types\/product"}],"wp:featuredmedia":[{"embeddable":true,"href":"https:\/\/www.bynaldis-shop.com\/index.php?rest_route=\/wp\/v2\/media\/11087"}],"wp:attachment":[{"href":"https:\/\/www.bynaldis-shop.com\/index.php?rest_route=%2Fwp%2Fv2%2Fmedia&parent=11086"}],"wp:term":[{"taxonomy":"product_brand","embeddable":true,"href":"https:\/\/www.bynaldis-shop.com\/index.php?rest_route=%2Fwp%2Fv2%2Fproduct_brand&post=11086"},{"taxonomy":"product_cat","embeddable":true,"href":"https:\/\/www.bynaldis-shop.com\/index.php?rest_route=%2Fwp%2Fv2%2Fproduct_cat&post=11086"},{"taxonomy":"product_tag","embeddable":true,"href":"https:\/\/www.bynaldis-shop.com\/index.php?rest_route=%2Fwp%2Fv2%2Fproduct_tag&post=11086"}],"curies":[{"name":"wp","href":"https:\/\/api.w.org\/{rel}","templated":true}]}}