{"id":11083,"date":"2026-03-26T10:24:28","date_gmt":"2026-03-26T09:24:28","guid":{"rendered":"https:\/\/www.bynaldis-shop.com\/?post_type=product&#038;p=11083"},"modified":"2026-04-12T13:11:00","modified_gmt":"2026-04-12T11:11:00","slug":"yogi-tea-ingwer-zitrone","status":"publish","type":"product","link":"https:\/\/www.bynaldis-shop.com\/?product=yogi-tea-ingwer-zitrone","title":{"rendered":"Yogi Tea\u00ae &#8211; Ingwer Zitrone"},"content":{"rendered":"<ul class=\"product-detail-usps\">\n<li>Erfrischend-s\u00fc\u00dfer Geschmack<\/li>\n<li>Teegenuss im Sommer und Winter<\/li>\n<li>Tolle w\u00e4rmende, anregende Wirkung<\/li>\n<\/ul>\n<p>Ayurveda ist eine ganzheitliche Tradition aus dem alten Indien, die die Notwendigkeit erkennt, K\u00f6rper, Geist und Seele in Harmonie zu bringen. Ayurveda lehrt, dass unsere physischen, geistigen und emotionalen K\u00f6rper von den sechs Geschmacksrichtungen s\u00fc\u00df, sauer, salzig, bitter, scharf und zusammenziehend beeinflusst werden.<\/p>\n<p>Der scharfe Geschmack von Ingwer hat eine w\u00e4rmende, anregende Wirkung auf den K\u00f6rper. Der saure Geschmack der Zitrone belebt den Geist und schafft ein Gef\u00fchl der Leichtigkeit. In Kombination mit f\u00fcnf weiteren Zutaten erh\u00e4lt Ingwer Zitrone Tee seinen erfrischend-s\u00fc\u00dfen Geschmack. Genie\u00dfen Sie eine Tasse Ingwer Zitrone Tee als Muntermacher jederzeit und \u00fcberall. Im Sommer ist er gek\u00fchlt eine K\u00f6stlichkeit!<\/p>\n<p>Kaum eine Marke hat die Tradition des\u00a0<strong>ayurvedischen Lebensstils<\/strong>\u00a0so sehr mit ihren Produkten verkn\u00fcpft wie YOGI TEA\u00ae. Sie kombinieren ganz bewusst nachhaltig angebaute Kr\u00e4uter, Fr\u00fcchte und (Tee-)Bl\u00e4tter zu Tee, der die Seele und den K\u00f6rper wieder in Balance bringen soll. Die perfekte Qualit\u00e4t der Inhaltsstoffe und des Produktes steht immer an oberster Stelle. Dazu achten sie auf sorgf\u00e4ltig ausgew\u00e4hlte Lieferanten, einen m\u00f6glichst geringen \u00f6kologischen Fu\u00dfabdruck sowie regelm\u00e4\u00dfige, strenge Tests. Entdecken Sie\u00a0<strong>Ihre Lieblingssorten<\/strong>\u00a0in unserem YOGI-TEA\u00ae-Sortiment: Von\u00a0<strong>Fr\u00fcchte- und Kr\u00e4utertee<\/strong>-Kompositionen. Und sollte deine Lieblingssorte einmal nicht dabei sein, dann schreib uns gern und wir bestellen Sie f\u00fcr Dich.<\/p>\n<p><strong>Zubereitung:<\/strong>\u00a0\u00dcbergie\u00dfen Sie den Teebeutel mit 300 ml kochendem Wasser und lassen ihn f\u00fcr etwa 4 &#8211; 6 Minuten ziehen (l\u00e4nger f\u00fcr einen st\u00e4rkeren Geschmack).<\/p>\n","protected":false},"excerpt":{"rendered":"<p>Erfrischend-s\u00fc\u00dfer Geschmack Teegenuss im Sommer und Winter Tolle w\u00e4rmende, anregende Wirkung Ayurveda ist eine ganzheitliche Tradition aus dem alten Indien, die die Notwendigkeit erkennt, K\u00f6rper, Geist und Seele in Harmonie zu bringen. Ayurveda lehrt, dass unsere physischen, geistigen und emotionalen K\u00f6rper von den sechs Geschmacksrichtungen s\u00fc\u00df, sauer, salzig, bitter, scharf und zusammenziehend beeinflusst werden. Der [&hellip;]<\/p>\n<p><a class=\"read-more\" href=\"https:\/\/www.bynaldis-shop.com\/?product=yogi-tea-ingwer-zitrone\">Mehr lesen<span class=\"meta-nav\">&rarr;<\/span><\/a><\/p>\n","protected":false},"featured_media":11084,"template":"","meta":[],"product_brand":[],"product_cat":[253,367],"product_tag":[],"class_list":{"0":"post-11083","1":"product","2":"type-product","3":"status-publish","4":"has-post-thumbnail","6":"product_cat-neu","7":"product_cat-yogi-tea","9":"first","10":"instock","11":"taxable","12":"shipping-taxable","13":"purchasable","14":"product-type-simple"},"_links":{"self":[{"href":"https:\/\/www.bynaldis-shop.com\/index.php?rest_route=\/wp\/v2\/product\/11083","targetHints":{"allow":["GET"]}}],"collection":[{"href":"https:\/\/www.bynaldis-shop.com\/index.php?rest_route=\/wp\/v2\/product"}],"about":[{"href":"https:\/\/www.bynaldis-shop.com\/index.php?rest_route=\/wp\/v2\/types\/product"}],"wp:featuredmedia":[{"embeddable":true,"href":"https:\/\/www.bynaldis-shop.com\/index.php?rest_route=\/wp\/v2\/media\/11084"}],"wp:attachment":[{"href":"https:\/\/www.bynaldis-shop.com\/index.php?rest_route=%2Fwp%2Fv2%2Fmedia&parent=11083"}],"wp:term":[{"taxonomy":"product_brand","embeddable":true,"href":"https:\/\/www.bynaldis-shop.com\/index.php?rest_route=%2Fwp%2Fv2%2Fproduct_brand&post=11083"},{"taxonomy":"product_cat","embeddable":true,"href":"https:\/\/www.bynaldis-shop.com\/index.php?rest_route=%2Fwp%2Fv2%2Fproduct_cat&post=11083"},{"taxonomy":"product_tag","embeddable":true,"href":"https:\/\/www.bynaldis-shop.com\/index.php?rest_route=%2Fwp%2Fv2%2Fproduct_tag&post=11083"}],"curies":[{"name":"wp","href":"https:\/\/api.w.org\/{rel}","templated":true}]}}