{"id":11078,"date":"2026-03-26T10:15:17","date_gmt":"2026-03-26T09:15:17","guid":{"rendered":"https:\/\/www.bynaldis-shop.com\/?post_type=product&#038;p=11078"},"modified":"2026-04-12T13:12:01","modified_gmt":"2026-04-12T11:12:01","slug":"yogi-tea-happy-nature","status":"publish","type":"product","link":"https:\/\/www.bynaldis-shop.com\/?product=yogi-tea-happy-nature","title":{"rendered":"Yogi Tea\u00ae &#8211; Happy Nature"},"content":{"rendered":"<div>\n<div class=\"product-detail-price-container\">\n<ul class=\"product-detail-usps\">\n<li>Leckere Teemischung mit Mango, Apfel und Hibiskus<\/li>\n<li>Entspannen, Genie\u00dfen und dabei Gutes tun<\/li>\n<li>Nach ayurvedischem Wissen zusammengestellt<\/li>\n<\/ul>\n<\/div>\n<\/div>\n<p>Be good. Do good. Das sagt YOGI TEA\u00ae \u00fcber seinen Happy Nature Tee nach ayurvedischem Vorbild. Denn dieser\u00a0<strong>s\u00fc\u00df-exotische Tee<\/strong>\u00a0verspricht mehr als nur eine entspannt-fr\u00f6hliche Geschmackskomposition mit seiner Aromenvielfalt aus\u00a0<strong>fruchtiger Mango, Apfel und Hibiskus, warmer Vanille und einem Hauch S\u00fc\u00dfe durch Zimt, S\u00fc\u00dfholz und Kakaoschalen.<\/strong><\/p>\n<p>Er beinhaltet auch einige Zutaten, die heimisch sind in Madagaskar \u2013 einem Land, welches weltweit leider ganz vorn steht, wenn es um das Thema Abholzung geht. Und so erh\u00e4lt jeder Teeliebhaber mit diesem YOGI TEA\u00ae nicht nur einen wohlmundenden Eindruck aus der Geschmackswelt Madagaskars \u2013 nein, er\u00a0<strong>unterst\u00fctzt damit auch die Partnerorganisation<\/strong>\u00a0von YOGI TEA\u00ae, JACARANDAS. Welche sich f\u00fcr\u00a0<strong>faire Anbaubedingungen vor Ort und f\u00fcr Wiederaufforstungsprogramme<\/strong>\u00a0einsetzt. So sind wir als K\u00e4ufer gl\u00fccklich und die Natur vor Ort auch. Eben Happy Nature. So kann jeder Schluck f\u00fcr Schluck Gutes tun.<\/p>\n<p><strong>Zubereitung:\u00a0<\/strong>\u00dcbergie\u00dfen Sie den Teebeutel mit 250 ml kochendem Wasser und lassen ihn f\u00fcr etwa 7 Minuten ziehen.<\/p>\n<p>&nbsp;<\/p>\n","protected":false},"excerpt":{"rendered":"<p>Leckere Teemischung mit Mango, Apfel und Hibiskus Entspannen, Genie\u00dfen und dabei Gutes tun Nach ayurvedischem Wissen zusammengestellt Be good. Do good. Das sagt YOGI TEA\u00ae \u00fcber seinen Happy Nature Tee nach ayurvedischem Vorbild. Denn dieser\u00a0s\u00fc\u00df-exotische Tee\u00a0verspricht mehr als nur eine entspannt-fr\u00f6hliche Geschmackskomposition mit seiner Aromenvielfalt aus\u00a0fruchtiger Mango, Apfel und Hibiskus, warmer Vanille und einem Hauch [&hellip;]<\/p>\n<p><a class=\"read-more\" href=\"https:\/\/www.bynaldis-shop.com\/?product=yogi-tea-happy-nature\">Mehr lesen<span class=\"meta-nav\">&rarr;<\/span><\/a><\/p>\n","protected":false},"featured_media":11079,"template":"","meta":[],"product_brand":[],"product_cat":[253,367],"product_tag":[],"class_list":{"0":"post-11078","1":"product","2":"type-product","3":"status-publish","4":"has-post-thumbnail","6":"product_cat-neu","7":"product_cat-yogi-tea","9":"first","10":"instock","11":"taxable","12":"shipping-taxable","13":"purchasable","14":"product-type-simple"},"_links":{"self":[{"href":"https:\/\/www.bynaldis-shop.com\/index.php?rest_route=\/wp\/v2\/product\/11078","targetHints":{"allow":["GET"]}}],"collection":[{"href":"https:\/\/www.bynaldis-shop.com\/index.php?rest_route=\/wp\/v2\/product"}],"about":[{"href":"https:\/\/www.bynaldis-shop.com\/index.php?rest_route=\/wp\/v2\/types\/product"}],"wp:featuredmedia":[{"embeddable":true,"href":"https:\/\/www.bynaldis-shop.com\/index.php?rest_route=\/wp\/v2\/media\/11079"}],"wp:attachment":[{"href":"https:\/\/www.bynaldis-shop.com\/index.php?rest_route=%2Fwp%2Fv2%2Fmedia&parent=11078"}],"wp:term":[{"taxonomy":"product_brand","embeddable":true,"href":"https:\/\/www.bynaldis-shop.com\/index.php?rest_route=%2Fwp%2Fv2%2Fproduct_brand&post=11078"},{"taxonomy":"product_cat","embeddable":true,"href":"https:\/\/www.bynaldis-shop.com\/index.php?rest_route=%2Fwp%2Fv2%2Fproduct_cat&post=11078"},{"taxonomy":"product_tag","embeddable":true,"href":"https:\/\/www.bynaldis-shop.com\/index.php?rest_route=%2Fwp%2Fv2%2Fproduct_tag&post=11078"}],"curies":[{"name":"wp","href":"https:\/\/api.w.org\/{rel}","templated":true}]}}