{"id":11073,"date":"2026-03-26T10:00:57","date_gmt":"2026-03-26T09:00:57","guid":{"rendered":"https:\/\/www.bynaldis-shop.com\/?post_type=product&#038;p=11073"},"modified":"2026-04-12T13:12:40","modified_gmt":"2026-04-12T11:12:40","slug":"yogi-tea-classic","status":"publish","type":"product","link":"https:\/\/www.bynaldis-shop.com\/?product=yogi-tea-classic","title":{"rendered":"Yogi Tea\u00ae &#8211; Basische Kr\u00e4uter"},"content":{"rendered":"<p>In der heutigen, schnelllebigen Zeit ist es nicht immer leicht, sich ausgewogen und basisch zu ern\u00e4hren \u2013 ist doch\u00a0<strong>ein achtsamer Umgang mit sich<\/strong>\u00a0wichtig. Der Genuss dieser basischen Kr\u00e4utertee-Komposition mit dem Besten aus der Natur l\u00e4sst uns unsere innere Balance wiederfinden.\u00a0<strong>Wunderbare, milde Kr\u00e4uter wie Hafergras sowie duftender Lavendel<\/strong>\u00a0verleihen dem Tee eine ganz besondere Note. So schmeckt ein Tee, von dem man gerne eine Tasse mehr trinkt.<\/p>\n<p>Kaum eine Marke hat die Tradition des\u00a0<strong>ayurvedischen Lebensstils<\/strong>\u00a0so sehr mit ihren Produkten verkn\u00fcpft wie YOGI TEA\u00ae. Sie kombinieren ganz bewusst nachhaltig angebaute Kr\u00e4uter, Fr\u00fcchte und (Tee-)Bl\u00e4tter zu Tee, der die Seele und den K\u00f6rper wieder in Balance bringen soll. Die perfekte Qualit\u00e4t der Inhaltsstoffe und des Produktes steht immer an oberster Stelle. Dazu achten sie auf sorgf\u00e4ltig ausgew\u00e4hlte Lieferanten, einen m\u00f6glichst geringen \u00f6kologischen Fu\u00dfabdruck sowie regelm\u00e4\u00dfige, strenge Tests. Entdecken Sie\u00a0<strong>Ihre Lieblingssorten<\/strong>\u00a0in unserem YOGI-TEA\u00ae-Sortiment: Von\u00a0<strong>Fr\u00fcchte- und Kr\u00e4utertee<\/strong>-Kompositionen. Und sollte deine Lieblingssorte einmal nicht dabei sein, dann schreib uns gern und wir bestellen Sie f\u00fcr Dich.<\/p>\n<p><strong>Zubereitung:<\/strong>\u00a0\u00dcbergie\u00dfen Sie den Teebeutel mit 300 ml kochendem Wasser und lassen ihn f\u00fcr etwa 4 &#8211; 6 Minuten ziehen (l\u00e4nger f\u00fcr einen st\u00e4rkeren Geschmack).<\/p>\n","protected":false},"excerpt":{"rendered":"<p>In der heutigen, schnelllebigen Zeit ist es nicht immer leicht, sich ausgewogen und basisch zu ern\u00e4hren \u2013 ist doch\u00a0ein achtsamer Umgang mit sich\u00a0wichtig. Der Genuss dieser basischen Kr\u00e4utertee-Komposition mit dem Besten aus der Natur l\u00e4sst uns unsere innere Balance wiederfinden.\u00a0Wunderbare, milde Kr\u00e4uter wie Hafergras sowie duftender Lavendel\u00a0verleihen dem Tee eine ganz besondere Note. So schmeckt [&hellip;]<\/p>\n<p><a class=\"read-more\" href=\"https:\/\/www.bynaldis-shop.com\/?product=yogi-tea-classic\">Mehr lesen<span class=\"meta-nav\">&rarr;<\/span><\/a><\/p>\n","protected":false},"featured_media":11075,"template":"","meta":[],"product_brand":[],"product_cat":[253,367],"product_tag":[],"class_list":{"0":"post-11073","1":"product","2":"type-product","3":"status-publish","4":"has-post-thumbnail","6":"product_cat-neu","7":"product_cat-yogi-tea","9":"first","10":"instock","11":"taxable","12":"shipping-taxable","13":"purchasable","14":"product-type-simple"},"_links":{"self":[{"href":"https:\/\/www.bynaldis-shop.com\/index.php?rest_route=\/wp\/v2\/product\/11073","targetHints":{"allow":["GET"]}}],"collection":[{"href":"https:\/\/www.bynaldis-shop.com\/index.php?rest_route=\/wp\/v2\/product"}],"about":[{"href":"https:\/\/www.bynaldis-shop.com\/index.php?rest_route=\/wp\/v2\/types\/product"}],"wp:featuredmedia":[{"embeddable":true,"href":"https:\/\/www.bynaldis-shop.com\/index.php?rest_route=\/wp\/v2\/media\/11075"}],"wp:attachment":[{"href":"https:\/\/www.bynaldis-shop.com\/index.php?rest_route=%2Fwp%2Fv2%2Fmedia&parent=11073"}],"wp:term":[{"taxonomy":"product_brand","embeddable":true,"href":"https:\/\/www.bynaldis-shop.com\/index.php?rest_route=%2Fwp%2Fv2%2Fproduct_brand&post=11073"},{"taxonomy":"product_cat","embeddable":true,"href":"https:\/\/www.bynaldis-shop.com\/index.php?rest_route=%2Fwp%2Fv2%2Fproduct_cat&post=11073"},{"taxonomy":"product_tag","embeddable":true,"href":"https:\/\/www.bynaldis-shop.com\/index.php?rest_route=%2Fwp%2Fv2%2Fproduct_tag&post=11073"}],"curies":[{"name":"wp","href":"https:\/\/api.w.org\/{rel}","templated":true}]}}