{"id":10934,"date":"2026-02-05T16:48:12","date_gmt":"2026-02-05T15:48:12","guid":{"rendered":"https:\/\/www.bynaldis-shop.com\/?post_type=product&#038;p=10934"},"modified":"2026-05-06T10:56:13","modified_gmt":"2026-05-06T08:56:13","slug":"serviette-maus-1","status":"publish","type":"product","link":"https:\/\/www.bynaldis-shop.com\/?product=serviette-maus-1","title":{"rendered":"Serviette Maus 1"},"content":{"rendered":"<p>Servietten Clara bestehen aus recyceltem Papier und tragen das FSC-Recycelt-Zertifikat. Das quadratische Format mit 16, 5 cm Seitenl\u00e4nge und dreilagiger Ausf\u00fchrung sorgt f\u00fcr Stabilit\u00e4t. Das rundum bedruckte mehrfarbige Weihnachtsmotiv mit Engel in Cremewei\u00df, Gold und Gr\u00fcn setzt optische Akzente. Die Produktion erfolgt in Europa.<\/p>\n","protected":false},"excerpt":{"rendered":"<p>Servietten Clara bestehen aus recyceltem Papier und tragen das FSC-Recycelt-Zertifikat. Das quadratische Format mit 16, 5 cm Seitenl\u00e4nge und dreilagiger Ausf\u00fchrung sorgt f\u00fcr Stabilit\u00e4t. Das rundum bedruckte mehrfarbige Weihnachtsmotiv mit Engel in Cremewei\u00df, Gold und Gr\u00fcn setzt optische Akzente. Die Produktion erfolgt in Europa.<\/p>\n<p><a class=\"read-more\" href=\"https:\/\/www.bynaldis-shop.com\/?product=serviette-maus-1\">Mehr lesen<span class=\"meta-nav\">&rarr;<\/span><\/a><\/p>\n","protected":false},"featured_media":10935,"template":"","meta":[],"product_brand":[],"product_cat":[268],"product_tag":[],"class_list":{"0":"post-10934","1":"product","2":"type-product","3":"status-publish","4":"has-post-thumbnail","6":"product_cat-demnaechst-lieferbar","8":"first","9":"instock","10":"taxable","11":"shipping-taxable","12":"purchasable","13":"product-type-simple"},"_links":{"self":[{"href":"https:\/\/www.bynaldis-shop.com\/index.php?rest_route=\/wp\/v2\/product\/10934","targetHints":{"allow":["GET"]}}],"collection":[{"href":"https:\/\/www.bynaldis-shop.com\/index.php?rest_route=\/wp\/v2\/product"}],"about":[{"href":"https:\/\/www.bynaldis-shop.com\/index.php?rest_route=\/wp\/v2\/types\/product"}],"wp:featuredmedia":[{"embeddable":true,"href":"https:\/\/www.bynaldis-shop.com\/index.php?rest_route=\/wp\/v2\/media\/10935"}],"wp:attachment":[{"href":"https:\/\/www.bynaldis-shop.com\/index.php?rest_route=%2Fwp%2Fv2%2Fmedia&parent=10934"}],"wp:term":[{"taxonomy":"product_brand","embeddable":true,"href":"https:\/\/www.bynaldis-shop.com\/index.php?rest_route=%2Fwp%2Fv2%2Fproduct_brand&post=10934"},{"taxonomy":"product_cat","embeddable":true,"href":"https:\/\/www.bynaldis-shop.com\/index.php?rest_route=%2Fwp%2Fv2%2Fproduct_cat&post=10934"},{"taxonomy":"product_tag","embeddable":true,"href":"https:\/\/www.bynaldis-shop.com\/index.php?rest_route=%2Fwp%2Fv2%2Fproduct_tag&post=10934"}],"curies":[{"name":"wp","href":"https:\/\/api.w.org\/{rel}","templated":true}]}}